{"id":735,"date":"2011-06-23T18:39:14","date_gmt":"2011-06-23T18:39:14","guid":{"rendered":"http:\/\/wpthemetestdata.wordpress.com\/?page_id=735"},"modified":"2017-05-07T11:17:29","modified_gmt":"2017-05-07T11:17:29","slug":"page-b","status":"publish","type":"page","link":"https:\/\/www.celtic-concerts-sessions.ch\/news\/konzertarchiv\/page-b\/","title":{"rendered":"Celtic Spring Caravan"},"content":{"rendered":"<p><strong>Freitag, 18.3.2016<\/strong><\/p>\n<p>Celtic Umbrella: Gillian Boucher &#038; Mary Beth Carty (CAN)<br \/>\nFrank Kilkelly, Tony Trundle &#038; Dermont Byrne (IRL)<br \/>\nTiarnan \u00d3 Duinnchinn, Brendan Begley &#038; Laoise Kelly (IRL)<\/p>\n<p>Konzert: 20:30<br \/>\nT\u00fcr\u00f6ffnung und Session ab 19:30<\/p>\n<p>Das Festival \u00abCeltic Spring Caravan\u00bb bringt Jahr f\u00fcr Jahr hervorragende Celtic-Musiker in den deutschsprachigen Raum. Dieses Jahr endlich auch nach Winterthur! Gleich drei hochklassige und aufregende Ensembles werden im Rahmen von CELTIC auf der B\u00fchne stehen und uns zeigen, wieso wir uns um die lebendige, quirlige Celtic-Musikszene keine Sorgen machen m\u00fcssen.<\/p>\n<p><strong>Gillian Boucher<\/strong> darf getrost eine \u00abTeufelsgeigerin\u00bb genannt werden. Was Boucher auf der Fiddle zeigt, grenzt an Magie. Begleitet wird sie von Mary Beth Carty an Akkordeon und Gitarre. Zusammen nennen sie sich Celtic Umbrella und bieten ein Feuerwerk an Musik und Stepptanz.<\/p>\n<p><strong>Dermont Byrne<\/strong> war fast 20 Jahre lang Akkordeonist der legend\u00e4ren Band Altan. Nun hat er sich mit dem Fiddler und S\u00e4nger Tony Trundle und dem Gitarristen Frank Kilkelly zusammengetan und begeistert in dieser Besetzung die irische Musikszene.<br \/>\n<strong>Laoise Kelly<\/strong> gilt als die beste und meistbesch\u00e4ftigste Harfenspielerin Irlands. Auf der Celtic-Spring-Caravan-Tour wird sie zusammen mit dem jungen Uillean-Piper Tiarnan \u00d3 Duinnchinn und dem grossartigen Akkordeonisten Brendan Begley auftreten und m\u00e4chtig f\u00fcr Aufsehen sorgen.<\/p>\n<div class=\"jetpack-video-wrapper\"><iframe loading=\"lazy\" width=\"840\" height=\"473\" src=\"https:\/\/www.youtube.com\/embed\/t3jOdiUBjUQ?feature=oembed\" frameborder=\"0\" allowfullscreen><\/iframe><\/div>\n<p>Was w\u00e4re ein Celtic-Abend ohne Session? Wir verwandeln die Alte Kaserne in ein Pub und lassen unsere Session-Musiker vor und nach dem Konzert musizieren. Jede und jeder darf mitspielen.<br \/>\nAlso: Fiddle &amp; Co. eingepackt und los geht\u2019s!<br \/>\nFragen zu den Sessions? Meldet euch bitte direkt bei Rose: info@irishevents.ch<br \/>\nTickets kaufen im Vorverkauf bei <a href=\"https:\/\/www.starticket.ch\/de\/tickets\/celtic-spring-caravan-20160318-2030-alte-kaserne-winterthur\" target=\"_blank\">Starticket<\/a>.<\/p>\n<p><a href=\"http:\/\/www.weltenklang.at\/artists\/detail\/artikel\/16th_Guinness_Celtic_Spring_Caravan_2016.html\" target=\"_blank\">www.weltenklang.at\/artists\/detail\/artikel\/16th_Guinness_Celtic_Spring_Caravan_2016.html<br \/>\n<\/a><a href=\"http:\/\/www.gillian-boucher.com\" target=\"_blank\">www.gillian-boucher.com<br \/>\n<\/a><a href=\"http:\/\/www.gillian-boucher.com\/about\/mary-beth-carty-gillian-boucher\" target=\"_blank\">www.gillian-boucher.com\/about\/mary-beth-carty-gillian-boucher<br \/>\n<\/a><a href=\"http:\/\/www.facebook.com\/Gillian-Boucher-23412149291\" target=\"_blank\">www.facebook.com\/Gillian-Boucher-23412149291<br \/>\n<\/a><a href=\"http:\/\/www.marybethdescene.com\" target=\"_blank\">www.marybethdescene.com<br \/>\n<\/a><a href=\"http:\/\/www.facebook.com\/marybethdescene\" target=\"_blank\">www.facebook.com\/marybethdescene<\/a><\/p>\n","protected":false},"excerpt":{"rendered":"<p>Freitag, 18.3.2016 Celtic Umbrella: Gillian Boucher &#038; Mary Beth Carty (CAN) Frank Kilkelly, Tony Trundle &#038; Dermont Byrne (IRL) Tiarnan \u00d3 Duinnchinn, Brendan Begley &#038; Laoise Kelly (IRL) Konzert: 20:30 T\u00fcr\u00f6ffnung und Session ab 19:30 Das Festival \u00abCeltic Spring Caravan\u00bb bringt Jahr f\u00fcr Jahr hervorragende Celtic-Musiker in den deutschsprachigen Raum. Dieses Jahr endlich auch nach &hellip; <a href=\"https:\/\/www.celtic-concerts-sessions.ch\/news\/konzertarchiv\/page-b\/\" class=\"more-link\"><span class=\"screen-reader-text\">\u201eCeltic Spring Caravan\u201c<\/span> weiterlesen<\/a><\/p>\n","protected":false},"author":2,"featured_media":2579,"parent":2689,"menu_order":2,"comment_status":"closed","ping_status":"closed","template":"","meta":{"jetpack_post_was_ever_published":false,"footnotes":""},"class_list":["post-735","page","type-page","status-publish","has-post-thumbnail","hentry"],"jetpack_sharing_enabled":true,"jetpack_shortlink":"https:\/\/wp.me\/P9oLVZ-bR","jetpack_likes_enabled":true,"jetpack-related-posts":[],"_links":{"self":[{"href":"https:\/\/www.celtic-concerts-sessions.ch\/news\/wp-json\/wp\/v2\/pages\/735","targetHints":{"allow":["GET"]}}],"collection":[{"href":"https:\/\/www.celtic-concerts-sessions.ch\/news\/wp-json\/wp\/v2\/pages"}],"about":[{"href":"https:\/\/www.celtic-concerts-sessions.ch\/news\/wp-json\/wp\/v2\/types\/page"}],"author":[{"embeddable":true,"href":"https:\/\/www.celtic-concerts-sessions.ch\/news\/wp-json\/wp\/v2\/users\/2"}],"replies":[{"embeddable":true,"href":"https:\/\/www.celtic-concerts-sessions.ch\/news\/wp-json\/wp\/v2\/comments?post=735"}],"version-history":[{"count":27,"href":"https:\/\/www.celtic-concerts-sessions.ch\/news\/wp-json\/wp\/v2\/pages\/735\/revisions"}],"predecessor-version":[{"id":2649,"href":"https:\/\/www.celtic-concerts-sessions.ch\/news\/wp-json\/wp\/v2\/pages\/735\/revisions\/2649"}],"up":[{"embeddable":true,"href":"https:\/\/www.celtic-concerts-sessions.ch\/news\/wp-json\/wp\/v2\/pages\/2689"}],"wp:featuredmedia":[{"embeddable":true,"href":"https:\/\/www.celtic-concerts-sessions.ch\/news\/wp-json\/wp\/v2\/media\/2579"}],"wp:attachment":[{"href":"https:\/\/www.celtic-concerts-sessions.ch\/news\/wp-json\/wp\/v2\/media?parent=735"}],"curies":[{"name":"wp","href":"https:\/\/api.w.org\/{rel}","templated":true}]}}