{"id":3791,"date":"2025-08-17T10:24:13","date_gmt":"2025-08-17T10:24:13","guid":{"rendered":"https:\/\/www.celtic-concerts-sessions.ch\/news\/?page_id=3791"},"modified":"2025-08-25T18:26:37","modified_gmt":"2025-08-25T18:26:37","slug":"21-03-2026-young-scots-trad-awards-winner-tour","status":"publish","type":"page","link":"https:\/\/www.celtic-concerts-sessions.ch\/news\/21-03-2026-young-scots-trad-awards-winner-tour\/","title":{"rendered":"21.03.2026 | Young Scots Trad Awards Winner Tour"},"content":{"rendered":"\n<figure class=\"wp-block-image size-large\"><a href=\"https:\/\/i0.wp.com\/www.celtic-concerts-sessions.ch\/news\/wp-content\/uploads\/2025\/08\/2026-03-21-Young-Scots-3-scaled-e1755426008824.jpg?ssl=1\"><img data-recalc-dims=\"1\" loading=\"lazy\" decoding=\"async\" width=\"840\" height=\"756\" data-attachment-id=\"3792\" data-permalink=\"https:\/\/www.celtic-concerts-sessions.ch\/news\/21-03-2026-young-scots-trad-awards-winner-tour\/2026-03-21-young-scots-3\/\" data-orig-file=\"https:\/\/i0.wp.com\/www.celtic-concerts-sessions.ch\/news\/wp-content\/uploads\/2025\/08\/2026-03-21-Young-Scots-3-scaled-e1755426008824.jpg?fit=1690%2C1520&amp;ssl=1\" data-orig-size=\"1690,1520\" data-comments-opened=\"1\" data-image-meta=\"{&quot;aperture&quot;:&quot;0&quot;,&quot;credit&quot;:&quot;&quot;,&quot;camera&quot;:&quot;&quot;,&quot;caption&quot;:&quot;&quot;,&quot;created_timestamp&quot;:&quot;0&quot;,&quot;copyright&quot;:&quot;&quot;,&quot;focal_length&quot;:&quot;0&quot;,&quot;iso&quot;:&quot;0&quot;,&quot;shutter_speed&quot;:&quot;0&quot;,&quot;title&quot;:&quot;&quot;,&quot;orientation&quot;:&quot;0&quot;}\" data-image-title=\"2026-03-21 Young Scots 3\" data-image-description=\"\" data-image-caption=\"\" data-medium-file=\"https:\/\/i0.wp.com\/www.celtic-concerts-sessions.ch\/news\/wp-content\/uploads\/2025\/08\/2026-03-21-Young-Scots-3-scaled-e1755426008824.jpg?fit=300%2C270&amp;ssl=1\" data-large-file=\"https:\/\/i0.wp.com\/www.celtic-concerts-sessions.ch\/news\/wp-content\/uploads\/2025\/08\/2026-03-21-Young-Scots-3-scaled-e1755426008824.jpg?fit=840%2C756&amp;ssl=1\" src=\"https:\/\/i0.wp.com\/www.celtic-concerts-sessions.ch\/news\/wp-content\/uploads\/2025\/08\/2026-03-21-Young-Scots-3-scaled-e1755426008824-1024x921.jpg?resize=840%2C756&#038;ssl=1\" alt=\"\" class=\"wp-image-3792\" srcset=\"https:\/\/i0.wp.com\/www.celtic-concerts-sessions.ch\/news\/wp-content\/uploads\/2025\/08\/2026-03-21-Young-Scots-3-scaled-e1755426008824.jpg?resize=1024%2C921&amp;ssl=1 1024w, https:\/\/i0.wp.com\/www.celtic-concerts-sessions.ch\/news\/wp-content\/uploads\/2025\/08\/2026-03-21-Young-Scots-3-scaled-e1755426008824.jpg?resize=300%2C270&amp;ssl=1 300w, https:\/\/i0.wp.com\/www.celtic-concerts-sessions.ch\/news\/wp-content\/uploads\/2025\/08\/2026-03-21-Young-Scots-3-scaled-e1755426008824.jpg?resize=768%2C691&amp;ssl=1 768w, https:\/\/i0.wp.com\/www.celtic-concerts-sessions.ch\/news\/wp-content\/uploads\/2025\/08\/2026-03-21-Young-Scots-3-scaled-e1755426008824.jpg?resize=1536%2C1381&amp;ssl=1 1536w, https:\/\/i0.wp.com\/www.celtic-concerts-sessions.ch\/news\/wp-content\/uploads\/2025\/08\/2026-03-21-Young-Scots-3-scaled-e1755426008824.jpg?resize=1200%2C1079&amp;ssl=1 1200w, https:\/\/i0.wp.com\/www.celtic-concerts-sessions.ch\/news\/wp-content\/uploads\/2025\/08\/2026-03-21-Young-Scots-3-scaled-e1755426008824.jpg?w=1690&amp;ssl=1 1690w\" sizes=\"auto, (max-width: 709px) 85vw, (max-width: 909px) 67vw, (max-width: 1362px) 62vw, 840px\" \/><\/a><\/figure>\n\n\n\n<p><strong>Samstag, 21.3.2026<\/strong><\/p>\n\n\n\n<p><strong>Alte Kaserne Winterthur<\/strong><\/p>\n\n\n\n<h3 class=\"wp-block-heading\"><strong>Young Scots Trad Awards Winner Tour<\/strong><\/h3>\n\n\n\n<p><strong>Chlo\u00eb Bryce (Gesang)<\/strong><br><strong>Calum McIllroy (Gitarre\/Gesang<\/strong>)<br><strong>Megan MacDonald (Akkordeon<\/strong>)<br><strong>Fionnlagh Mac A&#8217;Phiocar (Dudelsack\/Whistles)<br><\/strong><\/p>\n\n\n\n<p><strong>Vor und nach den Konzerten: Open Irish Session<\/strong><br><br>Konzert: 20:00<br>T\u00fcr\u00f6ffnung und Session ab 19:00<br><br>***<\/p>\n\n\n\n<p><strong>Preise<\/strong>:<br>Vorverkauf: Normalpreis: CHF 39.-\/Legi: CHF 30.-<br>Abendkasse: Normalpreis: CHF 45.-\/Legi: CHF 35.-<br><a href=\"https:\/\/www.seetickets.com\/ch\/event\/saisonpass-2025-2026\/alte-kaserne-winterthur\/3471359\">Saisonpass<\/a>: CHF 160.-<\/p>\n\n\n\n<p>Vorverkauf via <a href=\"https:\/\/www.seetickets.com\/ch\/event\/young-scots-trad-awards-winner-tour\/alte-kaserne-winterthur\/3471273\" data-type=\"link\" data-id=\"https:\/\/www.seetickets.com\/ch\/event\/young-scots-trad-awards-winner-tour\/alte-kaserne-winterthur\/3471273e-scanlon\/alte-kaserne-winterthur\/3471264ours-tour\/alte-kaserne-winterthur\/3470436\" target=\"_blank\" rel=\"noreferrer noopener\">See Tickets<\/a> oder <a href=\"https:\/\/winterthur.com\/de\/shop\/erlebnis-shop.html#\/experience\/TDS00020015771796691\" target=\"_blank\" rel=\"noreferrer noopener\">winterthur.com<\/a><\/p>\n\n\n\n<p>***<br>Die <strong>Young Scots Trad Awards Winner-Tour 2026<\/strong> bringt eine frische Folk-Brise von den Highlands nach Winterthur. Traditionelle Musik ist ein kulturelles Ph\u00e4nomen in Schottland und auf der ganzen Welt, dessen Urspr\u00fcnge sich \u00fcber Tausende von Jahren zur\u00fcckverfolgen lassen. Auch heute noch ist diese Musik so beliebt und kulturell relevant wie eh und je. Neben den allt\u00e4glichen Livekonzerten und gemeinsamen Sing- und Tanzveranstaltungen finden eine Vielzahl an Festivals statt, die zu wahren Besuchermagneten geworden sind<\/p>\n\n\n\n<p>Im vierten Jahr in Folge wird die <strong>Young Scots Trad Awards Winner-Tour<\/strong> diese ph\u00e4nomenalen Preistr\u00e4ger und Finalistinnen in der Schweiz pr\u00e4sentieren. Im Jahr 2026 werden die S\u00e4ngerin <strong>Chlo\u00eb Bryce<\/strong>, der Gitarrist und S\u00e4nger <strong>Calum McIllroy<\/strong>, die Akkordeonistin <strong>Megan MacDonald <\/strong>und der Dudelsackspieler<strong> Fionnlagh Mac A&#8217;Phiocar<\/strong> ihr K\u00f6nnen solo und in Duos pr\u00e4sentieren.<\/p>\n\n\n\n<p>Im zweiten Teil des Programms werden sie gemeinsam die B\u00fchne mit einem Feuerwerk schottischer Virtuosit\u00e4t erbeben lassen. Fans k\u00f6nnen sich auf einen mitreissenden Abend voller traditioneller schottischer Musik freuen, pr\u00e4sentiert von talentierten jungen K\u00fcnstlerinnen und K\u00fcnstlern, die die Zukunft des schottischen Folks massgeblich mitgestalten.<\/p>\n\n\n\n<p><a href=\"http:\/\/www.concert-connections.com\/young-scots-trad-awards-winner-tour-2026\">www.concert-connections.com\/young-scots-trad-awards-winner-tour-2026<\/a><\/p>\n\n\n\n<p><a href=\"http:\/\/www.calummcilroy.com\">www.calummcilroy.com<\/a><\/p>\n\n\n\n<p>***<\/p>\n\n\n\n<p>Was w\u00e4re ein Celtic-Abend ohne Session? Wir verwandeln die Alte Kaserne in ein Pub und lassen unsere Session-Musiker vor und nach dem Konzert musizieren. Jede und jeder darf mitspielen.<br>Also: Fiddle &amp; Co. eingepackt und los geht\u2019s!<br>Fragen zu den Sessions? Meldet euch bitte direkt bei Rose: info@irishevents.ch<\/p>\n\n\n\n<p><\/p>\n","protected":false},"excerpt":{"rendered":"<p>Samstag, 21.3.2026 Alte Kaserne Winterthur Young Scots Trad Awards Winner Tour Chlo\u00eb Bryce (Gesang)Calum McIllroy (Gitarre\/Gesang)Megan MacDonald (Akkordeon)Fionnlagh Mac A&#8217;Phiocar (Dudelsack\/Whistles) Preise:Vorverkauf: Normalpreis: CHF 39.-\/Legi: CHF 30.-Abendkasse: Normalpreis: CHF 45.-\/Legi: CHF 35.-Saisonpass: CHF 160.- Vorverkauf via See Tickets oder winterthur.com ***Die Young Scots Trad Awards Winner-Tour 2026 bringt eine frische Folk-Brise von den Highlands nach &hellip; <a href=\"https:\/\/www.celtic-concerts-sessions.ch\/news\/21-03-2026-young-scots-trad-awards-winner-tour\/\" class=\"more-link\"><span class=\"screen-reader-text\">\u201e21.03.2026 | Young Scots Trad Awards Winner Tour\u201c<\/span> weiterlesen<\/a><\/p>\n","protected":false},"author":1,"featured_media":0,"parent":0,"menu_order":0,"comment_status":"closed","ping_status":"closed","template":"","meta":{"jetpack_post_was_ever_published":false,"footnotes":""},"class_list":["post-3791","page","type-page","status-publish","hentry"],"jetpack_sharing_enabled":true,"jetpack_shortlink":"https:\/\/wp.me\/P9oLVZ-Z9","jetpack_likes_enabled":true,"jetpack-related-posts":[],"_links":{"self":[{"href":"https:\/\/www.celtic-concerts-sessions.ch\/news\/wp-json\/wp\/v2\/pages\/3791","targetHints":{"allow":["GET"]}}],"collection":[{"href":"https:\/\/www.celtic-concerts-sessions.ch\/news\/wp-json\/wp\/v2\/pages"}],"about":[{"href":"https:\/\/www.celtic-concerts-sessions.ch\/news\/wp-json\/wp\/v2\/types\/page"}],"author":[{"embeddable":true,"href":"https:\/\/www.celtic-concerts-sessions.ch\/news\/wp-json\/wp\/v2\/users\/1"}],"replies":[{"embeddable":true,"href":"https:\/\/www.celtic-concerts-sessions.ch\/news\/wp-json\/wp\/v2\/comments?post=3791"}],"version-history":[{"count":3,"href":"https:\/\/www.celtic-concerts-sessions.ch\/news\/wp-json\/wp\/v2\/pages\/3791\/revisions"}],"predecessor-version":[{"id":3831,"href":"https:\/\/www.celtic-concerts-sessions.ch\/news\/wp-json\/wp\/v2\/pages\/3791\/revisions\/3831"}],"wp:attachment":[{"href":"https:\/\/www.celtic-concerts-sessions.ch\/news\/wp-json\/wp\/v2\/media?parent=3791"}],"curies":[{"name":"wp","href":"https:\/\/api.w.org\/{rel}","templated":true}]}}