{"id":3772,"date":"2025-08-17T09:44:57","date_gmt":"2025-08-17T09:44:57","guid":{"rendered":"https:\/\/www.celtic-concerts-sessions.ch\/news\/?page_id=3772"},"modified":"2025-08-25T18:19:50","modified_gmt":"2025-08-25T18:19:50","slug":"07-11-2025-will-pound-jenn-butterworth","status":"publish","type":"page","link":"https:\/\/www.celtic-concerts-sessions.ch\/news\/07-11-2025-will-pound-jenn-butterworth\/","title":{"rendered":"07.11.2025 | Will Pound &amp; Jenn Butterworth"},"content":{"rendered":"\n<figure class=\"wp-block-image size-large\"><a href=\"https:\/\/i0.wp.com\/www.celtic-concerts-sessions.ch\/news\/wp-content\/uploads\/2025\/08\/2025-11-07-Will-Pound-Jenn-Butterworth-Photo-1-scaled.jpg?ssl=1\"><img data-recalc-dims=\"1\" loading=\"lazy\" decoding=\"async\" width=\"840\" height=\"560\" data-attachment-id=\"3773\" data-permalink=\"https:\/\/www.celtic-concerts-sessions.ch\/news\/07-11-2025-will-pound-jenn-butterworth\/2025-11-07-will-pound-jenn-butterworth-photo-1\/\" data-orig-file=\"https:\/\/i0.wp.com\/www.celtic-concerts-sessions.ch\/news\/wp-content\/uploads\/2025\/08\/2025-11-07-Will-Pound-Jenn-Butterworth-Photo-1-scaled.jpg?fit=2560%2C1707&amp;ssl=1\" data-orig-size=\"2560,1707\" data-comments-opened=\"1\" data-image-meta=\"{&quot;aperture&quot;:&quot;2&quot;,&quot;credit&quot;:&quot;&quot;,&quot;camera&quot;:&quot;X-T4&quot;,&quot;caption&quot;:&quot;&quot;,&quot;created_timestamp&quot;:&quot;1658852628&quot;,&quot;copyright&quot;:&quot;&quot;,&quot;focal_length&quot;:&quot;23&quot;,&quot;iso&quot;:&quot;200&quot;,&quot;shutter_speed&quot;:&quot;0.008&quot;,&quot;title&quot;:&quot;&quot;,&quot;orientation&quot;:&quot;0&quot;}\" data-image-title=\"2025-11-07 Will Pound &amp;#038; Jenn Butterworth Photo 1\" data-image-description=\"\" data-image-caption=\"\" data-medium-file=\"https:\/\/i0.wp.com\/www.celtic-concerts-sessions.ch\/news\/wp-content\/uploads\/2025\/08\/2025-11-07-Will-Pound-Jenn-Butterworth-Photo-1-scaled.jpg?fit=300%2C200&amp;ssl=1\" data-large-file=\"https:\/\/i0.wp.com\/www.celtic-concerts-sessions.ch\/news\/wp-content\/uploads\/2025\/08\/2025-11-07-Will-Pound-Jenn-Butterworth-Photo-1-scaled.jpg?fit=840%2C560&amp;ssl=1\" src=\"https:\/\/i0.wp.com\/www.celtic-concerts-sessions.ch\/news\/wp-content\/uploads\/2025\/08\/2025-11-07-Will-Pound-Jenn-Butterworth-Photo-1.jpg?resize=840%2C560&#038;ssl=1\" alt=\"\" class=\"wp-image-3773\" srcset=\"https:\/\/i0.wp.com\/www.celtic-concerts-sessions.ch\/news\/wp-content\/uploads\/2025\/08\/2025-11-07-Will-Pound-Jenn-Butterworth-Photo-1-scaled.jpg?resize=1024%2C683&amp;ssl=1 1024w, https:\/\/i0.wp.com\/www.celtic-concerts-sessions.ch\/news\/wp-content\/uploads\/2025\/08\/2025-11-07-Will-Pound-Jenn-Butterworth-Photo-1-scaled.jpg?resize=300%2C200&amp;ssl=1 300w, https:\/\/i0.wp.com\/www.celtic-concerts-sessions.ch\/news\/wp-content\/uploads\/2025\/08\/2025-11-07-Will-Pound-Jenn-Butterworth-Photo-1-scaled.jpg?resize=768%2C512&amp;ssl=1 768w, https:\/\/i0.wp.com\/www.celtic-concerts-sessions.ch\/news\/wp-content\/uploads\/2025\/08\/2025-11-07-Will-Pound-Jenn-Butterworth-Photo-1-scaled.jpg?resize=1536%2C1024&amp;ssl=1 1536w, https:\/\/i0.wp.com\/www.celtic-concerts-sessions.ch\/news\/wp-content\/uploads\/2025\/08\/2025-11-07-Will-Pound-Jenn-Butterworth-Photo-1-scaled.jpg?resize=2048%2C1365&amp;ssl=1 2048w, https:\/\/i0.wp.com\/www.celtic-concerts-sessions.ch\/news\/wp-content\/uploads\/2025\/08\/2025-11-07-Will-Pound-Jenn-Butterworth-Photo-1-scaled.jpg?resize=1200%2C800&amp;ssl=1 1200w, https:\/\/i0.wp.com\/www.celtic-concerts-sessions.ch\/news\/wp-content\/uploads\/2025\/08\/2025-11-07-Will-Pound-Jenn-Butterworth-Photo-1-scaled.jpg?w=1680&amp;ssl=1 1680w, https:\/\/i0.wp.com\/www.celtic-concerts-sessions.ch\/news\/wp-content\/uploads\/2025\/08\/2025-11-07-Will-Pound-Jenn-Butterworth-Photo-1-scaled.jpg?w=2520&amp;ssl=1 2520w\" sizes=\"auto, (max-width: 709px) 85vw, (max-width: 909px) 67vw, (max-width: 1362px) 62vw, 840px\" \/><\/a><\/figure>\n\n\n\n<p><strong>Freitag, 07.11.2025<\/strong><\/p>\n\n\n\n<p><strong>Bistro Alte Kaserne Winterthur<\/strong><\/p>\n\n\n\n<h3 class=\"wp-block-heading\"><strong>Will Pound &amp; Jenn Butterworth (ENG\/SCO)<\/strong><\/h3>\n\n\n\n<p><strong>Jenn Butterworth <\/strong>(Gitarre\/Gesang)<br><strong>Will Pound<\/strong> (Mundharmonika\/Melodeon)<\/p>\n\n\n\n<p><strong>Das Konzert findet im Bistro der Alten Kaserne statt.<\/strong><br><strong>Session ausnahmsweise nur nach dem Konzert.<\/strong><\/p>\n\n\n\n<p>Konzert: 20:00<br>T\u00fcr\u00f6ffnung: 19:00<\/p>\n\n\n\n<p>Preise: <br>Vorverkauf: Normalpreis: CHF 29.-\/Legi: CHF 20.-\u00a0\u00a0\u00a0\u00a0\u00a0\u00a0\u00a0\u00a0\u00a0 <br>Abendkasse: Normalpreis: CHF 35.-\/Legi: CHF 25.-<br><a href=\"https:\/\/www.seetickets.com\/ch\/event\/saisonpass-2025-2026\/alte-kaserne-winterthur\/3471359\">Saisonpass<\/a>: CHF 160.-<br><br>Vorverkauf via <a href=\"https:\/\/www.seetickets.com\/ch\/event\/will-pound-jenn-butterworth\/alte-kaserne-winterthur\/3471269\" target=\"_blank\" rel=\"noreferrer noopener\">See Tickets<\/a> oder <a href=\"https:\/\/winterthur.com\/de\/shop\/erlebnis-shop.html#\/experience\/TDS00020015802790912\" target=\"_blank\" rel=\"noreferrer noopener\">winterthur.com<\/a><\/p>\n\n\n\n<p>***<br>Das virtuose Duo besteht aus den preisgekr\u00f6nten britischen Folk-K\u00fcnstler:innen <strong>Jenn Butterworth <\/strong>und <strong>Will Pound<\/strong>. Will und Jenn stellen die Musikszene weit \u00fcber die Celtic- und Folk-Grenzen hinaus auf den Kopf.<\/p>\n\n\n\n<p>Die beiden Musiker:innen fanden bei einer Folk-Session im Jahr 2018 zueinander. Kurz darauf ging ihre gemeinsame Musik als virale Internet-Sensation um die Welt.<\/p>\n\n\n\n<p>Ihre Wurzeln liegen in der englischen und schottischen Folk-Musik-Tradition. Sie lassen sich aber auch sehr gerne von Blues, Gypsy Jazz, Klassik und Folk-Traditionen von der ganzen Welt inspirieren.<\/p>\n\n\n\n<p>In ihren Liveshows spielen Will und Jenn ein \u00abmusikalisches Katz-und-Maus-Spiel\u00bb: Sie improvisieren, reagieren aufeinander und verweben dabei virtuose Darbietungen, die brillant und einzigartig sind.<\/p>\n\n\n\n<p><strong>Will Pound<\/strong> ist bei uns kein Unbekannter. Er spielte bereits zweimal in der Alten Kaserne und hinterliessen ein v\u00f6llig begeistertes Publikum. Aber nicht nur das Winterthurer Publikum liebt diesen Musiker. Will Pound ist sogar auf Alben von Paul McCartney und Robbie Williams zu h\u00f6ren.<\/p>\n\n\n\n<p>Was dieser Virtuose aus seiner Mundharmonika holt, ist schlichtweg unglaublich und ersetzt oft ein ganzes Orchester.<\/p>\n\n\n\n<p><strong>Jenn Butterworth<\/strong> ist als eine der weltbesten Vertreterinnen der traditionellen Folk-Gitarre bekannt und eine preisgekr\u00f6nte Musikerin und K\u00fcnstlerin. Sie lebt in Glasgow, Schottland, und ist ein fester Bestandteil der florierenden schottischen traditionellen Musikszene. Sie tritt mit diversen auf und Folk-Gr\u00f6\u00dfen wie Kinnaris Quintet, Fiddlers&#8216; Bid und der Ross Ainslie &amp; Ali Hutton Band auf und ihre Arbeit mit der Folk-Supergruppe Songs of Separation wurde bei den BBC Folk Awards als Album des Jahres ausgezeichnet &#8211; ein Album, an dem eine Reihe von K\u00fcnstlern wie Eliza Carthy, Lady Maisery und Karine Polwart beteiligt waren. Diesen Fr\u00fchling ver\u00f6ffentlichte Jenn Butterworth ihr phantastisches Soloalbum \u00abHer By Design\u00bb.<\/p>\n\n\n\n<figure class=\"wp-block-embed is-type-video is-provider-youtube wp-block-embed-youtube wp-embed-aspect-16-9 wp-has-aspect-ratio\"><div class=\"wp-block-embed__wrapper\">\n<iframe loading=\"lazy\" title=\"Will Pound &amp; Jenn Butterworth - Virtuosic Traditional Music from the UK\" width=\"840\" height=\"473\" src=\"https:\/\/www.youtube.com\/embed\/kgG1tGKJ6ls?feature=oembed\" frameborder=\"0\" allow=\"accelerometer; autoplay; clipboard-write; encrypted-media; gyroscope; picture-in-picture; web-share\" referrerpolicy=\"strict-origin-when-cross-origin\" allowfullscreen><\/iframe>\n<\/div><\/figure>\n\n\n\n<figure class=\"wp-block-embed is-type-video is-provider-youtube wp-block-embed-youtube wp-embed-aspect-16-9 wp-has-aspect-ratio\"><div class=\"wp-block-embed__wrapper\">\n<iframe loading=\"lazy\" title=\"Jenn Butterworth (Scotland) &amp; Will Pound (England)\" width=\"840\" height=\"473\" src=\"https:\/\/www.youtube.com\/embed\/JzfD0mer75E?feature=oembed\" frameborder=\"0\" allow=\"accelerometer; autoplay; clipboard-write; encrypted-media; gyroscope; picture-in-picture; web-share\" referrerpolicy=\"strict-origin-when-cross-origin\" allowfullscreen><\/iframe>\n<\/div><\/figure>\n\n\n\n<p><br><strong>Will Pound<\/strong><\/p>\n\n\n\n<p><a href=\"http:\/\/www.willpound.com\">www.willpound.com<\/a>&nbsp;<\/p>\n\n\n\n<figure class=\"wp-block-embed is-type-video is-provider-youtube wp-block-embed-youtube wp-embed-aspect-16-9 wp-has-aspect-ratio\"><div class=\"wp-block-embed__wrapper\">\n<iframe loading=\"lazy\" title=\"Will Pound and Eddy Jay perform Floating Candle\" width=\"840\" height=\"473\" src=\"https:\/\/www.youtube.com\/embed\/wIok0hqiNpw?feature=oembed\" frameborder=\"0\" allow=\"accelerometer; autoplay; clipboard-write; encrypted-media; gyroscope; picture-in-picture; web-share\" referrerpolicy=\"strict-origin-when-cross-origin\" allowfullscreen><\/iframe>\n<\/div><\/figure>\n\n\n\n<p>&nbsp;&nbsp;<\/p>\n\n\n\n<figure class=\"wp-block-embed is-type-video is-provider-youtube wp-block-embed-youtube wp-embed-aspect-16-9 wp-has-aspect-ratio\"><div class=\"wp-block-embed__wrapper\">\n<iframe loading=\"lazy\" title=\"Amazing Grace - Will Pound &amp; John Parker\" width=\"840\" height=\"473\" src=\"https:\/\/www.youtube.com\/embed\/-Dl-2A1g7f8?feature=oembed\" frameborder=\"0\" allow=\"accelerometer; autoplay; clipboard-write; encrypted-media; gyroscope; picture-in-picture; web-share\" referrerpolicy=\"strict-origin-when-cross-origin\" allowfullscreen><\/iframe>\n<\/div><\/figure>\n\n\n\n<p><strong>Jenn Butterworth<\/strong><\/p>\n\n\n\n<p><a href=\"http:\/\/www.jennbutterworth.co.uk\">www.jennbutterworth.co.uk<\/a><\/p>\n\n\n\n<p><\/p>\n","protected":false},"excerpt":{"rendered":"<p>Freitag, 07.11.2025 Bistro Alte Kaserne Winterthur Will Pound &amp; Jenn Butterworth (ENG\/SCO) Jenn Butterworth (Gitarre\/Gesang)Will Pound (Mundharmonika\/Melodeon) Das Konzert findet im Bistro der Alten Kaserne statt.Session ausnahmsweise nur nach dem Konzert. Konzert: 20:00T\u00fcr\u00f6ffnung: 19:00 Preise: Vorverkauf: Normalpreis: CHF 29.-\/Legi: CHF 20.-\u00a0\u00a0\u00a0\u00a0\u00a0\u00a0\u00a0\u00a0\u00a0 Abendkasse: Normalpreis: CHF 35.-\/Legi: CHF 25.-Saisonpass: CHF 160.- Vorverkauf via See Tickets oder winterthur.com &hellip; <a href=\"https:\/\/www.celtic-concerts-sessions.ch\/news\/07-11-2025-will-pound-jenn-butterworth\/\" class=\"more-link\"><span class=\"screen-reader-text\">\u201e07.11.2025 | Will Pound &amp; Jenn Butterworth\u201c<\/span> weiterlesen<\/a><\/p>\n","protected":false},"author":1,"featured_media":0,"parent":0,"menu_order":0,"comment_status":"closed","ping_status":"closed","template":"","meta":{"jetpack_post_was_ever_published":false,"footnotes":""},"class_list":["post-3772","page","type-page","status-publish","hentry"],"jetpack_sharing_enabled":true,"jetpack_shortlink":"https:\/\/wp.me\/P9oLVZ-YQ","jetpack_likes_enabled":true,"jetpack-related-posts":[],"_links":{"self":[{"href":"https:\/\/www.celtic-concerts-sessions.ch\/news\/wp-json\/wp\/v2\/pages\/3772","targetHints":{"allow":["GET"]}}],"collection":[{"href":"https:\/\/www.celtic-concerts-sessions.ch\/news\/wp-json\/wp\/v2\/pages"}],"about":[{"href":"https:\/\/www.celtic-concerts-sessions.ch\/news\/wp-json\/wp\/v2\/types\/page"}],"author":[{"embeddable":true,"href":"https:\/\/www.celtic-concerts-sessions.ch\/news\/wp-json\/wp\/v2\/users\/1"}],"replies":[{"embeddable":true,"href":"https:\/\/www.celtic-concerts-sessions.ch\/news\/wp-json\/wp\/v2\/comments?post=3772"}],"version-history":[{"count":3,"href":"https:\/\/www.celtic-concerts-sessions.ch\/news\/wp-json\/wp\/v2\/pages\/3772\/revisions"}],"predecessor-version":[{"id":3825,"href":"https:\/\/www.celtic-concerts-sessions.ch\/news\/wp-json\/wp\/v2\/pages\/3772\/revisions\/3825"}],"wp:attachment":[{"href":"https:\/\/www.celtic-concerts-sessions.ch\/news\/wp-json\/wp\/v2\/media?parent=3772"}],"curies":[{"name":"wp","href":"https:\/\/api.w.org\/{rel}","templated":true}]}}