{"id":3593,"date":"2023-07-15T10:01:01","date_gmt":"2023-07-15T10:01:01","guid":{"rendered":"https:\/\/www.celtic-concerts-sessions.ch\/news\/?page_id=3593"},"modified":"2023-11-26T19:05:24","modified_gmt":"2023-11-26T19:05:24","slug":"25-11-2023-irish-christmas","status":"publish","type":"page","link":"https:\/\/www.celtic-concerts-sessions.ch\/news\/25-11-2023-irish-christmas\/","title":{"rendered":"25.11.2023 | Irish Christmas"},"content":{"rendered":"\n<p><\/p>\n\n\n\n<figure class=\"wp-block-image size-full is-resized\"><a href=\"https:\/\/i0.wp.com\/www.celtic-concerts-sessions.ch\/news\/wp-content\/uploads\/2016\/01\/2016-02-26-Shirley-Grimes-Foto-3-1.jpg?ssl=1\"><img data-recalc-dims=\"1\" decoding=\"async\" data-attachment-id=\"2575\" data-permalink=\"https:\/\/www.celtic-concerts-sessions.ch\/news\/konzertarchiv\/shirley-grimes-band\/2016-02-26-shirley-grimes-foto-3-2\/\" data-orig-file=\"https:\/\/i0.wp.com\/www.celtic-concerts-sessions.ch\/news\/wp-content\/uploads\/2016\/01\/2016-02-26-Shirley-Grimes-Foto-3-1.jpg?fit=425%2C283&amp;ssl=1\" data-orig-size=\"425,283\" data-comments-opened=\"1\" data-image-meta=\"{&quot;aperture&quot;:&quot;2.8&quot;,&quot;credit&quot;:&quot;Mark Nolan[post@marknolan.ch]&quot;,&quot;camera&quot;:&quot;Canon EOS 5D Mark III&quot;,&quot;caption&quot;:&quot;&quot;,&quot;created_timestamp&quot;:&quot;1413285711&quot;,&quot;copyright&quot;:&quot;&quot;,&quot;focal_length&quot;:&quot;110&quot;,&quot;iso&quot;:&quot;640&quot;,&quot;shutter_speed&quot;:&quot;0.02&quot;,&quot;title&quot;:&quot;&quot;,&quot;orientation&quot;:&quot;1&quot;}\" data-image-title=\"2016-02-26 Shirley Grimes Foto 3\" data-image-description=\"\" data-image-caption=\"\" data-medium-file=\"https:\/\/i0.wp.com\/www.celtic-concerts-sessions.ch\/news\/wp-content\/uploads\/2016\/01\/2016-02-26-Shirley-Grimes-Foto-3-1.jpg?fit=300%2C200&amp;ssl=1\" data-large-file=\"https:\/\/i0.wp.com\/www.celtic-concerts-sessions.ch\/news\/wp-content\/uploads\/2016\/01\/2016-02-26-Shirley-Grimes-Foto-3-1.jpg?fit=425%2C283&amp;ssl=1\" src=\"https:\/\/i0.wp.com\/www.celtic-concerts-sessions.ch\/news\/wp-content\/uploads\/2016\/01\/2016-02-26-Shirley-Grimes-Foto-3-1.jpg?w=650&#038;ssl=1\" alt=\"\" class=\"wp-image-2575\"  srcset=\"https:\/\/i0.wp.com\/www.celtic-concerts-sessions.ch\/news\/wp-content\/uploads\/2016\/01\/2016-02-26-Shirley-Grimes-Foto-3-1.jpg?w=425&amp;ssl=1 425w, https:\/\/i0.wp.com\/www.celtic-concerts-sessions.ch\/news\/wp-content\/uploads\/2016\/01\/2016-02-26-Shirley-Grimes-Foto-3-1.jpg?resize=300%2C200&amp;ssl=1 300w\" sizes=\"(max-width: 425px) 85vw, 425px\" \/><\/a><\/figure>\n\n\n\n<p><strong>Sa, 25.11.2023<\/strong><\/p>\n\n\n\n<p><strong>Alte Kaserne Winterthur<\/strong><\/p>\n\n\n\n<h3 class=\"wp-block-heading\"><strong>Irish Christmas<\/strong><\/h3>\n\n\n\n<p><strong>Shirley Grimes &amp; Band (IRL\/CH)<br>3 On The Bund (IRL)<\/strong><\/p>\n\n\n\n<p>***<\/p>\n\n\n\n<p><strong>Vor und nach den Konzerten: Open Irish Session<\/strong><br><br>Konzert: 20:00<br>T\u00fcr\u00f6ffnung und Session ab 19:00<br><br>***<\/p>\n\n\n\n<div class=\"wp-block-columns wp-embed-aspect-16-9 wp-has-aspect-ratio is-layout-flex wp-container-core-columns-is-layout-9d6595d7 wp-block-columns-is-layout-flex\">\n<div class=\"wp-block-column is-layout-flow wp-block-column-is-layout-flow\" style=\"flex-basis:100%\">\n<div class=\"wp-block-group\"><div class=\"wp-block-group__inner-container is-layout-flow wp-block-group-is-layout-flow\"><\/div><\/div>\n\n\n\n<p>*Ausverkauft &#8211; Keine Abendkasse!* <\/p>\n<\/div>\n<\/div>\n\n\n\n<p>***<\/p>\n\n\n\n<p>F\u00fcr alle Fans irischer und schottischer Musik beginnen die Festtage bereits am 25. November! Denn dann liegen gleich vier P\u00e4ckli unter dem Celtic-Christmas-Baum \u2013 resp. stehen gleich vier Ensembles auf der B\u00fchne der Alten Kaserne.<br><br>Das <strong>Irish Christmas Festival<\/strong> tourt seit bald 30 Jahren durch Europa und pr\u00e4sentierte die ganze Folk-Prominenz der gr\u00fcnen Insel. Das Line-up ist immer f\u00fcr \u00dcberraschungen gut und \u00fcberzeugt mit einem Mix aus etablierten Gr\u00f6ssen und aufstrebenden K\u00fcnstlerinnen und K\u00fcnstlern.<br><br><strong>Links allgemein:<\/strong><br><a href=\"http:\/\/www.irishchristmas.at\" target=\"_blank\" rel=\"noreferrer noopener\">www.irishchristmas.at<\/a><\/p>\n\n\n\n<p><br><strong>Shirley Grimes<\/strong><br><a href=\"http:\/\/www.shirleygrimes.com\" target=\"_blank\" rel=\"noreferrer noopener\">www.shirleygrimes.com<\/a>&nbsp;&nbsp;&nbsp;&nbsp;&nbsp;&nbsp;&nbsp;<br><a href=\"http:\/\/www.facebook.com\/shirleygrimesmusic\" target=\"_blank\" rel=\"noreferrer noopener\">www.facebook.com\/shirleygrimesmusic<\/a>&nbsp;&nbsp;&nbsp;&nbsp;<\/p>\n\n\n\n<figure class=\"wp-block-embed is-type-video is-provider-youtube wp-block-embed-youtube wp-embed-aspect-16-9 wp-has-aspect-ratio\"><div class=\"wp-block-embed__wrapper\">\n<iframe loading=\"lazy\" title=\"Shirley Grimes - Here I go\" width=\"840\" height=\"473\" src=\"https:\/\/www.youtube.com\/embed\/YI4ltp_BGA4?feature=oembed\" frameborder=\"0\" allow=\"accelerometer; autoplay; clipboard-write; encrypted-media; gyroscope; picture-in-picture; web-share\" referrerpolicy=\"strict-origin-when-cross-origin\" allowfullscreen><\/iframe>\n<\/div><\/figure>\n\n\n\n<figure class=\"wp-block-embed is-type-video is-provider-youtube wp-block-embed-youtube wp-embed-aspect-16-9 wp-has-aspect-ratio\"><div class=\"wp-block-embed__wrapper\">\n<iframe loading=\"lazy\" title=\"Peace, love and understanding\" width=\"840\" height=\"473\" src=\"https:\/\/www.youtube.com\/embed\/tjooT_EtMdM?feature=oembed\" frameborder=\"0\" allow=\"accelerometer; autoplay; clipboard-write; encrypted-media; gyroscope; picture-in-picture; web-share\" referrerpolicy=\"strict-origin-when-cross-origin\" allowfullscreen><\/iframe>\n<\/div><\/figure>\n\n\n\n<figure class=\"wp-block-embed is-type-video is-provider-youtube wp-block-embed-youtube wp-embed-aspect-16-9 wp-has-aspect-ratio\"><div class=\"wp-block-embed__wrapper\">\n<iframe loading=\"lazy\" title=\"The Parting Glass (Traditional)\" width=\"840\" height=\"473\" src=\"https:\/\/www.youtube.com\/embed\/Yc0BTFc8InY?feature=oembed\" frameborder=\"0\" allow=\"accelerometer; autoplay; clipboard-write; encrypted-media; gyroscope; picture-in-picture; web-share\" referrerpolicy=\"strict-origin-when-cross-origin\" allowfullscreen><\/iframe>\n<\/div><\/figure>\n\n\n\n<p><strong>3 On The Bund<br><\/strong><a rel=\"noreferrer noopener\" href=\"http:\/\/www.3onthebund.com\" target=\"_blank\">www.3onthebund.com<\/a><br><a rel=\"noreferrer noopener\" href=\"http:\/\/www.facebook.com\/3ontheBund\" target=\"_blank\">www.facebook.com\/3ontheBund<\/a><\/p>\n\n\n\n<figure class=\"wp-block-embed is-type-video is-provider-youtube wp-block-embed-youtube wp-embed-aspect-16-9 wp-has-aspect-ratio\"><div class=\"wp-block-embed__wrapper\">\n<iframe loading=\"lazy\" title=\"3 on the Bund - Yoricks\" width=\"840\" height=\"473\" src=\"https:\/\/www.youtube.com\/embed\/PGzbcTvktgg?feature=oembed\" frameborder=\"0\" allow=\"accelerometer; autoplay; clipboard-write; encrypted-media; gyroscope; picture-in-picture; web-share\" referrerpolicy=\"strict-origin-when-cross-origin\" allowfullscreen><\/iframe>\n<\/div><\/figure>\n\n\n\n<figure class=\"wp-block-embed is-type-video is-provider-youtube wp-block-embed-youtube wp-embed-aspect-16-9 wp-has-aspect-ratio\"><div class=\"wp-block-embed__wrapper\">\n<iframe loading=\"lazy\" title=\"3 on The Bund   New Year&#039;s Day\" width=\"840\" height=\"473\" src=\"https:\/\/www.youtube.com\/embed\/SgPlMLqFYTs?feature=oembed\" frameborder=\"0\" allow=\"accelerometer; autoplay; clipboard-write; encrypted-media; gyroscope; picture-in-picture; web-share\" referrerpolicy=\"strict-origin-when-cross-origin\" allowfullscreen><\/iframe>\n<\/div><\/figure>\n\n\n\n<figure class=\"wp-block-embed is-type-video is-provider-youtube wp-block-embed-youtube wp-embed-aspect-16-9 wp-has-aspect-ratio\"><div class=\"wp-block-embed__wrapper\">\n<iframe loading=\"lazy\" title=\"3 On The Bund - Singing Stream &amp; Gortavale Rock\" width=\"840\" height=\"473\" src=\"https:\/\/www.youtube.com\/embed\/q95poBlHzww?feature=oembed\" frameborder=\"0\" allow=\"accelerometer; autoplay; clipboard-write; encrypted-media; gyroscope; picture-in-picture; web-share\" referrerpolicy=\"strict-origin-when-cross-origin\" allowfullscreen><\/iframe>\n<\/div><\/figure>\n\n\n\n<figure class=\"wp-block-embed is-type-video is-provider-youtube wp-block-embed-youtube wp-embed-aspect-16-9 wp-has-aspect-ratio\"><div class=\"wp-block-embed__wrapper\">\n<span class=\"embed-youtube\" style=\"text-align:center; display: block;\"><iframe loading=\"lazy\" class=\"youtube-player\" width=\"840\" height=\"473\" src=\"https:\/\/www.youtube.com\/embed\/FO0sKwSck94?version=3&#038;rel=1&#038;showsearch=0&#038;showinfo=1&#038;iv_load_policy=1&#038;fs=1&#038;hl=de-DE&#038;autohide=2&#038;wmode=transparent\" allowfullscreen=\"true\" style=\"border:0;\" sandbox=\"allow-scripts allow-same-origin allow-popups allow-presentation allow-popups-to-escape-sandbox\"><\/iframe><\/span>\n<\/div><\/figure>\n\n\n\n<p>***<\/p>\n\n\n\n<p>Was w\u00e4re ein Celtic-Abend ohne Session? Wir verwandeln die Alte Kaserne in ein Pub und lassen unsere Session-Musiker vor und nach dem Konzert musizieren. Jede und jeder darf mitspielen.<br>Also: Fiddle &amp; Co. eingepackt und los geht\u2019s!<br>Fragen zu den Sessions? Meldet euch bitte direkt bei Rose: info@irishevents.ch<\/p>\n","protected":false},"excerpt":{"rendered":"<p>Sa, 25.11.2023 Alte Kaserne Winterthur Irish Christmas Shirley Grimes &amp; Band (IRL\/CH)3 On The Bund (IRL) *** *Ausverkauft &#8211; Keine Abendkasse!* *** F\u00fcr alle Fans irischer und schottischer Musik beginnen die Festtage bereits am 25. November! Denn dann liegen gleich vier P\u00e4ckli unter dem Celtic-Christmas-Baum \u2013 resp. stehen gleich vier Ensembles auf der B\u00fchne der &hellip; <a href=\"https:\/\/www.celtic-concerts-sessions.ch\/news\/25-11-2023-irish-christmas\/\" class=\"more-link\"><span class=\"screen-reader-text\">\u201e25.11.2023 | Irish Christmas\u201c<\/span> weiterlesen<\/a><\/p>\n","protected":false},"author":1,"featured_media":0,"parent":0,"menu_order":0,"comment_status":"closed","ping_status":"closed","template":"","meta":{"jetpack_post_was_ever_published":false,"footnotes":""},"class_list":["post-3593","page","type-page","status-publish","hentry"],"jetpack_sharing_enabled":true,"jetpack_shortlink":"https:\/\/wp.me\/P9oLVZ-VX","jetpack_likes_enabled":true,"jetpack-related-posts":[],"_links":{"self":[{"href":"https:\/\/www.celtic-concerts-sessions.ch\/news\/wp-json\/wp\/v2\/pages\/3593","targetHints":{"allow":["GET"]}}],"collection":[{"href":"https:\/\/www.celtic-concerts-sessions.ch\/news\/wp-json\/wp\/v2\/pages"}],"about":[{"href":"https:\/\/www.celtic-concerts-sessions.ch\/news\/wp-json\/wp\/v2\/types\/page"}],"author":[{"embeddable":true,"href":"https:\/\/www.celtic-concerts-sessions.ch\/news\/wp-json\/wp\/v2\/users\/1"}],"replies":[{"embeddable":true,"href":"https:\/\/www.celtic-concerts-sessions.ch\/news\/wp-json\/wp\/v2\/comments?post=3593"}],"version-history":[{"count":10,"href":"https:\/\/www.celtic-concerts-sessions.ch\/news\/wp-json\/wp\/v2\/pages\/3593\/revisions"}],"predecessor-version":[{"id":3649,"href":"https:\/\/www.celtic-concerts-sessions.ch\/news\/wp-json\/wp\/v2\/pages\/3593\/revisions\/3649"}],"wp:attachment":[{"href":"https:\/\/www.celtic-concerts-sessions.ch\/news\/wp-json\/wp\/v2\/media?parent=3593"}],"curies":[{"name":"wp","href":"https:\/\/api.w.org\/{rel}","templated":true}]}}