{"id":3507,"date":"2022-07-28T10:49:39","date_gmt":"2022-07-28T10:49:39","guid":{"rendered":"https:\/\/www.celtic-concerts-sessions.ch\/news\/?page_id=3507"},"modified":"2023-02-06T19:57:41","modified_gmt":"2023-02-06T19:57:41","slug":"03-03-2023-celtic-spring","status":"publish","type":"page","link":"https:\/\/www.celtic-concerts-sessions.ch\/news\/03-03-2023-celtic-spring\/","title":{"rendered":"03.03.2023 | Celtic Spring"},"content":{"rendered":"\n<figure class=\"wp-block-image size-large\"><a href=\"https:\/\/i0.wp.com\/www.celtic-concerts-sessions.ch\/news\/wp-content\/uploads\/2022\/07\/2023-03-03-Airboxes-5-web-scaled.jpg?ssl=1\"><img data-recalc-dims=\"1\" loading=\"lazy\" decoding=\"async\" width=\"840\" height=\"561\" data-attachment-id=\"3508\" data-permalink=\"https:\/\/www.celtic-concerts-sessions.ch\/news\/03-03-2023-celtic-spring\/photo-linde-dorenbos-www-lindedorenbos-com-2\/\" data-orig-file=\"https:\/\/i0.wp.com\/www.celtic-concerts-sessions.ch\/news\/wp-content\/uploads\/2022\/07\/2023-03-03-Airboxes-5-web-scaled.jpg?fit=2560%2C1709&amp;ssl=1\" data-orig-size=\"2560,1709\" data-comments-opened=\"1\" data-image-meta=\"{&quot;aperture&quot;:&quot;0&quot;,&quot;credit&quot;:&quot;Linde Dorenbos&quot;,&quot;camera&quot;:&quot;&quot;,&quot;caption&quot;:&quot;Photo: Linde Dorenbos \\\/\\\/ www.lindedorenbos.com&quot;,&quot;created_timestamp&quot;:&quot;1599396068&quot;,&quot;copyright&quot;:&quot;Linde Dorenbos Photography&quot;,&quot;focal_length&quot;:&quot;0&quot;,&quot;iso&quot;:&quot;0&quot;,&quot;shutter_speed&quot;:&quot;0&quot;,&quot;title&quot;:&quot;Photo: Linde Dorenbos \\\/\\\/ www.lindedorenbos.com&quot;,&quot;orientation&quot;:&quot;1&quot;}\" data-image-title=\"Photo: Linde Dorenbos \/\/ www.lindedorenbos.com\" data-image-description=\"\" data-image-caption=\"&lt;p&gt;Photo: Linde Dorenbos \/\/ www.lindedorenbos.com&lt;\/p&gt;\n\" data-medium-file=\"https:\/\/i0.wp.com\/www.celtic-concerts-sessions.ch\/news\/wp-content\/uploads\/2022\/07\/2023-03-03-Airboxes-5-web-scaled.jpg?fit=300%2C200&amp;ssl=1\" data-large-file=\"https:\/\/i0.wp.com\/www.celtic-concerts-sessions.ch\/news\/wp-content\/uploads\/2022\/07\/2023-03-03-Airboxes-5-web-scaled.jpg?fit=840%2C561&amp;ssl=1\" src=\"https:\/\/i0.wp.com\/www.celtic-concerts-sessions.ch\/news\/wp-content\/uploads\/2022\/07\/2023-03-03-Airboxes-5-web.jpg?resize=840%2C561&#038;ssl=1\" alt=\"\" class=\"wp-image-3508\" srcset=\"https:\/\/i0.wp.com\/www.celtic-concerts-sessions.ch\/news\/wp-content\/uploads\/2022\/07\/2023-03-03-Airboxes-5-web-scaled.jpg?resize=1024%2C684&amp;ssl=1 1024w, https:\/\/i0.wp.com\/www.celtic-concerts-sessions.ch\/news\/wp-content\/uploads\/2022\/07\/2023-03-03-Airboxes-5-web-scaled.jpg?resize=300%2C200&amp;ssl=1 300w, https:\/\/i0.wp.com\/www.celtic-concerts-sessions.ch\/news\/wp-content\/uploads\/2022\/07\/2023-03-03-Airboxes-5-web-scaled.jpg?resize=768%2C513&amp;ssl=1 768w, https:\/\/i0.wp.com\/www.celtic-concerts-sessions.ch\/news\/wp-content\/uploads\/2022\/07\/2023-03-03-Airboxes-5-web-scaled.jpg?resize=1536%2C1025&amp;ssl=1 1536w, https:\/\/i0.wp.com\/www.celtic-concerts-sessions.ch\/news\/wp-content\/uploads\/2022\/07\/2023-03-03-Airboxes-5-web-scaled.jpg?resize=2048%2C1367&amp;ssl=1 2048w, https:\/\/i0.wp.com\/www.celtic-concerts-sessions.ch\/news\/wp-content\/uploads\/2022\/07\/2023-03-03-Airboxes-5-web-scaled.jpg?resize=1200%2C801&amp;ssl=1 1200w, https:\/\/i0.wp.com\/www.celtic-concerts-sessions.ch\/news\/wp-content\/uploads\/2022\/07\/2023-03-03-Airboxes-5-web-scaled.jpg?w=1680&amp;ssl=1 1680w, https:\/\/i0.wp.com\/www.celtic-concerts-sessions.ch\/news\/wp-content\/uploads\/2022\/07\/2023-03-03-Airboxes-5-web-scaled.jpg?w=2520&amp;ssl=1 2520w\" sizes=\"auto, (max-width: 709px) 85vw, (max-width: 909px) 67vw, (max-width: 1362px) 62vw, 840px\" \/><\/a><\/figure>\n\n\n\n<p>Freitag, 03.03.2023<\/p>\n\n\n\n<p>Alte Kaserne Winterthur<\/p>\n\n\n\n<h3 class=\"wp-block-heading\"><strong>Celtic Spring<\/strong><\/h3>\n\n\n\n<p><strong>Cairngorm Ceilidh Band (SCO)<\/strong><br><strong>Airboxes (B)<\/strong><\/p>\n\n\n\n<p><strong>Vor und nach den Konzerten: Open Irish Session<\/strong><br><br>Konzert: 20:00<br>T\u00fcr\u00f6ffnung und Session ab 19:00<br><br>***<\/p>\n\n\n\n<div class=\"wp-block-columns is-layout-flex wp-container-core-columns-is-layout-9d6595d7 wp-block-columns-is-layout-flex\">\n<div class=\"wp-block-column is-layout-flow wp-block-column-is-layout-flow\" style=\"flex-basis:100%\">\n<div class=\"wp-block-group\"><div class=\"wp-block-group__inner-container is-layout-flow wp-block-group-is-layout-flow\">\n<p><strong>Preise<\/strong>: <br>Vorverkauf: Normalpreis: CHF 35.-\/Legi: CHF 30.-<br>Abendkasse: Normalpreis: CHF 40.-\/Legi: CHF 35.-<\/p>\n<\/div><\/div>\n<\/div>\n<\/div>\n\n\n\n<p>Vorverkauf via <a href=\"https:\/\/www.starticket.ch\/de\/tickets\/celtic-spring-20230303-2000-alte-kaserne-kulturzentrum-winterthur\" data-type=\"URL\" data-id=\"https:\/\/www.starticket.ch\/de\/tickets\/celtic-spring-20230303-2000-alte-kaserne-kulturzentrum-winterthur\" target=\"_blank\" rel=\"noreferrer noopener\">Starticket<\/a> oder <a href=\"https:\/\/winterthur-tour.showare.ch\/ticketshop\/event\/celtic-concerts-sessions-1391?performance=scottish-colours-9819\" data-type=\"URL\" data-id=\"https:\/\/winterthur-tour.showare.ch\/ticketshop\/event\/celtic-concerts-sessions-1391?performance=scottish-colours-9819\" target=\"_blank\" rel=\"noreferrer noopener\">Ticket Winterthur<\/a><\/p>\n\n\n\n<p>***<\/p>\n\n\n\n<p>Das Festival \u00abCeltic Spring\u00bb bringt Jahr f\u00fcr Jahr hervorragende Celtic-Musikerinnen und -Musiker in den deutschsprachigen Raum. Gleich zwei hochklassige und aufregende Ensembles werden auf der B\u00fchne stehen und uns zeigen, wieso wir uns um die lebendige, quirlige Celtic-Musikszene keine Sorgen machen m\u00fcssen.<\/p>\n\n\n\n<p>Die\u00a0 kulturelle Bandbreite dieser drei grossartigen Musiker:innen der <strong>Cairngorm Ceilidh Band<\/strong> aus den Highlands ist breit gef\u00e4chert und zeigt sich in Projekten wie Afro Celt Soundsystem, Shooglenifty oder The Treacherous Orchestra. Doch mit ihrem aktuellen Trio fr\u00f6nen sie vor allem der traditionellen Ceilidh-Musik, die in Schottland oft an gesellschaftlichen Anl\u00e4ssen und Festen gespielt wird.<\/p>\n\n\n\n<p>Das fl\u00e4mische Akkordeon-Duo <strong>Airboxes<\/strong> ist in Belgien weit \u00fcber die Folk- und Celtic-Szene hinaus bekannt. Unter anderem spielen es an Bal-Folk-Veranstaltungen oft vor weit \u00fcber tausend T\u00e4nzer:innen. Die selbst komponierte Musik ist atmosph\u00e4risch, tanzbar und oft magisch verspielt.<\/p>\n\n\n\n<p><strong><br><\/strong><a href=\"http:\/\/www.weltenklang.at\/artists\/23rd-guinness-celtic-spring\">www.weltenklang.at\/artists\/23rd-guinness-celtic-spring<\/a><\/p>\n\n\n\n<h3 class=\"wp-block-heading\"><strong>Airboxes<\/strong><\/h3>\n\n\n\n<p><a href=\"http:\/\/www.facebook.com\/airboxes\" target=\"_blank\" rel=\"noreferrer noopener\">www.facebook.com\/airboxes<\/a><\/p>\n\n\n\n<figure class=\"wp-block-embed is-type-video is-provider-youtube wp-block-embed-youtube wp-embed-aspect-16-9 wp-has-aspect-ratio\"><div class=\"wp-block-embed__wrapper\">\n<iframe loading=\"lazy\" title=\"Airboxes - Bultkets (official video)\" width=\"840\" height=\"473\" src=\"https:\/\/www.youtube.com\/embed\/a54TFLtsox8?feature=oembed\" frameborder=\"0\" allow=\"accelerometer; autoplay; clipboard-write; encrypted-media; gyroscope; picture-in-picture; web-share\" referrerpolicy=\"strict-origin-when-cross-origin\" allowfullscreen><\/iframe>\n<\/div><\/figure>\n\n\n\n<figure class=\"wp-block-embed is-type-video is-provider-youtube wp-block-embed-youtube wp-embed-aspect-16-9 wp-has-aspect-ratio\"><div class=\"wp-block-embed__wrapper\">\n<iframe loading=\"lazy\" title=\"Airboxes - La vida loca &amp; Tit (Live @ Folkbal Nijmegen)\" width=\"840\" height=\"473\" src=\"https:\/\/www.youtube.com\/embed\/hNItoQvfPao?feature=oembed\" frameborder=\"0\" allow=\"accelerometer; autoplay; clipboard-write; encrypted-media; gyroscope; picture-in-picture; web-share\" referrerpolicy=\"strict-origin-when-cross-origin\" allowfullscreen><\/iframe>\n<\/div><\/figure>\n\n\n\n<figure class=\"wp-block-embed is-type-video is-provider-youtube wp-block-embed-youtube wp-embed-aspect-16-9 wp-has-aspect-ratio\"><div class=\"wp-block-embed__wrapper\">\n<iframe loading=\"lazy\" title=\"Airboxes - La Merveilleuse live @ Cadansa 2019\" width=\"840\" height=\"473\" src=\"https:\/\/www.youtube.com\/embed\/PR_0aSv9qPU?feature=oembed\" frameborder=\"0\" allow=\"accelerometer; autoplay; clipboard-write; encrypted-media; gyroscope; picture-in-picture; web-share\" referrerpolicy=\"strict-origin-when-cross-origin\" allowfullscreen><\/iframe>\n<\/div><\/figure>\n\n\n\n<h3 class=\"wp-block-heading\"><strong>Cairngorm Ceilidh Band<\/strong><\/h3>\n\n\n\n<p><a rel=\"noreferrer noopener\" href=\"http:\/\/www.cairngormmusic.com\" target=\"_blank\">www.cairngormmusic.com<\/a><\/p>\n\n\n\n<p><a href=\"http:\/\/www.facebook.com\/cairngromceilidh\">www.facebook.com\/cairngormceilidh<\/a><\/p>\n\n\n\n<figure class=\"wp-block-embed is-type-video is-provider-youtube wp-block-embed-youtube wp-embed-aspect-16-9 wp-has-aspect-ratio\"><div class=\"wp-block-embed__wrapper\">\n<iframe loading=\"lazy\" title=\"Cairngorm Ceilidh Band\" width=\"840\" height=\"473\" src=\"https:\/\/www.youtube.com\/embed\/kdkE1a90tOA?feature=oembed\" frameborder=\"0\" allow=\"accelerometer; autoplay; clipboard-write; encrypted-media; gyroscope; picture-in-picture; web-share\" referrerpolicy=\"strict-origin-when-cross-origin\" allowfullscreen><\/iframe>\n<\/div><\/figure>\n\n\n\n<p>***<\/p>\n\n\n\n<p>Was w\u00e4re ein Celtic-Abend ohne Session? Wir verwandeln die Alte Kaserne in ein Pub und lassen unsere Session-Musiker vor und nach dem Konzert musizieren. Jede und jeder darf mitspielen.<br>Also: Fiddle &amp; Co. eingepackt und los geht\u2019s!<br>Fragen zu den Sessions? Meldet euch bitte direkt bei Rose: info@irishevents.ch<\/p>\n","protected":false},"excerpt":{"rendered":"<p>Freitag, 03.03.2023 Alte Kaserne Winterthur Celtic Spring Cairngorm Ceilidh Band (SCO)Airboxes (B) Vor und nach den Konzerten: Open Irish Session Konzert: 20:00T\u00fcr\u00f6ffnung und Session ab 19:00 *** Preise: Vorverkauf: Normalpreis: CHF 35.-\/Legi: CHF 30.-Abendkasse: Normalpreis: CHF 40.-\/Legi: CHF 35.- Vorverkauf via Starticket oder Ticket Winterthur *** Das Festival \u00abCeltic Spring\u00bb bringt Jahr f\u00fcr Jahr hervorragende &hellip; <a href=\"https:\/\/www.celtic-concerts-sessions.ch\/news\/03-03-2023-celtic-spring\/\" class=\"more-link\"><span class=\"screen-reader-text\">\u201e03.03.2023 | Celtic Spring\u201c<\/span> weiterlesen<\/a><\/p>\n","protected":false},"author":1,"featured_media":0,"parent":0,"menu_order":0,"comment_status":"closed","ping_status":"closed","template":"","meta":{"jetpack_post_was_ever_published":false,"footnotes":""},"class_list":["post-3507","page","type-page","status-publish","hentry"],"jetpack_sharing_enabled":true,"jetpack_shortlink":"https:\/\/wp.me\/P9oLVZ-Uz","jetpack_likes_enabled":true,"jetpack-related-posts":[],"_links":{"self":[{"href":"https:\/\/www.celtic-concerts-sessions.ch\/news\/wp-json\/wp\/v2\/pages\/3507","targetHints":{"allow":["GET"]}}],"collection":[{"href":"https:\/\/www.celtic-concerts-sessions.ch\/news\/wp-json\/wp\/v2\/pages"}],"about":[{"href":"https:\/\/www.celtic-concerts-sessions.ch\/news\/wp-json\/wp\/v2\/types\/page"}],"author":[{"embeddable":true,"href":"https:\/\/www.celtic-concerts-sessions.ch\/news\/wp-json\/wp\/v2\/users\/1"}],"replies":[{"embeddable":true,"href":"https:\/\/www.celtic-concerts-sessions.ch\/news\/wp-json\/wp\/v2\/comments?post=3507"}],"version-history":[{"count":8,"href":"https:\/\/www.celtic-concerts-sessions.ch\/news\/wp-json\/wp\/v2\/pages\/3507\/revisions"}],"predecessor-version":[{"id":3586,"href":"https:\/\/www.celtic-concerts-sessions.ch\/news\/wp-json\/wp\/v2\/pages\/3507\/revisions\/3586"}],"wp:attachment":[{"href":"https:\/\/www.celtic-concerts-sessions.ch\/news\/wp-json\/wp\/v2\/media?parent=3507"}],"curies":[{"name":"wp","href":"https:\/\/api.w.org\/{rel}","templated":true}]}}