{"id":3372,"date":"2021-09-23T21:07:26","date_gmt":"2021-09-23T21:07:26","guid":{"rendered":"https:\/\/www.celtic-concerts-sessions.ch\/news\/?page_id=3372"},"modified":"2021-11-17T21:28:05","modified_gmt":"2021-11-17T21:28:05","slug":"27-11-2021-irish-christmas","status":"publish","type":"page","link":"https:\/\/www.celtic-concerts-sessions.ch\/news\/27-11-2021-irish-christmas\/","title":{"rendered":"Abgesagt: 27.11.2021 Irish Christmas"},"content":{"rendered":"\n<p>Liebe Besucherinnen und Besucher<\/p>\n\n\n\n<p>Leider muss die ganze Irish-Christmas-Tour abgesagt werden! Aufgrund der sich laufend verschlechternden Corona-Situation in \u00d6sterreich und S\u00fcddeutschland ist eine Durchf\u00fchrung leider nicht mehr m\u00f6glich.<\/p>\n\n\n\n<p>Sollten sich gen\u00fcgend regionale Musikerinnen und Musiker f\u00fcr die Session anmelden, werden wir am 27.11. einfach eine sch\u00f6ne Open Irish Session organisieren \u2013 nat\u00fcrlich mit freiem Eintritt.<\/p>\n\n\n\n<p>Da wir nicht wissen, ob die Tour im Fr\u00fchling oder Sommer nachgeholt werden kann, stehen folgende drei Varianten zur Verf\u00fcgung:<br><br><strong>1 &#8211;\u00a0 Tickets spenden<\/strong><br>Der ganze Erl\u00f6s geht an die Musikerinnen und Musiker und die Agentur, um damit einen Teil der bereits get\u00e4tigten Auslagen (Flug, Reise etc.) decken zu k\u00f6nnen.<\/p>\n\n\n\n<p><strong>2 &#8211; Tickets behalten<\/strong><br>Sie behalten die Tickets und l\u00f6sen diese bei einem m\u00f6glichen Ersatzdatum oder bei Celtic Spring am 4. M\u00e4rz 2022 ein.<\/p>\n\n\n\n<p><strong>3 &#8211; Tickets r\u00fcckerstatten lassen<\/strong><br>Ob dies direkt \u00fcber die Vorverkaufsstelle gemacht werden kann oder \u00fcber uns, kl\u00e4ren wir so schnell wie m\u00f6glich ab und melden uns wieder bei Ihnen.<\/p>\n\n\n\n<p>Bitte melden Sie sich doch per Mail (<a href=\"mailto:celticconcerts@gmail.com\" target=\"_blank\" rel=\"noreferrer noopener\">celticconcerts@gmail.com<\/a>) bei uns und lassen Sie uns wissen, welche Variante Sie bevorzugen. Nat\u00fcrlich sind auch Kombinationen m\u00f6glich.<\/p>\n\n\n\n<p>H\u00f6ren wir bis Ende Dezember nichts von Ihnen, gehen wir davon aus, dass Sie die Tickets spenden.<\/p>\n\n\n\n<p>Vielen Dank f\u00fcr Ihr Verst\u00e4ndnis! Beste Gr\u00fcsse aus Winterthur &amp; bleiben Sie gesund!<br>Team CELTIC und Team Alte Kaserne<\/p>\n\n\n\n<p>(Stand: 17. November 2021) <\/p>\n\n\n\n<figure class=\"wp-block-image size-large\"><a href=\"https:\/\/i0.wp.com\/www.celtic-concerts-sessions.ch\/news\/wp-content\/uploads\/2021\/09\/2021-11-27-The-Alt-3.jpeg?ssl=1\"><img data-recalc-dims=\"1\" loading=\"lazy\" decoding=\"async\" width=\"840\" height=\"595\" data-attachment-id=\"3419\" data-permalink=\"https:\/\/www.celtic-concerts-sessions.ch\/news\/27-11-2021-irish-christmas\/2021-11-27-the-alt-3\/\" data-orig-file=\"https:\/\/i0.wp.com\/www.celtic-concerts-sessions.ch\/news\/wp-content\/uploads\/2021\/09\/2021-11-27-The-Alt-3.jpeg?fit=2436%2C1725&amp;ssl=1\" data-orig-size=\"2436,1725\" data-comments-opened=\"1\" data-image-meta=\"{&quot;aperture&quot;:&quot;3.8&quot;,&quot;credit&quot;:&quot;&quot;,&quot;camera&quot;:&quot;NIKON D60&quot;,&quot;caption&quot;:&quot;&quot;,&quot;created_timestamp&quot;:&quot;1374180682&quot;,&quot;copyright&quot;:&quot;&quot;,&quot;focal_length&quot;:&quot;20&quot;,&quot;iso&quot;:&quot;800&quot;,&quot;shutter_speed&quot;:&quot;0.008&quot;,&quot;title&quot;:&quot;&quot;,&quot;orientation&quot;:&quot;1&quot;}\" data-image-title=\"2021-11-27 The Alt 3\" data-image-description=\"\" data-image-caption=\"\" data-medium-file=\"https:\/\/i0.wp.com\/www.celtic-concerts-sessions.ch\/news\/wp-content\/uploads\/2021\/09\/2021-11-27-The-Alt-3.jpeg?fit=300%2C212&amp;ssl=1\" data-large-file=\"https:\/\/i0.wp.com\/www.celtic-concerts-sessions.ch\/news\/wp-content\/uploads\/2021\/09\/2021-11-27-The-Alt-3.jpeg?fit=840%2C595&amp;ssl=1\" src=\"https:\/\/i0.wp.com\/www.celtic-concerts-sessions.ch\/news\/wp-content\/uploads\/2021\/09\/2021-11-27-The-Alt-3.jpeg?resize=840%2C595&#038;ssl=1\" alt=\"\" class=\"wp-image-3419\" srcset=\"https:\/\/i0.wp.com\/www.celtic-concerts-sessions.ch\/news\/wp-content\/uploads\/2021\/09\/2021-11-27-The-Alt-3.jpeg?resize=1024%2C725&amp;ssl=1 1024w, https:\/\/i0.wp.com\/www.celtic-concerts-sessions.ch\/news\/wp-content\/uploads\/2021\/09\/2021-11-27-The-Alt-3.jpeg?resize=300%2C212&amp;ssl=1 300w, https:\/\/i0.wp.com\/www.celtic-concerts-sessions.ch\/news\/wp-content\/uploads\/2021\/09\/2021-11-27-The-Alt-3.jpeg?resize=768%2C544&amp;ssl=1 768w, https:\/\/i0.wp.com\/www.celtic-concerts-sessions.ch\/news\/wp-content\/uploads\/2021\/09\/2021-11-27-The-Alt-3.jpeg?resize=1536%2C1088&amp;ssl=1 1536w, https:\/\/i0.wp.com\/www.celtic-concerts-sessions.ch\/news\/wp-content\/uploads\/2021\/09\/2021-11-27-The-Alt-3.jpeg?resize=2048%2C1450&amp;ssl=1 2048w, https:\/\/i0.wp.com\/www.celtic-concerts-sessions.ch\/news\/wp-content\/uploads\/2021\/09\/2021-11-27-The-Alt-3.jpeg?resize=1200%2C850&amp;ssl=1 1200w, https:\/\/i0.wp.com\/www.celtic-concerts-sessions.ch\/news\/wp-content\/uploads\/2021\/09\/2021-11-27-The-Alt-3.jpeg?w=1680&amp;ssl=1 1680w\" sizes=\"auto, (max-width: 709px) 85vw, (max-width: 909px) 67vw, (max-width: 1362px) 62vw, 840px\" \/><\/a><\/figure>\n\n\n\n<p>Sa, 27.11.2021<\/p>\n\n\n\n<p>Alte Kaserne Winterthur<\/p>\n\n\n\n<h3 class=\"wp-block-heading\"><strong>Irish Christmas<\/strong><\/h3>\n\n\n\n<p><strong>The Alt &amp; special guest Kevin Burke (IRL)<br><\/strong><strong>The Moynihans (IRL)<\/strong><\/p>\n\n\n\n<p><strong>Buddy MacDonald (CAN)<br>Nic Gareiss (USA) &amp; Ultan O\u2019Brien (IRL)<\/strong><\/p>\n\n\n\n<p><strong>Vor und nach den Konzerten: Open Irish Session<\/strong><\/p>\n\n\n\n<p>Konzert: 20:00<br>T\u00fcr\u00f6ffnung und Session ab 19:00<\/p>\n\n\n\n<p>***<\/p>\n\n\n\n<p><strong>Preise<\/strong>: <br>Vorverkauf: Normalpreis: CHF 35.-\/Legi: CHF 30.-<br>Abendkasse: Normalpreis: CHF 40.-\/Legi: CHF 35.-<\/p>\n\n\n\n<p>Vorverkauf via <a href=\"https:\/\/www.starticket.ch\/de\/tickets\/irish-christmas-20211127-2000-alte-kaserne-kulturzentrum-winterthur\" data-type=\"URL\" data-id=\"https:\/\/www.starticket.ch\/de\/tickets\/irish-christmas-20211127-2000-alte-kaserne-kulturzentrum-winterthur\" target=\"_blank\" rel=\"noreferrer noopener\">Starticket<\/a><a rel=\"noreferrer noopener\" href=\"https:\/\/www.starticket.ch\/de\/tickets\/scottish-colours-20210924-2000-alte-kaserne-kulturzentrum-winterthur\" data-type=\"URL\" data-id=\"https:\/\/www.starticket.ch\/de\/tickets\/scottish-colours-20210924-2000-alte-kaserne-kulturzentrum-winterthur\" target=\"_blank\"> <\/a>oder <a href=\"https:\/\/winterthur-tour.showare.ch\/ticketshop\/event\/celtic-concerts-sessions-1391\" data-type=\"URL\" data-id=\"https:\/\/winterthur-tour.showare.ch\/ticketshop\/event\/celtic-concerts-sessions-1391\" target=\"_blank\" rel=\"noreferrer noopener\">Ticket Winterthur<\/a><\/p>\n\n\n\n<p>***<\/p>\n\n\n\n<p>Das <strong>Irish Christmas Festival<\/strong> tourt seit \u00fcber 25 Jahren durch Europa und pr\u00e4sentierte fast die ganze Folk-Prominenz der gr\u00fcnen Insel. Das Line-up ist immer f\u00fcr \u00dcberraschungen gut und \u00fcberzeugt mit einem Mix aus etablierten Gr\u00f6ssen und aufstrebenden K\u00fcnstlerinnen und K\u00fcnstlern.<\/p>\n\n\n\n<p><strong>Links allgemein:<\/strong><br><a href=\"http:\/\/www.irishchristmas.at\" target=\"_blank\" rel=\"noreferrer noopener\">www.irishchristmas.at<\/a><\/p>\n\n\n\n<p><br><strong>The Alt<\/strong><br><a rel=\"noreferrer noopener\" href=\"http:\/\/www.thealtmusic.com\" target=\"_blank\">www.thealtmusic.com<\/a><br><a rel=\"noreferrer noopener\" href=\"http:\/\/www.facebook.com\/thealtband\" target=\"_blank\">www.facebook.com\/thealtband<\/a>&nbsp;&nbsp;&nbsp;&nbsp;&nbsp;&nbsp;<br><a rel=\"noreferrer noopener\" href=\"http:\/\/www.nualakennedy.com\" target=\"_blank\">www.nualakennedy.com<\/a><br><a rel=\"noreferrer noopener\" href=\"http:\/\/www.johndoylemusic.com\" target=\"_blank\">www.johndoylemusic.com<\/a><br><a rel=\"noreferrer noopener\" href=\"http:\/\/www.eamonoleary.bandcamp.com\" target=\"_blank\">www.eamonoleary.bandcamp.com<\/a>&nbsp;<br><\/p>\n\n\n\n<figure class=\"wp-block-embed is-type-video is-provider-youtube wp-block-embed-youtube wp-embed-aspect-16-9 wp-has-aspect-ratio\"><div class=\"wp-block-embed__wrapper\">\n<iframe loading=\"lazy\" title=\"Alt - John Doyle, Nuala Kennedy &amp; Eamon O&#039;Leary - The Green Gowned Lass, Danger Mouse, Dan Breen&#039;s\" width=\"840\" height=\"473\" src=\"https:\/\/www.youtube.com\/embed\/bVw-7Zlaju8?feature=oembed\" frameborder=\"0\" allow=\"accelerometer; autoplay; clipboard-write; encrypted-media; gyroscope; picture-in-picture; web-share\" referrerpolicy=\"strict-origin-when-cross-origin\" allowfullscreen><\/iframe>\n<\/div><\/figure>\n\n\n\n<figure class=\"wp-block-embed is-type-video is-provider-youtube wp-block-embed-youtube wp-embed-aspect-4-3 wp-has-aspect-ratio\"><div class=\"wp-block-embed__wrapper\">\n<iframe loading=\"lazy\" title=\"04 The Geese In The Bog \/ Covering Ground - The Alt\" width=\"840\" height=\"630\" src=\"https:\/\/www.youtube.com\/embed\/FJO-c_y1IOY?feature=oembed\" frameborder=\"0\" allow=\"accelerometer; autoplay; clipboard-write; encrypted-media; gyroscope; picture-in-picture; web-share\" referrerpolicy=\"strict-origin-when-cross-origin\" allowfullscreen><\/iframe>\n<\/div><\/figure>\n\n\n\n<p><strong>The Moynihans<\/strong><br><a href=\"http:\/\/www.deirdremoynihan.com\/projects\/the-moynihans\" target=\"_blank\" rel=\"noreferrer noopener\">www.deirdremoynihan.com\/projects\/the-moynihans<\/a><\/p>\n\n\n\n<p><strong>Kevin Burke<br><\/strong><a rel=\"noreferrer noopener\" href=\"http:\/\/www.kevinburke.com\" target=\"_blank\">www.kevinburke.com<\/a><br><a rel=\"noreferrer noopener\" href=\"http:\/\/www.facelbook.com\/Kevin-Burke-206701845737\" target=\"_blank\">www.facelbook.com\/Kevin-Burke-206701845737<\/a><\/p>\n\n\n\n<p><strong>Buddy MacDonald<\/strong><br><a href=\"http:\/\/www.buddymacdonald.ca\" target=\"_blank\" rel=\"noreferrer noopener\">www.buddymacdonald.ca<\/a><\/p>\n\n\n\n<p><strong>Nic Gareiss<\/strong><br><a href=\"http:\/\/www.nicgareiss.com\" target=\"_blank\" rel=\"noreferrer noopener\">www.nicgareiss.com<\/a><\/p>\n\n\n\n<p><strong>Ultan O\u2019Brien<br><\/strong><a rel=\"noreferrer noopener\" href=\"http:\/\/www.facebook.com\/ultanmusic\" target=\"_blank\">www.facebook.com\/ultanmusic<\/a>&nbsp;&nbsp;&nbsp;&nbsp;&nbsp;&nbsp;<\/p>\n\n\n\n<p>Was w\u00e4re ein Celtic-Abend ohne Session? Wir verwandeln die Alte Kaserne in ein Pub und lassen unsere Session-Musiker vor und nach dem Konzert musizieren. Jede und jeder darf mitspielen.<br>Also: Fiddle &amp; Co. eingepackt und los geht\u2019s!<br>Fragen zu den Sessions? Meldet euch bitte direkt bei Rose: info@irishevents.ch<\/p>\n","protected":false},"excerpt":{"rendered":"<p>Liebe Besucherinnen und Besucher Leider muss die ganze Irish-Christmas-Tour abgesagt werden! Aufgrund der sich laufend verschlechternden Corona-Situation in \u00d6sterreich und S\u00fcddeutschland ist eine Durchf\u00fchrung leider nicht mehr m\u00f6glich. Sollten sich gen\u00fcgend regionale Musikerinnen und Musiker f\u00fcr die Session anmelden, werden wir am 27.11. einfach eine sch\u00f6ne Open Irish Session organisieren \u2013 nat\u00fcrlich mit freiem Eintritt. &hellip; <a href=\"https:\/\/www.celtic-concerts-sessions.ch\/news\/27-11-2021-irish-christmas\/\" class=\"more-link\"><span class=\"screen-reader-text\">\u201eAbgesagt: 27.11.2021 Irish Christmas\u201c<\/span> weiterlesen<\/a><\/p>\n","protected":false},"author":1,"featured_media":0,"parent":0,"menu_order":0,"comment_status":"closed","ping_status":"closed","template":"","meta":{"jetpack_post_was_ever_published":false,"footnotes":""},"class_list":["post-3372","page","type-page","status-publish","hentry"],"jetpack_sharing_enabled":true,"jetpack_shortlink":"https:\/\/wp.me\/P9oLVZ-So","jetpack_likes_enabled":true,"jetpack-related-posts":[],"_links":{"self":[{"href":"https:\/\/www.celtic-concerts-sessions.ch\/news\/wp-json\/wp\/v2\/pages\/3372","targetHints":{"allow":["GET"]}}],"collection":[{"href":"https:\/\/www.celtic-concerts-sessions.ch\/news\/wp-json\/wp\/v2\/pages"}],"about":[{"href":"https:\/\/www.celtic-concerts-sessions.ch\/news\/wp-json\/wp\/v2\/types\/page"}],"author":[{"embeddable":true,"href":"https:\/\/www.celtic-concerts-sessions.ch\/news\/wp-json\/wp\/v2\/users\/1"}],"replies":[{"embeddable":true,"href":"https:\/\/www.celtic-concerts-sessions.ch\/news\/wp-json\/wp\/v2\/comments?post=3372"}],"version-history":[{"count":11,"href":"https:\/\/www.celtic-concerts-sessions.ch\/news\/wp-json\/wp\/v2\/pages\/3372\/revisions"}],"predecessor-version":[{"id":3434,"href":"https:\/\/www.celtic-concerts-sessions.ch\/news\/wp-json\/wp\/v2\/pages\/3372\/revisions\/3434"}],"wp:attachment":[{"href":"https:\/\/www.celtic-concerts-sessions.ch\/news\/wp-json\/wp\/v2\/media?parent=3372"}],"curies":[{"name":"wp","href":"https:\/\/api.w.org\/{rel}","templated":true}]}}