{"id":3366,"date":"2021-07-13T11:39:54","date_gmt":"2021-07-13T11:39:54","guid":{"rendered":"https:\/\/www.celtic-concerts-sessions.ch\/news\/?page_id=3366"},"modified":"2021-09-13T19:27:12","modified_gmt":"2021-09-13T19:27:12","slug":"24-09-2021-scottish-colours","status":"publish","type":"page","link":"https:\/\/www.celtic-concerts-sessions.ch\/news\/24-09-2021-scottish-colours\/","title":{"rendered":"24.09.2021  Scottish Colours"},"content":{"rendered":"\n<figure class=\"wp-block-image size-large is-resized\"><a href=\"https:\/\/i0.wp.com\/www.celtic-concerts-sessions.ch\/news\/wp-content\/uploads\/2016\/06\/2016-10-20-Cassie-Maggie-1.jpg?ssl=1\"><img data-recalc-dims=\"1\" loading=\"lazy\" decoding=\"async\" data-attachment-id=\"2667\" data-permalink=\"https:\/\/www.celtic-concerts-sessions.ch\/news\/konzertarchiv\/scottish-folk-night\/2016-10-20-cassie-maggie-1\/\" data-orig-file=\"https:\/\/i0.wp.com\/www.celtic-concerts-sessions.ch\/news\/wp-content\/uploads\/2016\/06\/2016-10-20-Cassie-Maggie-1.jpg?fit=2328%2C2968&amp;ssl=1\" data-orig-size=\"2328,2968\" data-comments-opened=\"1\" data-image-meta=\"{&quot;aperture&quot;:&quot;0&quot;,&quot;credit&quot;:&quot;&quot;,&quot;camera&quot;:&quot;&quot;,&quot;caption&quot;:&quot;&quot;,&quot;created_timestamp&quot;:&quot;0&quot;,&quot;copyright&quot;:&quot;&quot;,&quot;focal_length&quot;:&quot;0&quot;,&quot;iso&quot;:&quot;0&quot;,&quot;shutter_speed&quot;:&quot;0&quot;,&quot;title&quot;:&quot;&quot;,&quot;orientation&quot;:&quot;0&quot;}\" data-image-title=\"2016-10-20 Cassie &amp;#038; Maggie 1\" data-image-description=\"\" data-image-caption=\"\" data-medium-file=\"https:\/\/i0.wp.com\/www.celtic-concerts-sessions.ch\/news\/wp-content\/uploads\/2016\/06\/2016-10-20-Cassie-Maggie-1.jpg?fit=235%2C300&amp;ssl=1\" data-large-file=\"https:\/\/i0.wp.com\/www.celtic-concerts-sessions.ch\/news\/wp-content\/uploads\/2016\/06\/2016-10-20-Cassie-Maggie-1.jpg?fit=803%2C1024&amp;ssl=1\" src=\"https:\/\/i0.wp.com\/www.celtic-concerts-sessions.ch\/news\/wp-content\/uploads\/2016\/06\/2016-10-20-Cassie-Maggie-1.jpg?resize=402%2C512&#038;ssl=1\" alt=\"\" class=\"wp-image-2667\" width=\"402\" height=\"512\" srcset=\"https:\/\/i0.wp.com\/www.celtic-concerts-sessions.ch\/news\/wp-content\/uploads\/2016\/06\/2016-10-20-Cassie-Maggie-1.jpg?resize=803%2C1024&amp;ssl=1 803w, https:\/\/i0.wp.com\/www.celtic-concerts-sessions.ch\/news\/wp-content\/uploads\/2016\/06\/2016-10-20-Cassie-Maggie-1.jpg?resize=235%2C300&amp;ssl=1 235w, https:\/\/i0.wp.com\/www.celtic-concerts-sessions.ch\/news\/wp-content\/uploads\/2016\/06\/2016-10-20-Cassie-Maggie-1.jpg?resize=768%2C979&amp;ssl=1 768w, https:\/\/i0.wp.com\/www.celtic-concerts-sessions.ch\/news\/wp-content\/uploads\/2016\/06\/2016-10-20-Cassie-Maggie-1.jpg?resize=1200%2C1530&amp;ssl=1 1200w, https:\/\/i0.wp.com\/www.celtic-concerts-sessions.ch\/news\/wp-content\/uploads\/2016\/06\/2016-10-20-Cassie-Maggie-1.jpg?w=1680&amp;ssl=1 1680w\" sizes=\"auto, (max-width: 402px) 85vw, 402px\" \/><\/a><\/figure>\n\n\n\n<p>Freitag, 24.09.2021<\/p>\n\n\n\n<p>Alte Kaserne Winterthur<\/p>\n\n\n\n<h3 class=\"wp-block-heading\"><strong>Scottish Colours-Tour<\/strong><\/h3>\n\n\n\n<p><strong>Cassie &amp; Maggie MacDonald (CAN)<br>Inn Echo (CAN\/IRL)<\/strong><\/p>\n\n\n\n\n\n<p><strong>Preise<\/strong>: <br>Vorverkauf: Normalpreis: CHF 35.-\/Legi: CHF 30.-<br>Abendkasse: Normalpreis: CHF 40.-\/Legi: CHF 35.-<\/p>\n\n\n\n<p>Vorverkauf via <a href=\"https:\/\/www.starticket.ch\/de\/tickets\/scottish-colours-20210924-2000-alte-kaserne-kulturzentrum-winterthur\" data-type=\"URL\" data-id=\"https:\/\/www.starticket.ch\/de\/tickets\/scottish-colours-20210924-2000-alte-kaserne-kulturzentrum-winterthur\" target=\"_blank\" rel=\"noreferrer noopener\">Starticket <\/a>oder <a rel=\"noreferrer noopener\" href=\"https:\/\/winterthur-tour.showare.ch\/ticketshop\/event\/celtic-concerts-sessions-1391\" target=\"_blank\">Ticket Winterthur<\/a><\/p>\n\n\n\n<p>***<\/p>\n\n\n\n<p>Bunt, kr\u00e4ftig und beeindruckend wie die Farben des Indian Summers im kanadischen Nova Scotia pr\u00e4sentiert sich die musikalische Palette der diesj\u00e4hrigen \u00abScottish Colours-Tour\u00bb.<br><br>Fasten your seatbelt! Was da an Energie, Spielfreude und Virtuosit\u00e4t von der B\u00fchne kommt, ist unglaublich! Mit ihrem meisterlichen Handwerk auf Fiddle, Gitarre und Klavier, mit wundersch\u00f6nen Gesangsharmonien und atemberaubendem Steptanz verzaubern <strong>Cassie &amp; Maggie MacDonald<\/strong> das Publikum rund um den Globus.<\/p>\n\n\n\n<p>Mit Bravour schafft das junge kanadisch-irische Ensemble <strong>Inn Echo<\/strong> den Spagat zwischen traditioneller irisch-schottischer Musik und kanadisch-amerikanischer Roots-Musik. Eine wahre Freude, diesen vier exzellenten Musikerinnen und Musiker live zuzuh\u00f6ren!<\/p>\n\n\n\n<p><strong>Links allgemein:<\/strong><br><a href=\"http:\/\/www.weltenklang.at\/artists\/14th-scottish-colours-tour-2021\" target=\"_blank\" rel=\"noreferrer noopener\">www.weltenklang.at\/artists\/14th-scottish-colours-tour-2021<\/a><\/p>\n\n\n\n<h3 class=\"wp-block-heading\"><strong>Cassie &amp; Maggie MacDonald<\/strong><\/h3>\n\n\n\n<p><a href=\"http:\/\/www.cassieandmaggie.com\" target=\"_blank\" rel=\"noreferrer noopener\">www.cassieandmaggie.com<\/a>&nbsp; <br><a href=\"http:\/\/www.facebook.com\/CassieandMaggie\" target=\"_blank\" rel=\"noreferrer noopener\">www.facebook.com\/CassieandMaggie<\/a><br><\/p>\n\n\n\n<figure class=\"wp-block-embed is-type-video is-provider-youtube wp-block-embed-youtube wp-embed-aspect-16-9 wp-has-aspect-ratio\"><div class=\"wp-block-embed__wrapper\">\n<iframe loading=\"lazy\" title=\"Cassie and Maggie - Waiting for Ellie Mae\" width=\"840\" height=\"473\" src=\"https:\/\/www.youtube.com\/embed\/rNsZxOKl1WY?feature=oembed\" frameborder=\"0\" allow=\"accelerometer; autoplay; clipboard-write; encrypted-media; gyroscope; picture-in-picture; web-share\" referrerpolicy=\"strict-origin-when-cross-origin\" allowfullscreen><\/iframe>\n<\/div><\/figure>\n\n\n\n<figure class=\"wp-block-embed is-type-video is-provider-youtube wp-block-embed-youtube wp-embed-aspect-16-9 wp-has-aspect-ratio\"><div class=\"wp-block-embed__wrapper\">\n<iframe loading=\"lazy\" title=\"Hangman - Cassie and Maggie\" width=\"840\" height=\"473\" src=\"https:\/\/www.youtube.com\/embed\/rv2lqFbcPQc?feature=oembed\" frameborder=\"0\" allow=\"accelerometer; autoplay; clipboard-write; encrypted-media; gyroscope; picture-in-picture; web-share\" referrerpolicy=\"strict-origin-when-cross-origin\" allowfullscreen><\/iframe>\n<\/div><\/figure>\n\n\n\n<figure class=\"wp-block-embed is-type-video is-provider-youtube wp-block-embed-youtube wp-embed-aspect-16-9 wp-has-aspect-ratio\"><div class=\"wp-block-embed__wrapper\">\n<iframe loading=\"lazy\" title=\"Cassie and Maggie - The Opener at Stanfest 2016\" width=\"840\" height=\"473\" src=\"https:\/\/www.youtube.com\/embed\/aymPsyL3WKk?feature=oembed\" frameborder=\"0\" allow=\"accelerometer; autoplay; clipboard-write; encrypted-media; gyroscope; picture-in-picture; web-share\" referrerpolicy=\"strict-origin-when-cross-origin\" allowfullscreen><\/iframe>\n<\/div><\/figure>\n\n\n\n<h3 class=\"wp-block-heading\"><strong>Inn Echo<\/strong><\/h3>\n\n\n\n<p id=\"block-32951750-9f97-46f6-b75c-0e4e729affd9\"><a href=\"http:\/\/www.innechomusic.com\" target=\"_blank\" rel=\"noreferrer noopener\">www.innechomusic.com<\/a><br><a href=\"http:\/\/www.facebook.com\/innechomusic\" target=\"_blank\" rel=\"noreferrer noopener\">www.facebook.com\/innechomusic<\/a><\/p>\n\n\n\n<figure class=\"wp-block-embed is-type-video is-provider-youtube wp-block-embed-youtube wp-embed-aspect-16-9 wp-has-aspect-ratio\"><div class=\"wp-block-embed__wrapper\">\n<iframe loading=\"lazy\" title=\"Inn Echo - Summers With Nan\" width=\"840\" height=\"473\" src=\"https:\/\/www.youtube.com\/embed\/ebg6aO5Uluw?feature=oembed\" frameborder=\"0\" allow=\"accelerometer; autoplay; clipboard-write; encrypted-media; gyroscope; picture-in-picture; web-share\" referrerpolicy=\"strict-origin-when-cross-origin\" allowfullscreen><\/iframe>\n<\/div><\/figure>\n\n\n\n<figure class=\"wp-block-embed is-type-video is-provider-youtube wp-block-embed-youtube wp-embed-aspect-16-9 wp-has-aspect-ratio\"><div class=\"wp-block-embed__wrapper\">\n<iframe loading=\"lazy\" title=\"Inn Echo - In the Nick of Time - 2020 PEI Mutual Festival of Small Halls\" width=\"840\" height=\"473\" src=\"https:\/\/www.youtube.com\/embed\/84LkVTz8qvU?feature=oembed\" frameborder=\"0\" allow=\"accelerometer; autoplay; clipboard-write; encrypted-media; gyroscope; picture-in-picture; web-share\" referrerpolicy=\"strict-origin-when-cross-origin\" allowfullscreen><\/iframe>\n<\/div><\/figure>\n\n\n\n<figure class=\"wp-block-embed is-type-video is-provider-youtube wp-block-embed-youtube wp-embed-aspect-16-9 wp-has-aspect-ratio\"><div class=\"wp-block-embed__wrapper\">\n<iframe loading=\"lazy\" title=\"Inn Echo - Hibbs in the Big City\" width=\"840\" height=\"473\" src=\"https:\/\/www.youtube.com\/embed\/gkbQnsUPng0?feature=oembed\" frameborder=\"0\" allow=\"accelerometer; autoplay; clipboard-write; encrypted-media; gyroscope; picture-in-picture; web-share\" referrerpolicy=\"strict-origin-when-cross-origin\" allowfullscreen><\/iframe>\n<\/div><\/figure>\n\n\n\n<p>***<\/p>\n\n\n\n<p>Was w\u00e4re ein Celtic-Abend ohne Session? Wir verwandeln die Alte Kaserne in ein Pub und lassen unsere Session-Musiker vor und nach dem Konzert musizieren. Jede und jeder darf mitspielen.<br>Also: Fiddle &amp; Co. eingepackt und los geht\u2019s!<br>Fragen zu den Sessions? Meldet euch bitte direkt bei Rose: info@irishevents.ch<\/p>\n","protected":false},"excerpt":{"rendered":"<p>Freitag, 24.09.2021 Alte Kaserne Winterthur Scottish Colours-Tour Cassie &amp; Maggie MacDonald (CAN)Inn Echo (CAN\/IRL) Preise: Vorverkauf: Normalpreis: CHF 35.-\/Legi: CHF 30.-Abendkasse: Normalpreis: CHF 40.-\/Legi: CHF 35.- Vorverkauf via Starticket oder Ticket Winterthur *** Bunt, kr\u00e4ftig und beeindruckend wie die Farben des Indian Summers im kanadischen Nova Scotia pr\u00e4sentiert sich die musikalische Palette der diesj\u00e4hrigen \u00abScottish &hellip; <a href=\"https:\/\/www.celtic-concerts-sessions.ch\/news\/24-09-2021-scottish-colours\/\" class=\"more-link\"><span class=\"screen-reader-text\">\u201e24.09.2021  Scottish Colours\u201c<\/span> weiterlesen<\/a><\/p>\n","protected":false},"author":1,"featured_media":0,"parent":0,"menu_order":0,"comment_status":"closed","ping_status":"closed","template":"","meta":{"jetpack_post_was_ever_published":false,"footnotes":""},"class_list":["post-3366","page","type-page","status-publish","hentry"],"jetpack_sharing_enabled":true,"jetpack_shortlink":"https:\/\/wp.me\/P9oLVZ-Si","jetpack_likes_enabled":true,"jetpack-related-posts":[],"_links":{"self":[{"href":"https:\/\/www.celtic-concerts-sessions.ch\/news\/wp-json\/wp\/v2\/pages\/3366","targetHints":{"allow":["GET"]}}],"collection":[{"href":"https:\/\/www.celtic-concerts-sessions.ch\/news\/wp-json\/wp\/v2\/pages"}],"about":[{"href":"https:\/\/www.celtic-concerts-sessions.ch\/news\/wp-json\/wp\/v2\/types\/page"}],"author":[{"embeddable":true,"href":"https:\/\/www.celtic-concerts-sessions.ch\/news\/wp-json\/wp\/v2\/users\/1"}],"replies":[{"embeddable":true,"href":"https:\/\/www.celtic-concerts-sessions.ch\/news\/wp-json\/wp\/v2\/comments?post=3366"}],"version-history":[{"count":10,"href":"https:\/\/www.celtic-concerts-sessions.ch\/news\/wp-json\/wp\/v2\/pages\/3366\/revisions"}],"predecessor-version":[{"id":3494,"href":"https:\/\/www.celtic-concerts-sessions.ch\/news\/wp-json\/wp\/v2\/pages\/3366\/revisions\/3494"}],"wp:attachment":[{"href":"https:\/\/www.celtic-concerts-sessions.ch\/news\/wp-json\/wp\/v2\/media?parent=3366"}],"curies":[{"name":"wp","href":"https:\/\/api.w.org\/{rel}","templated":true}]}}