{"id":3157,"date":"2019-07-11T22:32:48","date_gmt":"2019-07-11T22:32:48","guid":{"rendered":"https:\/\/www.celtic-concerts-sessions.ch\/news\/?page_id=3157"},"modified":"2020-03-05T17:37:58","modified_gmt":"2020-03-05T17:37:58","slug":"6-03-2020-celtic-spring","status":"publish","type":"page","link":"https:\/\/www.celtic-concerts-sessions.ch\/news\/6-03-2020-celtic-spring\/","title":{"rendered":"6.03.2020 &#8211; Celtic Spring"},"content":{"rendered":"\n<p><\/p>\n\n\n\n<p>***<br><\/p>\n\n\n\n<p><strong>Coronavirus \u2013 aktuelle Situation \u2013 Do, 5.3.2020, 16:00<\/strong><br><br>Liebe Celtic-G\u00e4ste<br><br>Das Konzert vom Fr, 6.3.20 findet statt. Wir k\u00f6nnen die Empfehlungen vom BAG und die Richtlinien der Gesundheitsdirektions des Kantons Z\u00fcrich einhalten.<br><br>Wir bitten aber alle Personen, die Husten, Atembeschwerden oder Fieber haben und\/oder in den letzten 14 Tagen in einem Risikogebiet (China, Iran, S\u00fcdkorea, Singapur, Norditalien) waren, zu Hause zu bleiben.<br><br>Und als allgemeine Bitte:<\/p>\n\n\n\n<ul class=\"wp-block-list\"><li>Immer wieder die H\u00e4nde gut waschen<\/li><li>in ein Nastuch (dieses dann entsorgen) oder in die Armbeuge niesen und husten<\/li><li>keine H\u00e4nde sch\u00fctteln<\/li><\/ul>\n\n\n\n<p>Vielen Dank!<br><br>Wir w\u00fcnschen allen eine gute Gesundheit und viel Vergn\u00fcgen bei Celtic Spring!<\/p>\n\n\n\n<p>Das Celtic-Concerts&amp;Sessions-Team<br><\/p>\n\n\n\n<p><\/p>\n\n\n\n<figure class=\"wp-block-image is-resized\"><a href=\"https:\/\/i0.wp.com\/www.celtic-concerts-sessions.ch\/news\/wp-content\/uploads\/2019\/07\/2020-03-06-The-Conifers-1-.jpg?ssl=1\" target=\"_blank\" rel=\"noreferrer noopener\"><img loading=\"lazy\" decoding=\"async\" data-attachment-id=\"3159\" data-permalink=\"https:\/\/www.celtic-concerts-sessions.ch\/news\/6-03-2020-celtic-spring\/2020-03-06-the-conifers-1\/\" data-orig-file=\"https:\/\/i0.wp.com\/www.celtic-concerts-sessions.ch\/news\/wp-content\/uploads\/2019\/07\/2020-03-06-The-Conifers-1-.jpg?fit=2048%2C1462&amp;ssl=1\" data-orig-size=\"2048,1462\" data-comments-opened=\"1\" data-image-meta=\"{&quot;aperture&quot;:&quot;0&quot;,&quot;credit&quot;:&quot;&quot;,&quot;camera&quot;:&quot;&quot;,&quot;caption&quot;:&quot;&quot;,&quot;created_timestamp&quot;:&quot;0&quot;,&quot;copyright&quot;:&quot;&quot;,&quot;focal_length&quot;:&quot;0&quot;,&quot;iso&quot;:&quot;0&quot;,&quot;shutter_speed&quot;:&quot;0&quot;,&quot;title&quot;:&quot;&quot;,&quot;orientation&quot;:&quot;0&quot;}\" data-image-title=\"2020-03-06-The-Conifers-1-\" data-image-description=\"\" data-image-caption=\"\" data-medium-file=\"https:\/\/i0.wp.com\/www.celtic-concerts-sessions.ch\/news\/wp-content\/uploads\/2019\/07\/2020-03-06-The-Conifers-1-.jpg?fit=300%2C214&amp;ssl=1\" data-large-file=\"https:\/\/i0.wp.com\/www.celtic-concerts-sessions.ch\/news\/wp-content\/uploads\/2019\/07\/2020-03-06-The-Conifers-1-.jpg?fit=840%2C600&amp;ssl=1\" src=\"https:\/\/i2.wp.com\/www.celtic-concerts-sessions.ch\/news\/wp-content\/uploads\/2019\/07\/2020-03-06-The-Conifers-1-.jpg?fit=840%2C600&amp;ssl=1\" alt=\"\" class=\"wp-image-3159\" width=\"630\" height=\"450\" srcset=\"https:\/\/i0.wp.com\/www.celtic-concerts-sessions.ch\/news\/wp-content\/uploads\/2019\/07\/2020-03-06-The-Conifers-1-.jpg?w=2048&amp;ssl=1 2048w, https:\/\/i0.wp.com\/www.celtic-concerts-sessions.ch\/news\/wp-content\/uploads\/2019\/07\/2020-03-06-The-Conifers-1-.jpg?resize=300%2C214&amp;ssl=1 300w, https:\/\/i0.wp.com\/www.celtic-concerts-sessions.ch\/news\/wp-content\/uploads\/2019\/07\/2020-03-06-The-Conifers-1-.jpg?resize=768%2C548&amp;ssl=1 768w, https:\/\/i0.wp.com\/www.celtic-concerts-sessions.ch\/news\/wp-content\/uploads\/2019\/07\/2020-03-06-The-Conifers-1-.jpg?resize=1024%2C731&amp;ssl=1 1024w, https:\/\/i0.wp.com\/www.celtic-concerts-sessions.ch\/news\/wp-content\/uploads\/2019\/07\/2020-03-06-The-Conifers-1-.jpg?resize=1200%2C857&amp;ssl=1 1200w, https:\/\/i0.wp.com\/www.celtic-concerts-sessions.ch\/news\/wp-content\/uploads\/2019\/07\/2020-03-06-The-Conifers-1-.jpg?w=1680&amp;ssl=1 1680w\" sizes=\"auto, (max-width: 630px) 85vw, 630px\" \/><\/a><\/figure>\n\n\n\n<p>Freitag, 6.03.2020<\/p>\n\n\n\n<h3 class=\"wp-block-heading\"><strong>Celtic Spring<\/strong><\/h3>\n\n\n\n<p><strong>The Conifers (IRL)<\/strong><br><strong>Neu: Will Pound &amp; Neil Browning (UK)<\/strong><\/p>\n\n\n\n\n\n<p><strong>Preise<\/strong>: <br>Vorverkauf: Normalpreis: CHF 35.-\/Legi: CHF 30.-<br>Abendkasse: Normalpreis: CHF 40.-\/Legi: CHF 35.-<\/p>\n\n\n\n<p><a rel=\"noreferrer noopener\" aria-label=\" (opens in a new tab)\" href=\"https:\/\/www.starticket.ch\/de\/tickets\/celtic-spring-20200306-2000-alte-kaserne-kulturzentrum-winterthur\" target=\"_blank\">Vorverkauf Starticket<\/a><br>Saisonpass: <a href=\"https:\/\/www.celtic-concerts-sessions.ch\/news\/informationen-saisonpass\/\" target=\"_blank\" rel=\"noreferrer noopener\" aria-label=\" (opens in a new tab)\">Informationen<\/a><\/p>\n\n\n\n<p>***<\/p>\n\n\n\n<p>Das Festival \u00abCeltic Spring\u00bb bringt Jahr f\u00fcr Jahr\nhervorragende Celtic-Musikerinnen und Musiker aus Irland, Schottland und\nEngland in den deutschsprachigen Raum. Nach den letzten drei grossartigen\nKonzertabenden in Winterthur ist die Vorfreude riesig! Gleich zwei hochklassige\nund aufregende Ensembles werden im Rahmen von CELTIC auf der B\u00fchne stehen und\nuns zeigen, wieso wir uns um die lebendige, quirlige Celtic-Musikszene keine Sorgen\nmachen m\u00fcssen.<br>\n<br>\nDie <strong>zwanzigste\nAusgabe<\/strong> der Celtic-Spring-Tour geht zur\u00fcck zu ihren musikalischen Wurzeln\nund pr\u00e4sentiert zwei Ensembles, die sich mit Herz und Seele dem traditionellen\nIrish Folk verschrieben haben.<\/p>\n\n\n\n<p><strong>The Conifers<\/strong> sind eine dieser jungen, virtuosen und energetischen Bands, die dem Old Style Irish Folk frischen Wind verleihen &#8211; und dies ohne Zugest\u00e4ndnisse an moderne Str\u00f6mungen. Irish Folk in seiner pursten und kraftvollsten Form!<\/p>\n\n\n\n<p>Leider mussten Mary Staunton und Jerry Mulvihill aus gesundheitlichen Gr\u00fcnden die ganze Tour absagen. Der \u201eErsatz\u201c l\u00e4sst sicher aber sehen \u2013 und vor allem h\u00f6ren: Es sind keine geringeren als der Mundharmonika-Virtuose <strong>Will Pound<\/strong> und der Multi-Instrumentalist <strong>Neil Browning<\/strong>!<br><strong>Will Pound <\/strong>stellt zurzeit die Musikszene weit \u00fcber die Celtic- und Folk-Grenzen hinaus auf den Kopf. Was dieser Musiker aus der Mundharmonika holt, ist schlichtweg unglaublich.<\/p>\n\n\n\n<p><strong>Will <\/strong>spielte\nbereits zweimal bei uns in der Alten Kaserne und hinterliess ein v\u00f6llig\nbegeistertes Publikum. Aber nicht nur das Winterthurer Publikum liebt diesen\nMusiker. <strong>Will Pound <\/strong>ist sogar auf\nAlben von Paul McCartney und Robbie Williams zu h\u00f6ren.<\/p>\n\n\n\n<p>Wir freuen\nuns auf diese zwei aussergew\u00f6hnlichen Musiker \u2013 und sie freuen sich, endlich\nwieder in Winterthur auftreten zu d\u00fcrfen!<\/p>\n\n\n\n<p><a rel=\"noreferrer noopener\" href=\"http:\/\/www.weltenklang.at\/news\/20-guinness-celtic-spring-tour-im-maerz-2020-1\" target=\"_blank\">www.weltenklang.at\/news\/20-guinness-celtic-spring-tour-im-maerz-2020-1<\/a><\/p>\n\n\n\n<p><strong>Links\nWill Pound<\/strong><\/p>\n\n\n\n<p><a rel=\"noreferrer noopener\" href=\"http:\/\/www.willpound.com\" target=\"_blank\">www.willpound.com<\/a>&nbsp;&nbsp;&nbsp;&nbsp;<br><a rel=\"noreferrer noopener\" href=\"http:\/\/www.facebook.com\/Willharmonica\" target=\"_blank\">www.facebook.com\/Willharmonica<\/a>&nbsp;&nbsp;&nbsp;&nbsp;&nbsp;&nbsp;&nbsp;&nbsp;&nbsp;&nbsp; <\/p>\n\n\n\n<figure class=\"wp-block-embed-youtube wp-block-embed is-type-video is-provider-youtube wp-embed-aspect-16-9 wp-has-aspect-ratio\"><div class=\"wp-block-embed__wrapper\">\n<iframe loading=\"lazy\" title=\"Harmonica folk tunes Will Pound\" width=\"840\" height=\"473\" src=\"https:\/\/www.youtube.com\/embed\/yKU1k4vWCAI?feature=oembed\" frameborder=\"0\" allow=\"accelerometer; autoplay; clipboard-write; encrypted-media; gyroscope; picture-in-picture; web-share\" referrerpolicy=\"strict-origin-when-cross-origin\" allowfullscreen><\/iframe>\n<\/div><\/figure>\n\n\n\n<figure class=\"wp-block-embed-youtube wp-block-embed is-type-video is-provider-youtube wp-embed-aspect-16-9 wp-has-aspect-ratio\"><div class=\"wp-block-embed__wrapper\">\n<iframe loading=\"lazy\" title=\"Will Pound and Eddy Jay perform Floating Candle\" width=\"840\" height=\"473\" src=\"https:\/\/www.youtube.com\/embed\/wIok0hqiNpw?feature=oembed\" frameborder=\"0\" allow=\"accelerometer; autoplay; clipboard-write; encrypted-media; gyroscope; picture-in-picture; web-share\" referrerpolicy=\"strict-origin-when-cross-origin\" allowfullscreen><\/iframe>\n<\/div><\/figure>\n\n\n\n<p><\/p>\n\n\n\n<p><strong>Links The Conifers:<br> <\/strong><a rel=\"noreferrer noopener\" aria-label=\" (opens in a new tab)\" href=\"http:\/\/www.facebook.com\/TheConifersMusic\" target=\"_blank\">www.facebook.com\/TheConifersMusic<\/a>&nbsp;&nbsp;&nbsp;&nbsp;&nbsp;&nbsp; <a href=\"http:\/\/www.theconifers.bandcamp.com\/releases\" target=\"_blank\" rel=\"noreferrer noopener\" aria-label=\" (opens in a new tab)\">www.theconifers.bandcamp.com\/releases<\/a><\/p>\n\n\n\n<figure class=\"wp-block-embed-youtube wp-block-embed is-type-video is-provider-youtube wp-embed-aspect-16-9 wp-has-aspect-ratio\"><div class=\"wp-block-embed__wrapper\">\n<span class=\"embed-youtube\" style=\"text-align:center; display: block;\"><iframe loading=\"lazy\" class=\"youtube-player\" width=\"840\" height=\"473\" src=\"https:\/\/www.youtube.com\/embed\/DqQ8D1NQGFc?version=3&#038;rel=1&#038;showsearch=0&#038;showinfo=1&#038;iv_load_policy=1&#038;fs=1&#038;hl=de-DE&#038;autohide=2&#038;wmode=transparent\" allowfullscreen=\"true\" style=\"border:0;\" sandbox=\"allow-scripts allow-same-origin allow-popups allow-presentation allow-popups-to-escape-sandbox\"><\/iframe><\/span>\n<\/div><\/figure>\n\n\n\n<figure class=\"wp-block-embed-youtube wp-block-embed is-type-video is-provider-youtube wp-embed-aspect-16-9 wp-has-aspect-ratio\"><div class=\"wp-block-embed__wrapper\">\n<iframe loading=\"lazy\" title=\"The Conifers at The Gathering Traditional Festival Killarney, Ireland.  03.03.19.\" width=\"840\" height=\"473\" src=\"https:\/\/www.youtube.com\/embed\/K8gsKPvI1UI?feature=oembed\" frameborder=\"0\" allow=\"accelerometer; autoplay; clipboard-write; encrypted-media; gyroscope; picture-in-picture; web-share\" referrerpolicy=\"strict-origin-when-cross-origin\" allowfullscreen><\/iframe>\n<\/div><\/figure>\n\n\n\n<p>***<\/p>\n\n\n\n<p>Was w\u00e4re ein Celtic-Abend ohne Session? Wir verwandeln die Alte Kaserne in ein Pub und lassen unsere Session-Musiker vor und nach dem Konzert musizieren. Jede und jeder darf mitspielen.<br>Also: Fiddle &amp; Co. eingepackt und los geht\u2019s!<br>Fragen zu den Sessions? Meldet euch bitte direkt bei Rose: info@irishevents.ch<\/p>\n","protected":false},"excerpt":{"rendered":"<p>*** Coronavirus \u2013 aktuelle Situation \u2013 Do, 5.3.2020, 16:00 Liebe Celtic-G\u00e4ste Das Konzert vom Fr, 6.3.20 findet statt. Wir k\u00f6nnen die Empfehlungen vom BAG und die Richtlinien der Gesundheitsdirektions des Kantons Z\u00fcrich einhalten. Wir bitten aber alle Personen, die Husten, Atembeschwerden oder Fieber haben und\/oder in den letzten 14 Tagen in einem Risikogebiet (China, Iran, &hellip; <a href=\"https:\/\/www.celtic-concerts-sessions.ch\/news\/6-03-2020-celtic-spring\/\" class=\"more-link\"><span class=\"screen-reader-text\">\u201e6.03.2020 &#8211; Celtic Spring\u201c<\/span> weiterlesen<\/a><\/p>\n","protected":false},"author":1,"featured_media":0,"parent":0,"menu_order":0,"comment_status":"closed","ping_status":"closed","template":"","meta":{"jetpack_post_was_ever_published":false,"footnotes":""},"class_list":["post-3157","page","type-page","status-publish","hentry"],"jetpack_sharing_enabled":true,"jetpack_shortlink":"https:\/\/wp.me\/P9oLVZ-OV","jetpack_likes_enabled":true,"jetpack-related-posts":[],"_links":{"self":[{"href":"https:\/\/www.celtic-concerts-sessions.ch\/news\/wp-json\/wp\/v2\/pages\/3157","targetHints":{"allow":["GET"]}}],"collection":[{"href":"https:\/\/www.celtic-concerts-sessions.ch\/news\/wp-json\/wp\/v2\/pages"}],"about":[{"href":"https:\/\/www.celtic-concerts-sessions.ch\/news\/wp-json\/wp\/v2\/types\/page"}],"author":[{"embeddable":true,"href":"https:\/\/www.celtic-concerts-sessions.ch\/news\/wp-json\/wp\/v2\/users\/1"}],"replies":[{"embeddable":true,"href":"https:\/\/www.celtic-concerts-sessions.ch\/news\/wp-json\/wp\/v2\/comments?post=3157"}],"version-history":[{"count":14,"href":"https:\/\/www.celtic-concerts-sessions.ch\/news\/wp-json\/wp\/v2\/pages\/3157\/revisions"}],"predecessor-version":[{"id":3276,"href":"https:\/\/www.celtic-concerts-sessions.ch\/news\/wp-json\/wp\/v2\/pages\/3157\/revisions\/3276"}],"wp:attachment":[{"href":"https:\/\/www.celtic-concerts-sessions.ch\/news\/wp-json\/wp\/v2\/media?parent=3157"}],"curies":[{"name":"wp","href":"https:\/\/api.w.org\/{rel}","templated":true}]}}