{"id":3141,"date":"2019-07-11T22:37:04","date_gmt":"2019-07-11T22:37:04","guid":{"rendered":"https:\/\/www.celtic-concerts-sessions.ch\/news\/?page_id=3141"},"modified":"2019-10-14T19:46:27","modified_gmt":"2019-10-14T19:46:27","slug":"30-11-2019-irish-christmas","status":"publish","type":"page","link":"https:\/\/www.celtic-concerts-sessions.ch\/news\/30-11-2019-irish-christmas\/","title":{"rendered":"30.11.2019 &#8211; Irish Christmas"},"content":{"rendered":"\n<figure class=\"wp-block-image is-resized\"><a href=\"https:\/\/i0.wp.com\/www.celtic-concerts-sessions.ch\/news\/wp-content\/uploads\/2019\/07\/2019-11-30-Friel-Sisters-2.jpg?ssl=1\"><img data-recalc-dims=\"1\" loading=\"lazy\" decoding=\"async\" data-attachment-id=\"3144\" data-permalink=\"https:\/\/www.celtic-concerts-sessions.ch\/news\/30-11-2019-irish-christmas\/2019-11-30-friel-sisters-2\/\" data-orig-file=\"https:\/\/i0.wp.com\/www.celtic-concerts-sessions.ch\/news\/wp-content\/uploads\/2019\/07\/2019-11-30-Friel-Sisters-2.jpg?fit=1500%2C1364&amp;ssl=1\" data-orig-size=\"1500,1364\" data-comments-opened=\"1\" data-image-meta=\"{&quot;aperture&quot;:&quot;0&quot;,&quot;credit&quot;:&quot;&quot;,&quot;camera&quot;:&quot;&quot;,&quot;caption&quot;:&quot;&quot;,&quot;created_timestamp&quot;:&quot;0&quot;,&quot;copyright&quot;:&quot;&quot;,&quot;focal_length&quot;:&quot;0&quot;,&quot;iso&quot;:&quot;0&quot;,&quot;shutter_speed&quot;:&quot;0&quot;,&quot;title&quot;:&quot;&quot;,&quot;orientation&quot;:&quot;0&quot;}\" data-image-title=\"2019-11-30-Friel-Sisters-2\" data-image-description=\"\" data-image-caption=\"\" data-medium-file=\"https:\/\/i0.wp.com\/www.celtic-concerts-sessions.ch\/news\/wp-content\/uploads\/2019\/07\/2019-11-30-Friel-Sisters-2.jpg?fit=300%2C273&amp;ssl=1\" data-large-file=\"https:\/\/i0.wp.com\/www.celtic-concerts-sessions.ch\/news\/wp-content\/uploads\/2019\/07\/2019-11-30-Friel-Sisters-2.jpg?fit=840%2C764&amp;ssl=1\" src=\"https:\/\/i0.wp.com\/www.celtic-concerts-sessions.ch\/news\/wp-content\/uploads\/2019\/07\/2019-11-30-Friel-Sisters-2.jpg?resize=750%2C682&#038;ssl=1\" alt=\"\" class=\"wp-image-3144\" width=\"750\" height=\"682\" srcset=\"https:\/\/i0.wp.com\/www.celtic-concerts-sessions.ch\/news\/wp-content\/uploads\/2019\/07\/2019-11-30-Friel-Sisters-2.jpg?w=1500&amp;ssl=1 1500w, https:\/\/i0.wp.com\/www.celtic-concerts-sessions.ch\/news\/wp-content\/uploads\/2019\/07\/2019-11-30-Friel-Sisters-2.jpg?resize=300%2C273&amp;ssl=1 300w, https:\/\/i0.wp.com\/www.celtic-concerts-sessions.ch\/news\/wp-content\/uploads\/2019\/07\/2019-11-30-Friel-Sisters-2.jpg?resize=768%2C698&amp;ssl=1 768w, https:\/\/i0.wp.com\/www.celtic-concerts-sessions.ch\/news\/wp-content\/uploads\/2019\/07\/2019-11-30-Friel-Sisters-2.jpg?resize=1024%2C931&amp;ssl=1 1024w, https:\/\/i0.wp.com\/www.celtic-concerts-sessions.ch\/news\/wp-content\/uploads\/2019\/07\/2019-11-30-Friel-Sisters-2.jpg?resize=1200%2C1091&amp;ssl=1 1200w\" sizes=\"auto, (max-width: 750px) 85vw, 750px\" \/><\/a><\/figure>\n\n\n\n<p>Samstag, 30.11.2019<\/p>\n\n\n\n<h3 class=\"wp-block-heading\"><strong>Irish Christmas: Scotland\nmeets Ireland<\/strong><\/h3>\n\n\n\n<p><strong>Breabach (SCO)<br>\nThe Friel Sisters (IRL\/SCO)<br>\nPaul McKenna (SCO)<\/strong><\/p>\n\n\n\n\n\n<p><strong>Preise<\/strong>: <br>Vorverkauf: Normalpreis: CHF 35.-\/Legi: CHF 30.-<br>Abendkasse: Normalpreis: CHF 40.-\/Legi: CHF 35.-<br><\/p>\n\n\n\n<p><a href=\"https:\/\/www.starticket.ch\/de\/tickets\/irish-christmas-20191130-2000-alte-kaserne-kulturzentrum-winterthur\">Vorverkauf Starticket<\/a><br>Saisonpass: <a href=\"https:\/\/www.celtic-concerts-sessions.ch\/news\/informationen-saisonpass\/\">Informationen<\/a><\/p>\n\n\n\n<p><\/p>\n\n\n\n<p>***<\/p>\n\n\n\n<p>Das\nIrish Christmas Festival tourt seit bald 25 Jahren durch Europa und\npr\u00e4sentierte fast die ganze Folk-Prominenz der gr\u00fcnen Insel. Das Line-up ist\nimmer f\u00fcr \u00dcberraschungen gut und \u00fcberzeugt mit einem Mix aus etablierten\nGr\u00f6ssen und aufstrebenden K\u00fcnstlern.<\/p>\n\n\n\n<p><strong>Link zur Tour:<\/strong><br><a href=\"http:\/\/www.irishchristmas.at\">www.irishchristmas.at<\/a><\/p>\n\n\n\n<p><strong>Breabach<\/strong><br><a href=\"http:\/\/www.breabach.com\">www.breabach.com<\/a><\/p>\n\n\n\n<figure class=\"wp-block-embed-youtube wp-block-embed is-type-video is-provider-youtube wp-embed-aspect-16-9 wp-has-aspect-ratio\"><div class=\"wp-block-embed__wrapper\">\n<iframe loading=\"lazy\" title=\"Breabach perform Mo Thruaighe Leir thu Ille Bhuidhe live at Paisley Arts Centre\" width=\"840\" height=\"473\" src=\"https:\/\/www.youtube.com\/embed\/vMUHsFiIuJs?feature=oembed\" frameborder=\"0\" allow=\"accelerometer; autoplay; clipboard-write; encrypted-media; gyroscope; picture-in-picture; web-share\" referrerpolicy=\"strict-origin-when-cross-origin\" allowfullscreen><\/iframe>\n<\/div><\/figure>\n\n\n\n<figure class=\"wp-block-embed-youtube wp-block-embed is-type-video is-provider-youtube wp-embed-aspect-16-9 wp-has-aspect-ratio\"><div class=\"wp-block-embed__wrapper\">\n<iframe loading=\"lazy\" title=\"Breabach - Les Pieds Joyeux (The Biggest Weekend)\" width=\"840\" height=\"473\" src=\"https:\/\/www.youtube.com\/embed\/d-4002n7-oY?feature=oembed\" frameborder=\"0\" allow=\"accelerometer; autoplay; clipboard-write; encrypted-media; gyroscope; picture-in-picture; web-share\" referrerpolicy=\"strict-origin-when-cross-origin\" allowfullscreen><\/iframe>\n<\/div><\/figure>\n\n\n\n<p><strong>The Friel Sister<\/strong><br><a href=\"http:\/\/www.frielmusic.com\">www.frielmusic.com<\/a><\/p>\n\n\n\n<figure class=\"wp-block-embed-youtube wp-block-embed is-type-video is-provider-youtube wp-embed-aspect-16-9 wp-has-aspect-ratio\"><div class=\"wp-block-embed__wrapper\">\n<iframe loading=\"lazy\" title=\"The Friel Sisters | R\u00f3is\u00edn TG4 D\u00e9 Luain @ 8\" width=\"840\" height=\"473\" src=\"https:\/\/www.youtube.com\/embed\/Z7twjxO-cOg?feature=oembed\" frameborder=\"0\" allow=\"accelerometer; autoplay; clipboard-write; encrypted-media; gyroscope; picture-in-picture; web-share\" referrerpolicy=\"strict-origin-when-cross-origin\" allowfullscreen><\/iframe>\n<\/div><\/figure>\n\n\n\n<figure class=\"wp-block-embed-youtube wp-block-embed is-type-video is-provider-youtube wp-embed-aspect-16-9 wp-has-aspect-ratio\"><div class=\"wp-block-embed__wrapper\">\n<iframe loading=\"lazy\" title=\"The Friel Sisters - Riverside Show, STV Glasgow. Reels.\" width=\"840\" height=\"473\" src=\"https:\/\/www.youtube.com\/embed\/qGmF9hzrihU?feature=oembed\" frameborder=\"0\" allow=\"accelerometer; autoplay; clipboard-write; encrypted-media; gyroscope; picture-in-picture; web-share\" referrerpolicy=\"strict-origin-when-cross-origin\" allowfullscreen><\/iframe>\n<\/div><\/figure>\n\n\n\n<p><strong>Paul McKenna<br>\n<\/strong><a href=\"http:\/\/www.paulmckennaband.com\">www.paulmckennaband.com<\/a><\/p>\n\n\n\n<figure class=\"wp-block-embed-youtube wp-block-embed is-type-video is-provider-youtube wp-embed-aspect-4-3 wp-has-aspect-ratio\"><div class=\"wp-block-embed__wrapper\">\n<iframe loading=\"lazy\" title=\"Paul McKenna - Loch Tay Boat Song !\" width=\"840\" height=\"630\" src=\"https:\/\/www.youtube.com\/embed\/gULOGhkN4cs?feature=oembed\" frameborder=\"0\" allow=\"accelerometer; autoplay; clipboard-write; encrypted-media; gyroscope; picture-in-picture; web-share\" referrerpolicy=\"strict-origin-when-cross-origin\" allowfullscreen><\/iframe>\n<\/div><\/figure>\n\n\n\n<figure class=\"wp-block-embed-youtube wp-block-embed is-type-video is-provider-youtube wp-embed-aspect-16-9 wp-has-aspect-ratio\"><div class=\"wp-block-embed__wrapper\">\n<iframe loading=\"lazy\" title=\"The Paul McKenna Band - The Banks of The Moy\" width=\"840\" height=\"473\" src=\"https:\/\/www.youtube.com\/embed\/gvf7Ayj11Kw?feature=oembed\" frameborder=\"0\" allow=\"accelerometer; autoplay; clipboard-write; encrypted-media; gyroscope; picture-in-picture; web-share\" referrerpolicy=\"strict-origin-when-cross-origin\" allowfullscreen><\/iframe>\n<\/div><\/figure>\n\n\n\n<p>***<\/p>\n\n\n\n<p>Was w\u00e4re ein Celtic-Abend ohne Session? Wir verwandeln die Alte Kaserne in ein Pub und lassen unsere Session-Musiker vor und nach dem Konzert musizieren. Jede und jeder darf mitspielen.<br>Also: Fiddle &amp; Co. eingepackt und los geht\u2019s!<br>Fragen zu den Sessions? Meldet euch bitte direkt bei Rose: info@irishevents.ch<\/p>\n","protected":false},"excerpt":{"rendered":"<p>Samstag, 30.11.2019 Irish Christmas: Scotland meets Ireland Breabach (SCO) The Friel Sisters (IRL\/SCO) Paul McKenna (SCO) Preise: Vorverkauf: Normalpreis: CHF 35.-\/Legi: CHF 30.-Abendkasse: Normalpreis: CHF 40.-\/Legi: CHF 35.- Vorverkauf StarticketSaisonpass: Informationen *** Das Irish Christmas Festival tourt seit bald 25 Jahren durch Europa und pr\u00e4sentierte fast die ganze Folk-Prominenz der gr\u00fcnen Insel. Das Line-up ist &hellip; <a href=\"https:\/\/www.celtic-concerts-sessions.ch\/news\/30-11-2019-irish-christmas\/\" class=\"more-link\"><span class=\"screen-reader-text\">\u201e30.11.2019 &#8211; Irish Christmas\u201c<\/span> weiterlesen<\/a><\/p>\n","protected":false},"author":1,"featured_media":0,"parent":0,"menu_order":0,"comment_status":"closed","ping_status":"closed","template":"","meta":{"jetpack_post_was_ever_published":false,"footnotes":""},"class_list":["post-3141","page","type-page","status-publish","hentry"],"jetpack_sharing_enabled":true,"jetpack_shortlink":"https:\/\/wp.me\/P9oLVZ-OF","jetpack_likes_enabled":true,"jetpack-related-posts":[],"_links":{"self":[{"href":"https:\/\/www.celtic-concerts-sessions.ch\/news\/wp-json\/wp\/v2\/pages\/3141","targetHints":{"allow":["GET"]}}],"collection":[{"href":"https:\/\/www.celtic-concerts-sessions.ch\/news\/wp-json\/wp\/v2\/pages"}],"about":[{"href":"https:\/\/www.celtic-concerts-sessions.ch\/news\/wp-json\/wp\/v2\/types\/page"}],"author":[{"embeddable":true,"href":"https:\/\/www.celtic-concerts-sessions.ch\/news\/wp-json\/wp\/v2\/users\/1"}],"replies":[{"embeddable":true,"href":"https:\/\/www.celtic-concerts-sessions.ch\/news\/wp-json\/wp\/v2\/comments?post=3141"}],"version-history":[{"count":11,"href":"https:\/\/www.celtic-concerts-sessions.ch\/news\/wp-json\/wp\/v2\/pages\/3141\/revisions"}],"predecessor-version":[{"id":3224,"href":"https:\/\/www.celtic-concerts-sessions.ch\/news\/wp-json\/wp\/v2\/pages\/3141\/revisions\/3224"}],"wp:attachment":[{"href":"https:\/\/www.celtic-concerts-sessions.ch\/news\/wp-json\/wp\/v2\/media?parent=3141"}],"curies":[{"name":"wp","href":"https:\/\/api.w.org\/{rel}","templated":true}]}}