{"id":3111,"date":"2019-07-11T22:34:13","date_gmt":"2019-07-11T22:34:13","guid":{"rendered":"https:\/\/www.celtic-concerts-sessions.ch\/news\/?page_id=3111"},"modified":"2019-08-21T21:18:05","modified_gmt":"2019-08-21T21:18:05","slug":"20-09-19-trio-dhoree-b-andreas-winkler-und-michael-winkler-band-ch","status":"publish","type":"page","link":"https:\/\/www.celtic-concerts-sessions.ch\/news\/20-09-19-trio-dhoree-b-andreas-winkler-und-michael-winkler-band-ch\/","title":{"rendered":"20.09.19 &#8211; Trio Dhoore (B) | Andreas Winkler und Michael Winkler &amp; Band (CH)"},"content":{"rendered":"\n<figure class=\"wp-block-image\"><img data-recalc-dims=\"1\" loading=\"lazy\" decoding=\"async\" width=\"840\" height=\"840\" data-attachment-id=\"3191\" data-permalink=\"https:\/\/www.celtic-concerts-sessions.ch\/news\/20-09-19-trio-dhoree-b-andreas-winkler-und-michael-winkler-band-ch\/img_4148\/\" data-orig-file=\"https:\/\/i0.wp.com\/www.celtic-concerts-sessions.ch\/news\/wp-content\/uploads\/2019\/07\/img_4148.jpg?fit=2048%2C2048&amp;ssl=1\" data-orig-size=\"2048,2048\" data-comments-opened=\"1\" data-image-meta=\"{&quot;aperture&quot;:&quot;0&quot;,&quot;credit&quot;:&quot;&quot;,&quot;camera&quot;:&quot;&quot;,&quot;caption&quot;:&quot;&quot;,&quot;created_timestamp&quot;:&quot;0&quot;,&quot;copyright&quot;:&quot;&quot;,&quot;focal_length&quot;:&quot;0&quot;,&quot;iso&quot;:&quot;0&quot;,&quot;shutter_speed&quot;:&quot;0&quot;,&quot;title&quot;:&quot;&quot;,&quot;orientation&quot;:&quot;1&quot;}\" data-image-title=\"img_4148\" data-image-description=\"\" data-image-caption=\"\" data-medium-file=\"https:\/\/i0.wp.com\/www.celtic-concerts-sessions.ch\/news\/wp-content\/uploads\/2019\/07\/img_4148.jpg?fit=300%2C300&amp;ssl=1\" data-large-file=\"https:\/\/i0.wp.com\/www.celtic-concerts-sessions.ch\/news\/wp-content\/uploads\/2019\/07\/img_4148.jpg?fit=840%2C840&amp;ssl=1\" src=\"https:\/\/i0.wp.com\/www.celtic-concerts-sessions.ch\/news\/wp-content\/uploads\/2019\/07\/img_4148.jpg?resize=840%2C840&#038;ssl=1\" alt=\"\" class=\"wp-image-3191\" srcset=\"https:\/\/i0.wp.com\/www.celtic-concerts-sessions.ch\/news\/wp-content\/uploads\/2019\/07\/img_4148.jpg?w=2048&amp;ssl=1 2048w, https:\/\/i0.wp.com\/www.celtic-concerts-sessions.ch\/news\/wp-content\/uploads\/2019\/07\/img_4148.jpg?resize=150%2C150&amp;ssl=1 150w, https:\/\/i0.wp.com\/www.celtic-concerts-sessions.ch\/news\/wp-content\/uploads\/2019\/07\/img_4148.jpg?resize=300%2C300&amp;ssl=1 300w, https:\/\/i0.wp.com\/www.celtic-concerts-sessions.ch\/news\/wp-content\/uploads\/2019\/07\/img_4148.jpg?resize=768%2C768&amp;ssl=1 768w, https:\/\/i0.wp.com\/www.celtic-concerts-sessions.ch\/news\/wp-content\/uploads\/2019\/07\/img_4148.jpg?resize=1024%2C1024&amp;ssl=1 1024w, https:\/\/i0.wp.com\/www.celtic-concerts-sessions.ch\/news\/wp-content\/uploads\/2019\/07\/img_4148.jpg?resize=1200%2C1200&amp;ssl=1 1200w, https:\/\/i0.wp.com\/www.celtic-concerts-sessions.ch\/news\/wp-content\/uploads\/2019\/07\/img_4148.jpg?w=1680&amp;ssl=1 1680w\" sizes=\"auto, (max-width: 709px) 85vw, (max-width: 909px) 67vw, (max-width: 1362px) 62vw, 840px\" \/><\/figure>\n\n\n<h5><strong>Saisonstart<\/strong><\/h5>\n<h3><strong>Trio Dhoore (B)<\/strong><\/h3>\n<p><strong>Belgiens Folk-Export Nr.<br \/><\/strong><\/p>\n<h3><strong>Andreas Winkler und Michael Winkler &amp; Band (CH)<\/strong><\/h3>\n<p><strong>Songs and Ballads of Ireland &amp; Scotland<br \/>Andreas Winkler (Vocals) \u2013 Michael Winkler (Guitars) \u2013 Nina Ulli (Fiddle) \u2013 Tom Keller (Bodhran)<\/strong><\/p>\n<p>\u00a0<\/p>\n\n\n<p>Freitag, 20.9.2019<\/p>\n\n\n\n\n\n<p><a href=\"https:\/\/www.starticket.ch\/de\/tickets\/trio-dhoore-andreas-michael-winkler-20190920-2000-alte-kaserne-kulturzentrum-winterthur\" target=\"_blank\" rel=\"noreferrer noopener\" aria-label=\"Vorverkauf Starticket (opens in a new tab)\">Vorverkauf Starticket<\/a><\/p>\n\n\n\n<p>***<\/p>\n\n\n\n<p>Die drei <strong>Dhoore<\/strong>-Br\u00fcder\nsind Belgiens Folk-Export Nr. 1. Sogar das renommierte britische fROOTS-Magazin\noder das deutsche Folker-Magazin widmeten dem Trio eine Coverstory. <\/p>\n\n\n\n<p>Mitreissende Grooves und swingende\nMelodien vereinen sich zu einem ungemein dichten Spiel. Ihre Konzerte reissen\ndie Leute reihenweise vom Hocker \u2013 egal ob im kleinen Folk-Club oder an einem\nMega-Festival in Kanada. Energie und Lebensfreude pur!<br>\n<br>\n<strong>Andreas &amp; Michael Winkler<\/strong> \u2013 die\nzwei sind \u00fcbrigens nicht miteinander verwandt \u2013 entf\u00fchren die Zuh\u00f6rerinnen und\nZuh\u00f6rer mit wundersch\u00f6nen Balladen und derb-fr\u00f6hlichen Whisky-Songs in die\nirische und schottische Musikwelt.<\/p>\n\n\n\n<p>Andreas Winkler ist Operns\u00e4nger und \u2013 was\nf\u00fcr eine grossartige Kombination \u2013 Whiskyexperte, Michael Winkler gefragter\nSolist und u.a. Mitglied beim weltber\u00fchmten EOS Guitar Quartet. Beim Konzert in\nder Alten Kaserne erg\u00e4nzen die Fiddlerin Nina Ulli und Tom Keller, der\nrenommierteste Bodhran-Spieler der Schweiz, das Line-up.<\/p>\n\n\n\n<p><strong>Links Trio Dhoore<\/strong><br><a href=\"http:\/\/www.triodhoore.com\">www.triodhoore.com<\/a><\/p>\n\n\n\n<p><\/p>\n\n\n\n<figure class=\"wp-block-embed-youtube wp-block-embed is-type-video is-provider-youtube wp-embed-aspect-16-9 wp-has-aspect-ratio\"><div class=\"wp-block-embed__wrapper\">\n<span class=\"embed-youtube\" style=\"text-align:center; display: block;\"><iframe loading=\"lazy\" class=\"youtube-player\" width=\"840\" height=\"473\" src=\"https:\/\/www.youtube.com\/embed\/BLtOSLtR__Y?version=3&#038;rel=1&#038;showsearch=0&#038;showinfo=1&#038;iv_load_policy=1&#038;fs=1&#038;hl=de-DE&#038;autohide=2&#038;wmode=transparent\" allowfullscreen=\"true\" style=\"border:0;\" sandbox=\"allow-scripts allow-same-origin allow-popups allow-presentation allow-popups-to-escape-sandbox\"><\/iframe><\/span>\n<\/div><\/figure>\n\n\n\n<figure class=\"wp-block-embed-youtube wp-block-embed is-type-video is-provider-youtube wp-embed-aspect-16-9 wp-has-aspect-ratio\"><div class=\"wp-block-embed__wrapper\">\n<iframe loading=\"lazy\" title=\"Trio Dhoore - Endless Dancing [Live @ English Folk Expo 2016]\" width=\"840\" height=\"473\" src=\"https:\/\/www.youtube.com\/embed\/9p2ju9E9b78?feature=oembed\" frameborder=\"0\" allow=\"accelerometer; autoplay; clipboard-write; encrypted-media; gyroscope; picture-in-picture; web-share\" referrerpolicy=\"strict-origin-when-cross-origin\" allowfullscreen><\/iframe>\n<\/div><\/figure>\n\n\n\n<p><strong>Links Michael Winkler und Andreas Winkler &amp; Band<\/strong><br><a href=\"http:\/\/www.michael-winkler.ch\">www.michael-winkler.ch<\/a><br><a href=\"http:\/\/www.andreaswinkler.com\">www.andreaswinkler.com<\/a><br><a href=\"http:\/\/www.whiskyandmusic.com\">www.whiskyandmusic.com<\/a><br><a href=\"http:\/\/www.nina-ulli.ch\">ww.nina-ulli.ch<\/a><br><a href=\"http:\/\/www.webkeller.ch\">www.webkeller.ch<\/a><\/p>\n\n\n\n<p>***<\/p>\n\n\n\n<p>Was w\u00e4re ein Celtic-Abend ohne Session? Wir verwandeln die Alte Kaserne in ein Pub und lassen unsere Session-Musiker vor und nach dem Konzert musizieren. Jede und jeder darf mitspielen.<br>Also: Fiddle &amp; Co. eingepackt und los geht\u2019s!<br>Fragen zu den Sessions? Meldet euch bitte direkt bei Rose: info@irishevents.ch<\/p>\n","protected":false},"excerpt":{"rendered":"<p>Saisonstart Trio Dhoore (B) Belgiens Folk-Export Nr. Andreas Winkler und Michael Winkler &amp; Band (CH) Songs and Ballads of Ireland &amp; ScotlandAndreas Winkler (Vocals) \u2013 Michael Winkler (Guitars) \u2013 Nina Ulli (Fiddle) \u2013 Tom Keller (Bodhran) \u00a0 Freitag, 20.9.2019 Vorverkauf Starticket *** Die drei Dhoore-Br\u00fcder sind Belgiens Folk-Export Nr. 1. Sogar das renommierte britische fROOTS-Magazin &hellip; <a href=\"https:\/\/www.celtic-concerts-sessions.ch\/news\/20-09-19-trio-dhoree-b-andreas-winkler-und-michael-winkler-band-ch\/\" class=\"more-link\"><span class=\"screen-reader-text\">\u201e20.09.19 &#8211; Trio Dhoore (B) | Andreas Winkler und Michael Winkler &amp; Band (CH)\u201c<\/span> weiterlesen<\/a><\/p>\n","protected":false},"author":1,"featured_media":0,"parent":0,"menu_order":0,"comment_status":"closed","ping_status":"closed","template":"","meta":{"jetpack_post_was_ever_published":false,"footnotes":""},"class_list":["post-3111","page","type-page","status-publish","hentry"],"jetpack_sharing_enabled":true,"jetpack_shortlink":"https:\/\/wp.me\/P9oLVZ-Ob","jetpack_likes_enabled":true,"jetpack-related-posts":[],"_links":{"self":[{"href":"https:\/\/www.celtic-concerts-sessions.ch\/news\/wp-json\/wp\/v2\/pages\/3111","targetHints":{"allow":["GET"]}}],"collection":[{"href":"https:\/\/www.celtic-concerts-sessions.ch\/news\/wp-json\/wp\/v2\/pages"}],"about":[{"href":"https:\/\/www.celtic-concerts-sessions.ch\/news\/wp-json\/wp\/v2\/types\/page"}],"author":[{"embeddable":true,"href":"https:\/\/www.celtic-concerts-sessions.ch\/news\/wp-json\/wp\/v2\/users\/1"}],"replies":[{"embeddable":true,"href":"https:\/\/www.celtic-concerts-sessions.ch\/news\/wp-json\/wp\/v2\/comments?post=3111"}],"version-history":[{"count":24,"href":"https:\/\/www.celtic-concerts-sessions.ch\/news\/wp-json\/wp\/v2\/pages\/3111\/revisions"}],"predecessor-version":[{"id":3195,"href":"https:\/\/www.celtic-concerts-sessions.ch\/news\/wp-json\/wp\/v2\/pages\/3111\/revisions\/3195"}],"wp:attachment":[{"href":"https:\/\/www.celtic-concerts-sessions.ch\/news\/wp-json\/wp\/v2\/media?parent=3111"}],"curies":[{"name":"wp","href":"https:\/\/api.w.org\/{rel}","templated":true}]}}