{"id":3085,"date":"2018-12-26T11:06:10","date_gmt":"2018-12-26T11:06:10","guid":{"rendered":"https:\/\/www.celtic-concerts-sessions.ch\/news\/?page_id=3085"},"modified":"2018-12-29T19:54:31","modified_gmt":"2018-12-29T19:54:31","slug":"12-4-19-shirley-grimes-band-will-pound-eddy-jay","status":"publish","type":"page","link":"https:\/\/www.celtic-concerts-sessions.ch\/news\/12-4-19-shirley-grimes-band-will-pound-eddy-jay\/","title":{"rendered":"12.4.19 \u2013 Shirley Grimes &#038; Band | Will Pound &#038; Eddy Jay"},"content":{"rendered":"<p><a href=\"https:\/\/i0.wp.com\/www.celtic-concerts-sessions.ch\/news\/wp-content\/uploads\/2018\/12\/2019-04-12-Shirley-Grimes-und-Band-1.png?ssl=1\"><img data-recalc-dims=\"1\" loading=\"lazy\" decoding=\"async\" data-attachment-id=\"3087\" data-permalink=\"https:\/\/www.celtic-concerts-sessions.ch\/news\/12-4-19-shirley-grimes-band-will-pound-eddy-jay\/2019-04-12-shirley-grimes-und-band-1\/\" data-orig-file=\"https:\/\/i0.wp.com\/www.celtic-concerts-sessions.ch\/news\/wp-content\/uploads\/2018\/12\/2019-04-12-Shirley-Grimes-und-Band-1.png?fit=1500%2C558&amp;ssl=1\" data-orig-size=\"1500,558\" data-comments-opened=\"1\" data-image-meta=\"{&quot;aperture&quot;:&quot;0&quot;,&quot;credit&quot;:&quot;&quot;,&quot;camera&quot;:&quot;&quot;,&quot;caption&quot;:&quot;&quot;,&quot;created_timestamp&quot;:&quot;0&quot;,&quot;copyright&quot;:&quot;&quot;,&quot;focal_length&quot;:&quot;0&quot;,&quot;iso&quot;:&quot;0&quot;,&quot;shutter_speed&quot;:&quot;0&quot;,&quot;title&quot;:&quot;&quot;,&quot;orientation&quot;:&quot;0&quot;}\" data-image-title=\"2019-04-12 Shirley Grimes und Band 1\" data-image-description=\"\" data-image-caption=\"\" data-medium-file=\"https:\/\/i0.wp.com\/www.celtic-concerts-sessions.ch\/news\/wp-content\/uploads\/2018\/12\/2019-04-12-Shirley-Grimes-und-Band-1.png?fit=300%2C112&amp;ssl=1\" data-large-file=\"https:\/\/i0.wp.com\/www.celtic-concerts-sessions.ch\/news\/wp-content\/uploads\/2018\/12\/2019-04-12-Shirley-Grimes-und-Band-1.png?fit=840%2C313&amp;ssl=1\" class=\"alignnone wp-image-3087 size-large\" src=\"https:\/\/i0.wp.com\/www.celtic-concerts-sessions.ch\/news\/wp-content\/uploads\/2018\/12\/2019-04-12-Shirley-Grimes-und-Band-1.png?resize=840%2C313&#038;ssl=1\" alt=\"\" width=\"840\" height=\"313\" srcset=\"https:\/\/i0.wp.com\/www.celtic-concerts-sessions.ch\/news\/wp-content\/uploads\/2018\/12\/2019-04-12-Shirley-Grimes-und-Band-1.png?resize=1024%2C381&amp;ssl=1 1024w, https:\/\/i0.wp.com\/www.celtic-concerts-sessions.ch\/news\/wp-content\/uploads\/2018\/12\/2019-04-12-Shirley-Grimes-und-Band-1.png?resize=300%2C112&amp;ssl=1 300w, https:\/\/i0.wp.com\/www.celtic-concerts-sessions.ch\/news\/wp-content\/uploads\/2018\/12\/2019-04-12-Shirley-Grimes-und-Band-1.png?resize=768%2C286&amp;ssl=1 768w, https:\/\/i0.wp.com\/www.celtic-concerts-sessions.ch\/news\/wp-content\/uploads\/2018\/12\/2019-04-12-Shirley-Grimes-und-Band-1.png?resize=1200%2C446&amp;ssl=1 1200w, https:\/\/i0.wp.com\/www.celtic-concerts-sessions.ch\/news\/wp-content\/uploads\/2018\/12\/2019-04-12-Shirley-Grimes-und-Band-1.png?w=1500&amp;ssl=1 1500w\" sizes=\"auto, (max-width: 709px) 85vw, (max-width: 909px) 67vw, (max-width: 1362px) 62vw, 840px\" \/><\/a><\/p>\n<p>Freitag, 12.4.2019<\/p>\n<p><strong>Das Mini-Festival zum Saisonschluss<\/strong><\/p>\n<p><strong>Shirley Grimes &amp; Band (IRL\/CH)<br \/>\n<\/strong>Shirley Grimes (Gesang, Gitarre, Bodhr\u00e1n)<br \/>\nWolfgang Zwiauer (Bass, Mandocello, Gesang)<br \/>\nTom Etter (Gitarre, Gesang)<\/p>\n<p><strong><br \/>\n<\/strong><strong>Will Pound &amp; Eddy Jay (UK)<\/strong><\/p>\n<p>Vor und nach den Konzerten: Open Irish Session<\/p>\n<p>Konzert: 20:00<br \/>\nT\u00fcr\u00f6ffnung und Session ab 19:00<\/p>\n<p>***<\/p>\n<p>Zum Saisonabschluss g\u00f6nnen wir uns noch zwei musikalische Leckerbissen. Zwei Ensembles, die bereits schon einmal bei <strong>CELTIC \u2013 Concerts &amp; Sessions <\/strong>gespielt und \u00fcberzeugt haben und die wir ins Herzen geschlossen haben. Zwei Ensembles, die unterschiedlicher nicht sein k\u00f6nnten und doch perfekt zu unserem Saisonabschluss-Mini-Festival passen.<\/p>\n<p>Die in Bern lebende Irin <strong>Shirley Grimes<\/strong> verbindet traditionelle Celtic Music mit zeitgen\u00f6ssischem Songwriting. Mit ihrer warmen, eindr\u00fccklichen Stimme und ihrer fantastischen Band verwandelt sie die B\u00fchne in eine wundersch\u00f6n gr\u00fcne und weite Landschaft Irlands. Die ergreifenden und pers\u00f6nlichen Songs von Shirley Grimes ber\u00fchren und \u00f6ffnen die Herzen des Publikums. Ihre unverwechselbaren Lieder lassen die Zuh\u00f6rer an einer gef\u00fchlsvollen Welt teilhaben und garantieren eine faszinierende Reise ins musikalische Irland.<br \/>\nAuf dem neuen Album und auch live dabei sind die wunderbaren Musiker Tom Etter an diversen Gitarren und Wolfgang Zwiauer, u.a. Bassist bei Z\u00fcri West.<\/p>\n<p>Das Duo <strong>Will Pound &amp; Eddy Jay<\/strong> stellt zurzeit die Musikszene weit \u00fcber die Celtic- und Folk-Grenzen hinaus auf den Kopf. Was diese beiden Virtuosen aus Mundharmonika und Akkordeon holen, ist schlichtweg unglaublich. Zu zweit auf der B\u00fchne, ersetzen sie ein ganzes Orchester.<br \/>\nWill und Eddy spielten im Rahmen des Celtic-Spring-Festivals 2017 in der Alten Kaserne und hinterliessen ein v\u00f6llig begeistertes Publikum. Aber nicht nur das Winterthurer Publikum liebt diese zwei Musiker. Will Pound ist sogar auf Alben von Paul MacCartney und Robbie Williams zu h\u00f6ren.<\/p>\n<p>Wir freuen uns auf diese zwei aussergew\u00f6hnlichen Musiker \u2013 und sie freuen sich, endlich wieder in Winterthur auftreten zu d\u00fcrfen!<\/p>\n<p><strong>Shirley Grimes<br \/>\n<\/strong><a href=\"http:\/\/www.shirleygrimes.com\">www.shirleygrimes.com<\/a><br \/>\n<a href=\"http:\/\/www.facebook.com\/shirleygrimesmusic\">www.facebook.com\/shirleygrimesmusic<\/a><\/p>\n<p><iframe loading=\"lazy\" src=\"https:\/\/www.youtube.com\/embed\/3jpfeI1Z3as\" width=\"560\" height=\"315\" frameborder=\"0\" allowfullscreen=\"allowfullscreen\"><\/iframe><\/p>\n<p><iframe loading=\"lazy\" src=\"https:\/\/www.youtube.com\/embed\/evjtOM9-IW4\" width=\"560\" height=\"315\" frameborder=\"0\" allowfullscreen=\"allowfullscreen\"><\/iframe><\/p>\n<p><iframe loading=\"lazy\" src=\"https:\/\/www.youtube.com\/embed\/YI4ltp_BGA4\" width=\"560\" height=\"315\" frameborder=\"0\" allowfullscreen=\"allowfullscreen\"><\/iframe><\/p>\n<p><strong>Will Pound &amp; Eddy Jay<br \/>\n<\/strong><a href=\"http:\/\/www.poundandjay.co.uk\">www.poundandjay.co.uk<\/a><br \/>\n<a href=\"http:\/\/www.facebook.com\/poundandjay\">www.facebook.com\/poundandjay<\/a><\/p>\n<p><iframe loading=\"lazy\" src=\"https:\/\/www.youtube.com\/embed\/wIok0hqiNpw\" width=\"560\" height=\"315\" frameborder=\"0\" allowfullscreen=\"allowfullscreen\"><\/iframe><\/p>\n<p><iframe loading=\"lazy\" src=\"https:\/\/www.youtube.com\/embed\/lt4Z6KmcJZ0\" width=\"560\" height=\"315\" frameborder=\"0\" allowfullscreen=\"allowfullscreen\"><\/iframe><\/p>\n<p><iframe loading=\"lazy\" src=\"https:\/\/www.youtube.com\/embed\/DNn9NGMGrmc\" width=\"560\" height=\"315\" frameborder=\"0\" allowfullscreen=\"allowfullscreen\"><\/iframe><\/p>\n<p>Was w\u00e4re ein Celtic-Abend ohne Session? Wir verwandeln die Alte Kaserne in ein Pub und lassen unsere Session-Musiker vor und nach dem Konzert musizieren. Jede und jeder darf mitspielen.<br \/>\nAlso: Fiddle &amp; Co. eingepackt und los geht\u2019s!<br \/>\nFragen zu den Sessions? Meldet euch bitte direkt bei Rose: info@irishevents.ch<\/p>\n<p><a href=\"https:\/\/www.starticket.ch\/de\/tickets\/shirley-grimes-pound-jay-20190412-2000-alte-kaserne-kulturzentrum-winterthur\" target=\"_blank\" rel=\"noopener noreferrer\">Vorverkauf auf Starticket<\/a><\/p>\n","protected":false},"excerpt":{"rendered":"<p>Freitag, 12.4.2019 Das Mini-Festival zum Saisonschluss Shirley Grimes &amp; Band (IRL\/CH) Shirley Grimes (Gesang, Gitarre, Bodhr\u00e1n) Wolfgang Zwiauer (Bass, Mandocello, Gesang) Tom Etter (Gitarre, Gesang) Will Pound &amp; Eddy Jay (UK) Vor und nach den Konzerten: Open Irish Session Konzert: 20:00 T\u00fcr\u00f6ffnung und Session ab 19:00 *** Zum Saisonabschluss g\u00f6nnen wir uns noch zwei musikalische &hellip; <a href=\"https:\/\/www.celtic-concerts-sessions.ch\/news\/12-4-19-shirley-grimes-band-will-pound-eddy-jay\/\" class=\"more-link\"><span class=\"screen-reader-text\">\u201e12.4.19 \u2013 Shirley Grimes &#038; Band | Will Pound &#038; Eddy Jay\u201c<\/span> weiterlesen<\/a><\/p>\n","protected":false},"author":1,"featured_media":0,"parent":0,"menu_order":50,"comment_status":"closed","ping_status":"closed","template":"","meta":{"jetpack_post_was_ever_published":false,"footnotes":""},"class_list":["post-3085","page","type-page","status-publish","hentry"],"jetpack_sharing_enabled":true,"jetpack_shortlink":"https:\/\/wp.me\/P9oLVZ-NL","jetpack_likes_enabled":true,"jetpack-related-posts":[],"_links":{"self":[{"href":"https:\/\/www.celtic-concerts-sessions.ch\/news\/wp-json\/wp\/v2\/pages\/3085","targetHints":{"allow":["GET"]}}],"collection":[{"href":"https:\/\/www.celtic-concerts-sessions.ch\/news\/wp-json\/wp\/v2\/pages"}],"about":[{"href":"https:\/\/www.celtic-concerts-sessions.ch\/news\/wp-json\/wp\/v2\/types\/page"}],"author":[{"embeddable":true,"href":"https:\/\/www.celtic-concerts-sessions.ch\/news\/wp-json\/wp\/v2\/users\/1"}],"replies":[{"embeddable":true,"href":"https:\/\/www.celtic-concerts-sessions.ch\/news\/wp-json\/wp\/v2\/comments?post=3085"}],"version-history":[{"count":6,"href":"https:\/\/www.celtic-concerts-sessions.ch\/news\/wp-json\/wp\/v2\/pages\/3085\/revisions"}],"predecessor-version":[{"id":3098,"href":"https:\/\/www.celtic-concerts-sessions.ch\/news\/wp-json\/wp\/v2\/pages\/3085\/revisions\/3098"}],"wp:attachment":[{"href":"https:\/\/www.celtic-concerts-sessions.ch\/news\/wp-json\/wp\/v2\/media?parent=3085"}],"curies":[{"name":"wp","href":"https:\/\/api.w.org\/{rel}","templated":true}]}}