{"id":3027,"date":"2018-08-13T10:52:18","date_gmt":"2018-08-13T10:52:18","guid":{"rendered":"https:\/\/www.celtic-concerts-sessions.ch\/news\/?page_id=3027"},"modified":"2018-11-27T20:03:40","modified_gmt":"2018-11-27T20:03:40","slug":"24-11-18-irish-christmas-festival","status":"publish","type":"page","link":"https:\/\/www.celtic-concerts-sessions.ch\/news\/konzertarchiv\/24-11-18-irish-christmas-festival\/","title":{"rendered":"24.11.18 &#8211; Irish Christmas"},"content":{"rendered":"<p><a href=\"https:\/\/i0.wp.com\/www.celtic-concerts-sessions.ch\/news\/wp-content\/uploads\/2018\/08\/2018-11-124-NEW-ROAD-Kopie.jpeg?ssl=1\"><img data-recalc-dims=\"1\" loading=\"lazy\" decoding=\"async\" data-attachment-id=\"3032\" data-permalink=\"https:\/\/www.celtic-concerts-sessions.ch\/news\/konzertarchiv\/24-11-18-irish-christmas-festival\/olympus-digital-camera-2\/\" data-orig-file=\"https:\/\/i0.wp.com\/www.celtic-concerts-sessions.ch\/news\/wp-content\/uploads\/2018\/08\/2018-11-124-NEW-ROAD-Kopie.jpeg?fit=800%2C800&amp;ssl=1\" data-orig-size=\"800,800\" data-comments-opened=\"1\" data-image-meta=\"{&quot;aperture&quot;:&quot;2&quot;,&quot;credit&quot;:&quot;&quot;,&quot;camera&quot;:&quot;E-M1&quot;,&quot;caption&quot;:&quot;OLYMPUS DIGITAL CAMERA&quot;,&quot;created_timestamp&quot;:&quot;0&quot;,&quot;copyright&quot;:&quot;&quot;,&quot;focal_length&quot;:&quot;12&quot;,&quot;iso&quot;:&quot;800&quot;,&quot;shutter_speed&quot;:&quot;0.0008&quot;,&quot;title&quot;:&quot;OLYMPUS DIGITAL CAMERA&quot;,&quot;orientation&quot;:&quot;1&quot;}\" data-image-title=\"New Road\" data-image-description=\"\" data-image-caption=\"\" data-medium-file=\"https:\/\/i0.wp.com\/www.celtic-concerts-sessions.ch\/news\/wp-content\/uploads\/2018\/08\/2018-11-124-NEW-ROAD-Kopie.jpeg?fit=300%2C300&amp;ssl=1\" data-large-file=\"https:\/\/i0.wp.com\/www.celtic-concerts-sessions.ch\/news\/wp-content\/uploads\/2018\/08\/2018-11-124-NEW-ROAD-Kopie.jpeg?fit=800%2C800&amp;ssl=1\" class=\"alignnone size-medium wp-image-3032\" src=\"https:\/\/i0.wp.com\/www.celtic-concerts-sessions.ch\/news\/wp-content\/uploads\/2018\/08\/2018-11-124-NEW-ROAD-Kopie.jpeg?resize=300%2C300&#038;ssl=1\" alt=\"\" width=\"300\" height=\"300\" srcset=\"https:\/\/i0.wp.com\/www.celtic-concerts-sessions.ch\/news\/wp-content\/uploads\/2018\/08\/2018-11-124-NEW-ROAD-Kopie.jpeg?resize=300%2C300&amp;ssl=1 300w, https:\/\/i0.wp.com\/www.celtic-concerts-sessions.ch\/news\/wp-content\/uploads\/2018\/08\/2018-11-124-NEW-ROAD-Kopie.jpeg?resize=150%2C150&amp;ssl=1 150w, https:\/\/i0.wp.com\/www.celtic-concerts-sessions.ch\/news\/wp-content\/uploads\/2018\/08\/2018-11-124-NEW-ROAD-Kopie.jpeg?resize=768%2C768&amp;ssl=1 768w, https:\/\/i0.wp.com\/www.celtic-concerts-sessions.ch\/news\/wp-content\/uploads\/2018\/08\/2018-11-124-NEW-ROAD-Kopie.jpeg?w=800&amp;ssl=1 800w\" sizes=\"auto, (max-width: 300px) 85vw, 300px\" \/><\/a><br \/>\n<strong>Samstag, 24.11.2018<\/strong><\/p>\n<p><strong>Irish Christmas<br \/>\n<\/strong><\/p>\n<p>Lorraine Jordan (UK)<br \/>\nJohn Doyle &amp; Mike McGoldrick (IRL)<br \/>\nNew Road feat. Cathy Jordan from Dervish (IRL)<\/p>\n<p>Vor und nach den Konzerten: Open Irish Session<\/p>\n<p>Konzert: 20:30<br \/>\nT\u00fcr\u00f6ffnung und Session ab 19:30<\/p>\n<p>***<\/p>\n<p>Das Irish Christmas Festival tourt seit \u00fcber 20 Jahren durch Europa und pr\u00e4sentierte fast die ganze Folk-Prominenz der gr\u00fcnen Insel. Das Programm ist immer f\u00fcr \u00dcberraschungen gut und \u00fcberzeugt mit einem Mix aus etablierten Gr\u00f6ssen und aufstrebenden K\u00fcnstlern.<\/p>\n<p>Geboren in Wales in eine grosse irische Familie und sp\u00e4ter dann wohnhaft in Schottland \u2013 keltischer geht es wohl kaum. <strong>Lorraine Jordans<\/strong> Musik l\u00e4sst sich am besten als \u201eCeltic Soul\u201c bezeichnen. Einzigartig und unverwechselbar. Dank ihrer traumhaft ausdrucksstarken Stimme und ihrem meisterhaften Spiel auf der Gitarre und Bouzouki geh\u00f6rt sie seit vielen Jahren zu den gefragtesten Musikerinnen der Folkszene.<\/p>\n<p><iframe loading=\"lazy\" src=\"https:\/\/www.youtube.com\/embed\/Bk1Cq0VQWd4?rel=0\" width=\"560\" height=\"315\" frameborder=\"0\" allowfullscreen=\"allowfullscreen\"><\/iframe><\/p>\n<p><a href=\"http:\/\/www.lorrainejordan.net\" target=\"_blank\" rel=\"noopener\">www.lorrainejordan.net<\/a><\/p>\n<p><a href=\"http:\/\/www.facebook.com\/lorrainejordan.page\" target=\"_blank\" rel=\"noopener\">www.facebook.com\/lorrainejordan.page<\/a><\/p>\n<p>Das Duo Doyle-McGoldrick ist so was wie das Gipfeltreffen der Celtic-Szene.<\/p>\n<p>An der Gitarre kann <strong>John Doyle<\/strong> eigentlich niemand das Wasser reichen. Er ist Gr\u00fcnder der legend\u00e4ren Band Solas und als Gitarrist, Songwirter und S\u00e4nger ein Star \u2013 und das nicht nur in der Celtic Szene: Doyle war lange Jahre musikalischer Leiter, Gitarrist und S\u00e4nger bei Joan Baez!<\/p>\n<p><iframe loading=\"lazy\" src=\"https:\/\/www.youtube.com\/embed\/v9YFwAcEpn8?rel=0\" width=\"560\" height=\"315\" frameborder=\"0\" allowfullscreen=\"allowfullscreen\"><\/iframe><\/p>\n<p><a href=\"http:\/\/www.johndoylemusic.com\" target=\"_blank\" rel=\"noopener\">www.johndoylemusic.com<\/a><\/p>\n<p><a href=\"http:\/\/www.facebook.com\/John-Doyle-131528053567258\" target=\"_blank\" rel=\"noopener\">www.facebook.com\/John-Doyle<\/a><\/p>\n<p><strong>Mike McGoldrick<\/strong> gilt als einer der gr\u00f6ssten Fl\u00f6tisten aller Zeiten. Er war bei der Gr\u00fcndung der Bands Lunasa und Flook beteiligt und sein musikalisches Talent an Uilleann Pipes und Gitarre wird weit \u00fcber die Celtic-Grenzen hinaus gesch\u00e4tzt. So ist er u.a. seit 10 Jahren Mitglied in der Band von ex-Dire-Straits-Master Mark Knopfler.<\/p>\n<p>Gleich noch ein weiteres musikalisches Gipfeltreffen ist <strong>New Road<\/strong> mit der S\u00e4ngerin <strong>Cahty Jordan<\/strong>. New Road ist ein Ensemble mit Musikern aus der irischen, kanadischen und amerikanischen Celtic-Szene, welches normalerweise nur an ausgelesenen Festivals in \u00dcbersee auftritt.<\/p>\n<p>Und dass Cathy Jordan von der legend\u00e4ren Band Dervish als S\u00e4ngerin dabei sein wird, ist f\u00fcr die Celtic-Fangemeinde nicht nur vorgezogene Christmas sondern Geburtstag und St. Patrick\u2019s Day gleich noch dazu.<\/p>\n<p><iframe loading=\"lazy\" src=\"https:\/\/www.youtube.com\/embed\/lCWbaHCuXxE?rel=0&amp;start=23\" width=\"560\" height=\"315\" frameborder=\"0\" allowfullscreen=\"allowfullscreen\"><\/iframe><\/p>\n<p><a href=\"http:\/\/www.facebook.com\/newroadm\" target=\"_blank\" rel=\"noopener\">www.facebook.com\/newroadm<\/a><\/p>\n<p>Was w\u00e4re ein Celtic-Abend ohne Session? Wir verwandeln die Alte Kaserne in ein Pub und lassen unsere Session-Musiker vor und nach dem Konzert musizieren. Jede und jeder darf mitspielen.<br \/>\nAlso: Fiddle &amp; Co. eingepackt und los geht\u2019s!<br \/>\nFragen zu den Sessions? Meldet euch bitte direkt bei Rose: info@irishevents.ch<\/p>\n<p><a href=\"https:\/\/www.starticket.ch\/de\/tickets\/irish-christmas-20181124-2030-alte-kaserne-kulturzentrum-winterthur\" target=\"_blank\" rel=\"noopener noreferrer\">Vorverkauf auf Starticket<\/a><\/p>\n<p><a href=\"http:\/\/www.irishchristmas.at\" target=\"_blank\" rel=\"noopener\">www.irishchristmas.at<\/a><\/p>\n","protected":false},"excerpt":{"rendered":"<p>Samstag, 24.11.2018 Irish Christmas Lorraine Jordan (UK) John Doyle &amp; Mike McGoldrick (IRL) New Road feat. Cathy Jordan from Dervish (IRL) Vor und nach den Konzerten: Open Irish Session Konzert: 20:30 T\u00fcr\u00f6ffnung und Session ab 19:30 *** Das Irish Christmas Festival tourt seit \u00fcber 20 Jahren durch Europa und pr\u00e4sentierte fast die ganze Folk-Prominenz der &hellip; <a href=\"https:\/\/www.celtic-concerts-sessions.ch\/news\/konzertarchiv\/24-11-18-irish-christmas-festival\/\" class=\"more-link\"><span class=\"screen-reader-text\">\u201e24.11.18 &#8211; Irish Christmas\u201c<\/span> weiterlesen<\/a><\/p>\n","protected":false},"author":1,"featured_media":0,"parent":2689,"menu_order":0,"comment_status":"closed","ping_status":"closed","template":"","meta":{"jetpack_post_was_ever_published":false,"footnotes":""},"class_list":["post-3027","page","type-page","status-publish","hentry"],"jetpack_sharing_enabled":true,"jetpack_shortlink":"https:\/\/wp.me\/P9oLVZ-MP","jetpack_likes_enabled":true,"jetpack-related-posts":[],"_links":{"self":[{"href":"https:\/\/www.celtic-concerts-sessions.ch\/news\/wp-json\/wp\/v2\/pages\/3027","targetHints":{"allow":["GET"]}}],"collection":[{"href":"https:\/\/www.celtic-concerts-sessions.ch\/news\/wp-json\/wp\/v2\/pages"}],"about":[{"href":"https:\/\/www.celtic-concerts-sessions.ch\/news\/wp-json\/wp\/v2\/types\/page"}],"author":[{"embeddable":true,"href":"https:\/\/www.celtic-concerts-sessions.ch\/news\/wp-json\/wp\/v2\/users\/1"}],"replies":[{"embeddable":true,"href":"https:\/\/www.celtic-concerts-sessions.ch\/news\/wp-json\/wp\/v2\/comments?post=3027"}],"version-history":[{"count":7,"href":"https:\/\/www.celtic-concerts-sessions.ch\/news\/wp-json\/wp\/v2\/pages\/3027\/revisions"}],"predecessor-version":[{"id":3075,"href":"https:\/\/www.celtic-concerts-sessions.ch\/news\/wp-json\/wp\/v2\/pages\/3027\/revisions\/3075"}],"up":[{"embeddable":true,"href":"https:\/\/www.celtic-concerts-sessions.ch\/news\/wp-json\/wp\/v2\/pages\/2689"}],"wp:attachment":[{"href":"https:\/\/www.celtic-concerts-sessions.ch\/news\/wp-json\/wp\/v2\/media?parent=3027"}],"curies":[{"name":"wp","href":"https:\/\/api.w.org\/{rel}","templated":true}]}}