{"id":3017,"date":"2018-08-13T10:11:54","date_gmt":"2018-08-13T10:11:54","guid":{"rendered":"https:\/\/www.celtic-concerts-sessions.ch\/news\/?page_id=3017"},"modified":"2018-11-04T16:51:35","modified_gmt":"2018-11-04T16:51:35","slug":"2-11-18-scottish-folk-night","status":"publish","type":"page","link":"https:\/\/www.celtic-concerts-sessions.ch\/news\/konzertarchiv\/2-11-18-scottish-folk-night\/","title":{"rendered":"2.11.18 &#8211; Scottish Folk Night"},"content":{"rendered":"<p><a href=\"https:\/\/i0.wp.com\/www.celtic-concerts-sessions.ch\/news\/wp-content\/uploads\/2018\/08\/2018-11-02-Ben-Miller-Anita-MacDonald-klein.jpg?ssl=1\"><img data-recalc-dims=\"1\" loading=\"lazy\" decoding=\"async\" data-attachment-id=\"3019\" data-permalink=\"https:\/\/www.celtic-concerts-sessions.ch\/news\/konzertarchiv\/2-11-18-scottish-folk-night\/2018-11-02-ben-miller-anita-macdonald-klein\/\" data-orig-file=\"https:\/\/i0.wp.com\/www.celtic-concerts-sessions.ch\/news\/wp-content\/uploads\/2018\/08\/2018-11-02-Ben-Miller-Anita-MacDonald-klein.jpg?fit=1500%2C1000&amp;ssl=1\" data-orig-size=\"1500,1000\" data-comments-opened=\"1\" data-image-meta=\"{&quot;aperture&quot;:&quot;6.3&quot;,&quot;credit&quot;:&quot;&quot;,&quot;camera&quot;:&quot;Canon EOS 7D Mark II&quot;,&quot;caption&quot;:&quot;&quot;,&quot;created_timestamp&quot;:&quot;1478539052&quot;,&quot;copyright&quot;:&quot;&quot;,&quot;focal_length&quot;:&quot;27&quot;,&quot;iso&quot;:&quot;100&quot;,&quot;shutter_speed&quot;:&quot;0.004&quot;,&quot;title&quot;:&quot;&quot;,&quot;orientation&quot;:&quot;1&quot;}\" data-image-title=\"2018-11-02 Ben Miller Anita MacDonald klein\" data-image-description=\"\" data-image-caption=\"\" data-medium-file=\"https:\/\/i0.wp.com\/www.celtic-concerts-sessions.ch\/news\/wp-content\/uploads\/2018\/08\/2018-11-02-Ben-Miller-Anita-MacDonald-klein.jpg?fit=300%2C200&amp;ssl=1\" data-large-file=\"https:\/\/i0.wp.com\/www.celtic-concerts-sessions.ch\/news\/wp-content\/uploads\/2018\/08\/2018-11-02-Ben-Miller-Anita-MacDonald-klein.jpg?fit=840%2C560&amp;ssl=1\" class=\"alignnone size-medium wp-image-3019\" src=\"https:\/\/i0.wp.com\/www.celtic-concerts-sessions.ch\/news\/wp-content\/uploads\/2018\/08\/2018-11-02-Ben-Miller-Anita-MacDonald-klein.jpg?resize=300%2C200&#038;ssl=1\" alt=\"\" width=\"300\" height=\"200\" srcset=\"https:\/\/i0.wp.com\/www.celtic-concerts-sessions.ch\/news\/wp-content\/uploads\/2018\/08\/2018-11-02-Ben-Miller-Anita-MacDonald-klein.jpg?resize=300%2C200&amp;ssl=1 300w, https:\/\/i0.wp.com\/www.celtic-concerts-sessions.ch\/news\/wp-content\/uploads\/2018\/08\/2018-11-02-Ben-Miller-Anita-MacDonald-klein.jpg?resize=768%2C512&amp;ssl=1 768w, https:\/\/i0.wp.com\/www.celtic-concerts-sessions.ch\/news\/wp-content\/uploads\/2018\/08\/2018-11-02-Ben-Miller-Anita-MacDonald-klein.jpg?resize=1024%2C683&amp;ssl=1 1024w, https:\/\/i0.wp.com\/www.celtic-concerts-sessions.ch\/news\/wp-content\/uploads\/2018\/08\/2018-11-02-Ben-Miller-Anita-MacDonald-klein.jpg?resize=1200%2C800&amp;ssl=1 1200w, https:\/\/i0.wp.com\/www.celtic-concerts-sessions.ch\/news\/wp-content\/uploads\/2018\/08\/2018-11-02-Ben-Miller-Anita-MacDonald-klein.jpg?w=1500&amp;ssl=1 1500w\" sizes=\"auto, (max-width: 300px) 85vw, 300px\" \/><\/a><br \/>\n<strong>Freitag, 2.11.2018<\/strong><\/p>\n<p><strong>Scottish Folk Night \u2013 11th Scottish Colours-Tour<\/strong><\/p>\n<p>Buddy MacDonald (CAN\/Cape Breton)<br \/>\nBen Miller &amp; Anita MacDonald (CAN\/Cape Breton)<br \/>\nIona Fyfe Band (SCO)<\/p>\n<p>Konzert: 20:30<br \/>\nT\u00fcr\u00f6ffnung und Session ab 19:30<\/p>\n<p>Bunt, kr\u00e4ftig und beeindruckend wie die Farben des Indian Summers im kanadischen Nova Scotia pr\u00e4sentiert sich die musikalische Palette der diesj\u00e4hrigen \u00abScottish Colours-Tour\u00bb.<\/p>\n<p>Gleich drei grossartige Acts sind bei der bereits elften Ausgabe dieser Tour mit dabei!<\/p>\n<p><strong>Buddy MacDonald <\/strong>ist der Gastgeber der legend\u00e4ren After-Sessions des Celtic Colours-Festivals auf Cape Breton. <strong>MacDonald<\/strong> startet jeweils mit ein paar eigenen Songs und stellt dann spontan Ensembles aus den vom Festival her eintreffenden Musikern zusammen. MacDonald ist ein ph\u00e4nomenaler Musiker und exzellenter Conf\u00e9rencier und Geschichtenerz\u00e4hler.<\/p>\n<p><iframe loading=\"lazy\" src=\"https:\/\/www.youtube.com\/embed\/y1uRzM0o_Gk?rel=0\" width=\"560\" height=\"315\" frameborder=\"0\" allowfullscreen=\"allowfullscreen\"><\/iframe><\/p>\n<p><a href=\"http:\/\/www.buddymacdonald.ca\" target=\"_blank\" rel=\"noopener\">www.buddymacdonald.ca<\/a><\/p>\n<p><strong>Ben Miller <\/strong>und <strong>Anita MacDonald<\/strong> geh\u00f6ren zur jungen, kreativen Celtic-Szene Kanadas. MacDonald ist jetzt schon eine der besten Fiddlerinnen des Landes und Miller ein Virtuose an den schottischen Border Pipes. Begleitet wird das Duo vom grossartigen kanadischen Gitarristen <strong>Zakk Cormier<\/strong>.<\/p>\n<p><iframe loading=\"lazy\" src=\"https:\/\/www.youtube.com\/embed\/ElVSETDwQfs?rel=0\" width=\"560\" height=\"315\" frameborder=\"0\" allowfullscreen=\"allowfullscreen\"><\/iframe><\/p>\n<p><a href=\"http:\/\/www.benandanita.com\" target=\"_blank\" rel=\"noopener\">www.benandanita.com<\/a><\/p>\n<p><a href=\"http:\/\/www.facebook.com\/benandanita.music\" target=\"_blank\" rel=\"noopener\">www.facebook.com\/benandanita.music<\/a><\/p>\n<p>Und gleich noch ein junges und grosses Talent:<\/p>\n<p>Die schottische S\u00e4ngerin und Pianistin <strong>Iona Fyfe<\/strong> hat noch nicht mal ein Album draussen, und schon reissen sich die Festivals und Agenturen um diese Ausnahmes\u00e4ngerin. Ihre Stimme ergibt zusammen mit Kontrabass, Bodhran, Pipes, Whistler und Piano ein Gesamtkunstwerk.<\/p>\n<p>Iona Fyfe ist tief in der traditionellen Folkmusik ihrer Heimat verwurzelt, steht aber mit beiden Beinen im Hier und Jetzt. GlobalMusic.de schreibt denn auch: \u201eDieser wundervollen Stimme nicht zu erliegen, ist nahezu unm\u00f6glich.\u201c<\/p>\n<p><iframe loading=\"lazy\" src=\"https:\/\/www.youtube.com\/embed\/ocJ_S5UKM7s?rel=0\" width=\"560\" height=\"315\" frameborder=\"0\" allowfullscreen=\"allowfullscreen\"><\/iframe><\/p>\n<p><a href=\"http:\/\/www.ionafyfe.com\" target=\"_blank\" rel=\"noopener\">www.ionafyfe.com<\/a><\/p>\n<p><a href=\"http:\/\/www.facebook.com\/ionafyfesinger\" target=\"_blank\" rel=\"noopener\">www.facebook.com\/ionafyfesinger<\/a><\/p>\n<p>Was w\u00e4re ein Celtic-Abend ohne Session? Wir verwandeln die Alte Kaserne in ein Pub und lassen unsere Session-Musiker vor und nach dem Konzert musizieren. Jede und jeder darf mitspielen.<br \/>\nAlso: Fiddle &amp; Co. eingepackt und los geht\u2019s!<br \/>\nFragen zu den Sessions? Meldet euch bitte direkt bei Rose: info@irishevents.ch<\/p>\n<p><a href=\"https:\/\/www.starticket.ch\/de\/tickets\/scottish-folk-night-20181102-2030-alte-kaserne-kulturzentrum-winterthur\" target=\"_blank\" rel=\"noopener noreferrer\">Vorverkauf auf Starticket<\/a><\/p>\n<p><a href=\"http:\/\/www.weltenklang.at\/artists\/detail\/artikel\/11th_SCOTTISH_COLOURS_Tour.html\" target=\"_blank\" rel=\"noopener noreferrer\">www.weltenklang.at<\/a><\/p>\n<p>&nbsp;<\/p>\n","protected":false},"excerpt":{"rendered":"<p>Freitag, 2.11.2018 Scottish Folk Night \u2013 11th Scottish Colours-Tour Buddy MacDonald (CAN\/Cape Breton) Ben Miller &amp; Anita MacDonald (CAN\/Cape Breton) Iona Fyfe Band (SCO) Konzert: 20:30 T\u00fcr\u00f6ffnung und Session ab 19:30 Bunt, kr\u00e4ftig und beeindruckend wie die Farben des Indian Summers im kanadischen Nova Scotia pr\u00e4sentiert sich die musikalische Palette der diesj\u00e4hrigen \u00abScottish Colours-Tour\u00bb. Gleich &hellip; <a href=\"https:\/\/www.celtic-concerts-sessions.ch\/news\/konzertarchiv\/2-11-18-scottish-folk-night\/\" class=\"more-link\"><span class=\"screen-reader-text\">\u201e2.11.18 &#8211; Scottish Folk Night\u201c<\/span> weiterlesen<\/a><\/p>\n","protected":false},"author":1,"featured_media":0,"parent":2689,"menu_order":0,"comment_status":"closed","ping_status":"closed","template":"","meta":{"jetpack_post_was_ever_published":false,"footnotes":""},"class_list":["post-3017","page","type-page","status-publish","hentry"],"jetpack_sharing_enabled":true,"jetpack_shortlink":"https:\/\/wp.me\/P9oLVZ-MF","jetpack_likes_enabled":true,"jetpack-related-posts":[],"_links":{"self":[{"href":"https:\/\/www.celtic-concerts-sessions.ch\/news\/wp-json\/wp\/v2\/pages\/3017","targetHints":{"allow":["GET"]}}],"collection":[{"href":"https:\/\/www.celtic-concerts-sessions.ch\/news\/wp-json\/wp\/v2\/pages"}],"about":[{"href":"https:\/\/www.celtic-concerts-sessions.ch\/news\/wp-json\/wp\/v2\/types\/page"}],"author":[{"embeddable":true,"href":"https:\/\/www.celtic-concerts-sessions.ch\/news\/wp-json\/wp\/v2\/users\/1"}],"replies":[{"embeddable":true,"href":"https:\/\/www.celtic-concerts-sessions.ch\/news\/wp-json\/wp\/v2\/comments?post=3017"}],"version-history":[{"count":6,"href":"https:\/\/www.celtic-concerts-sessions.ch\/news\/wp-json\/wp\/v2\/pages\/3017\/revisions"}],"predecessor-version":[{"id":3024,"href":"https:\/\/www.celtic-concerts-sessions.ch\/news\/wp-json\/wp\/v2\/pages\/3017\/revisions\/3024"}],"up":[{"embeddable":true,"href":"https:\/\/www.celtic-concerts-sessions.ch\/news\/wp-json\/wp\/v2\/pages\/2689"}],"wp:attachment":[{"href":"https:\/\/www.celtic-concerts-sessions.ch\/news\/wp-json\/wp\/v2\/media?parent=3017"}],"curies":[{"name":"wp","href":"https:\/\/api.w.org\/{rel}","templated":true}]}}