{"id":2679,"date":"2016-06-04T15:38:43","date_gmt":"2016-06-04T15:38:43","guid":{"rendered":"http:\/\/www.celtic-concerts-sessions.ch\/news\/?page_id=2679"},"modified":"2017-05-07T11:19:54","modified_gmt":"2017-05-07T11:19:54","slug":"los-paperboys","status":"publish","type":"page","link":"https:\/\/www.celtic-concerts-sessions.ch\/news\/konzertarchiv\/los-paperboys\/","title":{"rendered":"Los Paperboys"},"content":{"rendered":"<figure id=\"attachment_2710\" aria-describedby=\"caption-attachment-2710\" style=\"width: 300px\" class=\"wp-caption alignnone\"><a href=\"https:\/\/i0.wp.com\/www.celtic-concerts-sessions.ch\/news\/wp-content\/uploads\/2016\/06\/2017-04-17-Los-Paperboys-425px-e1481453734726.jpg\"><img data-recalc-dims=\"1\" loading=\"lazy\" decoding=\"async\" data-attachment-id=\"2710\" data-permalink=\"https:\/\/www.celtic-concerts-sessions.ch\/news\/konzertarchiv\/los-paperboys\/fotograf-bjoern-friedrich\/\" data-orig-file=\"https:\/\/i0.wp.com\/www.celtic-concerts-sessions.ch\/news\/wp-content\/uploads\/2016\/06\/2017-04-17-Los-Paperboys-425px-e1481453734726.jpg?fit=425%2C239&amp;ssl=1\" data-orig-size=\"425,239\" data-comments-opened=\"1\" data-image-meta=\"{&quot;aperture&quot;:&quot;3.5&quot;,&quot;credit&quot;:&quot;Bjoern Friedrich&quot;,&quot;camera&quot;:&quot;NIKON D4&quot;,&quot;caption&quot;:&quot;Fotograf: Bj\\u00f6rn Friedrich&quot;,&quot;created_timestamp&quot;:&quot;1371766735&quot;,&quot;copyright&quot;:&quot;\\u00a9 Bjoern Friedrich&quot;,&quot;focal_length&quot;:&quot;24&quot;,&quot;iso&quot;:&quot;2000&quot;,&quot;shutter_speed&quot;:&quot;0.003125&quot;,&quot;title&quot;:&quot;Fotograf: Bj\\u00f6rn Friedrich&quot;,&quot;orientation&quot;:&quot;1&quot;}\" data-image-title=\"Fotograf: Bj\u00f6rn Friedrich\" data-image-description=\"\" data-image-caption=\"&lt;p&gt;Fotograf: Bj\u00f6rn Friedrich&lt;\/p&gt;\n\" data-medium-file=\"https:\/\/i0.wp.com\/www.celtic-concerts-sessions.ch\/news\/wp-content\/uploads\/2016\/06\/2017-04-17-Los-Paperboys-425px-e1481453734726.jpg?fit=300%2C169&amp;ssl=1\" data-large-file=\"https:\/\/i0.wp.com\/www.celtic-concerts-sessions.ch\/news\/wp-content\/uploads\/2016\/06\/2017-04-17-Los-Paperboys-425px-e1481453734726.jpg?fit=425%2C239&amp;ssl=1\" class=\"wp-image-2710 size-medium\" src=\"https:\/\/i0.wp.com\/www.celtic-concerts-sessions.ch\/news\/wp-content\/uploads\/2016\/06\/2017-04-17-Los-Paperboys-425px-300x169.jpg?resize=300%2C169\" width=\"300\" height=\"169\" \/><\/a><figcaption id=\"caption-attachment-2710\" class=\"wp-caption-text\">Fotograf: Bj\u00f6rn Friedrich<\/figcaption><\/figure>\n<p><strong>Donnerstag, 27.04.2017<\/strong><\/p>\n<p><a href=\"http:\/\/www.paperboys.com\" target=\"_blank\" rel=\"noopener noreferrer\">www.paperboys.com<\/a><\/p>\n<p>Konzert: 20:00<br \/>\nT\u00fcr\u00f6ffnung und Session ab 19:00<\/p>\n<p>Die Damen und Herren dieser grandiosen Band haben irische, schottische aber auch lateinamerikanische Wurzeln. Das schmeckt, wie wenn man ein Guinness mit einem Schluck w\u00fcrzigem Tequila runtersp\u00fclen w\u00fcrde \u2013 oder f\u00fchlt sich an wie eine Reise von Neufundland quer durch die USA bis nach Mexiko. Celtic Music gew\u00fcrzt mit Tex-Mex, Blues, Surf und einer Prise Ska. Ganz sch\u00f6n scharf das ganze!<\/p>\n<p>Was w\u00e4re ein Celtic-Abend ohne Session? Wir verwandeln die Alte Kaserne in ein Pub und lassen unsere Session-Musiker vor und nach dem Konzert musizieren. Jede und jeder darf mitspielen.<br \/>\nAlso: Fiddle &amp; Co. eingepackt und los geht\u2019s!<br \/>\nFragen zu den Sessions? Meldet euch bitte direkt bei Rose: info@irishevents.ch<\/p>\n<p><a href=\"https:\/\/www.starticket.ch\/de\/tickets\/los-paperboys-20170427-2030-alte-kaserne-kulturzentrum-winterthur\" target=\"_blank\" rel=\"noopener noreferrer\">Vorverkauf \u00fcber Starticket<\/a><\/p>\n","protected":false},"excerpt":{"rendered":"<p>Donnerstag, 27.04.2017 www.paperboys.com Konzert: 20:00 T\u00fcr\u00f6ffnung und Session ab 19:00 Die Damen und Herren dieser grandiosen Band haben irische, schottische aber auch lateinamerikanische Wurzeln. Das schmeckt, wie wenn man ein Guinness mit einem Schluck w\u00fcrzigem Tequila runtersp\u00fclen w\u00fcrde \u2013 oder f\u00fchlt sich an wie eine Reise von Neufundland quer durch die USA bis nach Mexiko. &hellip; <a href=\"https:\/\/www.celtic-concerts-sessions.ch\/news\/konzertarchiv\/los-paperboys\/\" class=\"more-link\"><span class=\"screen-reader-text\">\u201eLos Paperboys\u201c<\/span> weiterlesen<\/a><\/p>\n","protected":false},"author":1,"featured_media":0,"parent":2689,"menu_order":9,"comment_status":"closed","ping_status":"closed","template":"","meta":{"jetpack_post_was_ever_published":false,"footnotes":""},"class_list":["post-2679","page","type-page","status-publish","hentry"],"jetpack_sharing_enabled":true,"jetpack_shortlink":"https:\/\/wp.me\/P9oLVZ-Hd","jetpack_likes_enabled":true,"jetpack-related-posts":[],"_links":{"self":[{"href":"https:\/\/www.celtic-concerts-sessions.ch\/news\/wp-json\/wp\/v2\/pages\/2679","targetHints":{"allow":["GET"]}}],"collection":[{"href":"https:\/\/www.celtic-concerts-sessions.ch\/news\/wp-json\/wp\/v2\/pages"}],"about":[{"href":"https:\/\/www.celtic-concerts-sessions.ch\/news\/wp-json\/wp\/v2\/types\/page"}],"author":[{"embeddable":true,"href":"https:\/\/www.celtic-concerts-sessions.ch\/news\/wp-json\/wp\/v2\/users\/1"}],"replies":[{"embeddable":true,"href":"https:\/\/www.celtic-concerts-sessions.ch\/news\/wp-json\/wp\/v2\/comments?post=2679"}],"version-history":[{"count":13,"href":"https:\/\/www.celtic-concerts-sessions.ch\/news\/wp-json\/wp\/v2\/pages\/2679\/revisions"}],"predecessor-version":[{"id":2891,"href":"https:\/\/www.celtic-concerts-sessions.ch\/news\/wp-json\/wp\/v2\/pages\/2679\/revisions\/2891"}],"up":[{"embeddable":true,"href":"https:\/\/www.celtic-concerts-sessions.ch\/news\/wp-json\/wp\/v2\/pages\/2689"}],"wp:attachment":[{"href":"https:\/\/www.celtic-concerts-sessions.ch\/news\/wp-json\/wp\/v2\/media?parent=2679"}],"curies":[{"name":"wp","href":"https:\/\/api.w.org\/{rel}","templated":true}]}}