{"id":2672,"date":"2016-06-04T15:40:04","date_gmt":"2016-06-04T15:40:04","guid":{"rendered":"http:\/\/www.celtic-concerts-sessions.ch\/news\/?page_id=2672"},"modified":"2017-05-07T11:19:27","modified_gmt":"2017-05-07T11:19:27","slug":"songs-from-ireland","status":"publish","type":"page","link":"https:\/\/www.celtic-concerts-sessions.ch\/news\/konzertarchiv\/songs-from-ireland\/","title":{"rendered":"Songs from Ireland"},"content":{"rendered":"<p><a href=\"https:\/\/i0.wp.com\/www.celtic-concerts-sessions.ch\/news\/wp-content\/uploads\/2016\/06\/2017-01-27-Songs-From-Ireland_425px.jpg\"><img data-recalc-dims=\"1\" loading=\"lazy\" decoding=\"async\" data-attachment-id=\"2714\" data-permalink=\"https:\/\/www.celtic-concerts-sessions.ch\/news\/konzertarchiv\/songs-from-ireland\/2017-01-27-songs-from-ireland_425px\/\" data-orig-file=\"https:\/\/i0.wp.com\/www.celtic-concerts-sessions.ch\/news\/wp-content\/uploads\/2016\/06\/2017-01-27-Songs-From-Ireland_425px.jpg?fit=425%2C425&amp;ssl=1\" data-orig-size=\"425,425\" data-comments-opened=\"1\" data-image-meta=\"{&quot;aperture&quot;:&quot;0&quot;,&quot;credit&quot;:&quot;&quot;,&quot;camera&quot;:&quot;&quot;,&quot;caption&quot;:&quot;&quot;,&quot;created_timestamp&quot;:&quot;0&quot;,&quot;copyright&quot;:&quot;&quot;,&quot;focal_length&quot;:&quot;0&quot;,&quot;iso&quot;:&quot;0&quot;,&quot;shutter_speed&quot;:&quot;0&quot;,&quot;title&quot;:&quot;&quot;,&quot;orientation&quot;:&quot;1&quot;}\" data-image-title=\"Songs From Ireland_425px\" data-image-description=\"\" data-image-caption=\"\" data-medium-file=\"https:\/\/i0.wp.com\/www.celtic-concerts-sessions.ch\/news\/wp-content\/uploads\/2016\/06\/2017-01-27-Songs-From-Ireland_425px.jpg?fit=300%2C300&amp;ssl=1\" data-large-file=\"https:\/\/i0.wp.com\/www.celtic-concerts-sessions.ch\/news\/wp-content\/uploads\/2016\/06\/2017-01-27-Songs-From-Ireland_425px.jpg?fit=425%2C425&amp;ssl=1\" class=\"alignnone wp-image-2714 size-medium\" src=\"https:\/\/i0.wp.com\/www.celtic-concerts-sessions.ch\/news\/wp-content\/uploads\/2016\/06\/2017-01-27-Songs-From-Ireland_425px-300x300.jpg?resize=300%2C300\" width=\"300\" height=\"300\" srcset=\"https:\/\/i0.wp.com\/www.celtic-concerts-sessions.ch\/news\/wp-content\/uploads\/2016\/06\/2017-01-27-Songs-From-Ireland_425px.jpg?resize=300%2C300&amp;ssl=1 300w, https:\/\/i0.wp.com\/www.celtic-concerts-sessions.ch\/news\/wp-content\/uploads\/2016\/06\/2017-01-27-Songs-From-Ireland_425px.jpg?resize=150%2C150&amp;ssl=1 150w, https:\/\/i0.wp.com\/www.celtic-concerts-sessions.ch\/news\/wp-content\/uploads\/2016\/06\/2017-01-27-Songs-From-Ireland_425px.jpg?w=425&amp;ssl=1 425w\" sizes=\"auto, (max-width: 300px) 85vw, 300px\" \/><\/a><\/p>\n<p><strong>Freitag, 27.01.2017<\/strong><\/p>\n<p>Bronagh Gallagher (The Commitments) &#8211; vocals<br \/>\nMark Geary &#8211; vocals\/guitar<br \/>\nLiam O&#8216; Connor &#8211; fiddle<br \/>\nSe\u00e1n McKeon &#8211; uilleann pipes<br \/>\nJohn Blake &#8211; guitar<br \/>\nJack Maher &#8211; vocals\/guitar<br \/>\nConor Brady &#8211; guitar<\/p>\n<p>Konzert: 20:30<br \/>\nT\u00fcr\u00f6ffnung und Session ab 19:30<\/p>\n<p>Die irische Musik ist tief verwurzelt in einer keltischen Tradition, welche die irische Seele durchdringt und sich auch in heutigem irischen Songwriting fortsetzt. Das Projekt \u201cSongs from Ireland: Old and New\u201d bietet in diesem Sinne ein einzigartig irisches Erlebnis. Es bringt eine Auswahl Irlands bester Musiker in einer bewegenden und einnehmenden Show zusammen, die in diesem Sinne nahtlos das Traditionelle mit dem Zeitgen\u00f6ssischen verbindet: vom souligen Sound der S\u00e4ngerin und Schauspielerin Bronagh Gallagher (The Commitments) \u00fcber die gef\u00fchlvollen und meisterhaft ausgearbeiteten Songs von Mark Geary, begleitet von Jack Mayer an der Gitarre, zu den traditionellen Kl\u00e4ngen der Gr\u00fcnen Insel mit Fiddler Liam O&#8216; Connor, Gitarrist John Blake und Se\u00e1n McKeon an den Uillieann Pipes.<br \/>\nMit viel Humor und augenzwinkerndem Witz gleicht die Show einer fr\u00f6hlichen irischen Craic, begeistert und beschwingt und weckt das Verlangen, den n\u00e4chstm\u00f6glichen Flug nach Dublin zu buchen.<br \/>\nEin einnehmendes und bewegendes Musikereignis!<\/p>\n<p>Was w\u00e4re ein Celtic-Abend ohne Session? Wir verwandeln die Alte Kaserne in ein Pub und lassen unsere Session-Musiker vor und nach dem Konzert musizieren. Jede und jeder darf mitspielen.<br \/>\nAlso: Fiddle &amp; Co. eingepackt und los geht\u2019s!<br \/>\nFragen zu den Sessions? Meldet euch bitte direkt bei Rose: info@irishevents.ch<\/p>\n<p><a href=\"https:\/\/www.starticket.ch\/de\/tickets\/scottish-folk-night-20161020-2030-alte-kaserne-kulturzentrum-winterthur\" target=\"_blank\">Vorverkauf auf Starticket<\/a><\/p>\n<p><a href=\"http:\/\/www.grueningen-sessions.com\" target=\"_blank\">www.grueningen-sessions.com<\/a><br \/>\n<a href=\"http:\/\/www.markgeary.com\" target=\"_blank\">www.markgeary.com<\/a><br \/>\n<a href=\"http:\/\/www.facebook.com\/markygeary\" target=\"_blank\">www.facebook.com\/markygeary<\/a><br \/>\n<a target=\"_blank\">www.bronaghgallagher.com<\/a><br \/>\n<a target=\"_blank\">www.facebook.com\/bronaghgallagherofficial<\/a><\/p>\n","protected":false},"excerpt":{"rendered":"<p>Freitag, 27.01.2017 Bronagh Gallagher (The Commitments) &#8211; vocals Mark Geary &#8211; vocals\/guitar Liam O&#8216; Connor &#8211; fiddle Se\u00e1n McKeon &#8211; uilleann pipes John Blake &#8211; guitar Jack Maher &#8211; vocals\/guitar Conor Brady &#8211; guitar Konzert: 20:30 T\u00fcr\u00f6ffnung und Session ab 19:30 Die irische Musik ist tief verwurzelt in einer keltischen Tradition, welche die irische Seele &hellip; <a href=\"https:\/\/www.celtic-concerts-sessions.ch\/news\/konzertarchiv\/songs-from-ireland\/\" class=\"more-link\"><span class=\"screen-reader-text\">\u201eSongs from Ireland\u201c<\/span> weiterlesen<\/a><\/p>\n","protected":false},"author":1,"featured_media":0,"parent":2689,"menu_order":5,"comment_status":"closed","ping_status":"closed","template":"","meta":{"jetpack_post_was_ever_published":false,"footnotes":""},"class_list":["post-2672","page","type-page","status-publish","hentry"],"jetpack_sharing_enabled":true,"jetpack_shortlink":"https:\/\/wp.me\/P9oLVZ-H6","jetpack_likes_enabled":true,"jetpack-related-posts":[],"_links":{"self":[{"href":"https:\/\/www.celtic-concerts-sessions.ch\/news\/wp-json\/wp\/v2\/pages\/2672","targetHints":{"allow":["GET"]}}],"collection":[{"href":"https:\/\/www.celtic-concerts-sessions.ch\/news\/wp-json\/wp\/v2\/pages"}],"about":[{"href":"https:\/\/www.celtic-concerts-sessions.ch\/news\/wp-json\/wp\/v2\/types\/page"}],"author":[{"embeddable":true,"href":"https:\/\/www.celtic-concerts-sessions.ch\/news\/wp-json\/wp\/v2\/users\/1"}],"replies":[{"embeddable":true,"href":"https:\/\/www.celtic-concerts-sessions.ch\/news\/wp-json\/wp\/v2\/comments?post=2672"}],"version-history":[{"count":15,"href":"https:\/\/www.celtic-concerts-sessions.ch\/news\/wp-json\/wp\/v2\/pages\/2672\/revisions"}],"predecessor-version":[{"id":2890,"href":"https:\/\/www.celtic-concerts-sessions.ch\/news\/wp-json\/wp\/v2\/pages\/2672\/revisions\/2890"}],"up":[{"embeddable":true,"href":"https:\/\/www.celtic-concerts-sessions.ch\/news\/wp-json\/wp\/v2\/pages\/2689"}],"wp:attachment":[{"href":"https:\/\/www.celtic-concerts-sessions.ch\/news\/wp-json\/wp\/v2\/media?parent=2672"}],"curies":[{"name":"wp","href":"https:\/\/api.w.org\/{rel}","templated":true}]}}