{"id":2666,"date":"2016-06-04T15:29:57","date_gmt":"2016-06-04T15:29:57","guid":{"rendered":"http:\/\/www.celtic-concerts-sessions.ch\/news\/?page_id=2666"},"modified":"2017-05-07T11:18:20","modified_gmt":"2017-05-07T11:18:20","slug":"scottish-folk-night","status":"publish","type":"page","link":"https:\/\/www.celtic-concerts-sessions.ch\/news\/konzertarchiv\/scottish-folk-night\/","title":{"rendered":"Scottish Folk Night"},"content":{"rendered":"<p><strong>Donnerstag, 20.10.2016<\/strong><\/p>\n<p>Cassie &amp; Maggie MacDonald (Nova Scotia\/CAN)<br \/>\nIain Morrison Trio (SCO)<\/p>\n<p>Konzert: 20:00<br \/>\nT\u00fcr\u00f6ffnung und Session ab 19:00<\/p>\n<p>Bunt, kr\u00e4ftig und beeindruckend wie die Farben des Indian Summers im kanadischen Nova Scotia pr\u00e4sentiert sich die musikalische Palette der diesj\u00e4hrigen \u00abScottish Colours-Tour\u00bb.<\/p>\n<p>Aus Nova Scotia kommt dann auch das sensationelle Schwestern-Duo Cassie &amp; Maggie MacDonald. Die jungen, grossartigen Musikerinnen kommen aus der musikalischen Tradition der schottischen Einwanderer und wurden sogar schon f\u00fcr den East Coast Music Award \u2013 den kanadischen Grammy \u2013 nominiert!<br \/>\nMit ihrem meisterlichen Handwerk auf Fiddle, Gitarre und Klavier, mit wundersch\u00f6nen Gesangsharmonien und atemberaubendem Steptanz verzaubern Cassie und Maggie das Publikum rund um den Globus.<\/p>\n<p>Iain Morrison, Sohn des legend\u00e4ren Pipers Iain M Morrison, geh\u00f6rt zur Speerspitze der jungen schottischen Indie-Folk Szene. Mit seiner sehr erfolgreichen Band Crash My Model Car spielte er in grossen Hallen und an bekannten Festivals.<br \/>\nAuf seinem aktuellen Album kehrt er nun zur\u00fcck zu seinen Wurzeln und schafft bravour\u00f6s, traditionelle und aktuelle schottische Musik zu einem lebendigen und quirligen Mix zu kombinieren.<\/p>\n<p>Cassie &amp; Maggie MacDonald und Iain Morrison Trio: Ein hochkar\u00e4tiges Treffen und ein musikalisches Feuerwerk in einem!<\/p>\n<div class=\"jetpack-video-wrapper\"><iframe loading=\"lazy\" width=\"840\" height=\"473\" src=\"https:\/\/www.youtube.com\/embed\/cY2-SYvcDjo?feature=oembed\" frameborder=\"0\" allowfullscreen><\/iframe><\/div>\n<div class=\"jetpack-video-wrapper\"><iframe loading=\"lazy\" width=\"840\" height=\"473\" src=\"https:\/\/www.youtube.com\/embed\/VXZVZ5m8Hw8?feature=oembed\" frameborder=\"0\" allowfullscreen><\/iframe><\/div>\n<p>Was w\u00e4re ein Celtic-Abend ohne Session? Wir verwandeln die Alte Kaserne in ein Pub und lassen unsere Session-Musiker vor und nach dem Konzert musizieren. Jede und jeder darf mitspielen.<br \/>\nAlso: Fiddle &amp; Co. eingepackt und los geht\u2019s!<\/p>\n<p>Fragen zu den Sessions? Meldet euch bitte direkt bei Rose: info@irishevents.ch<\/p>\n<p><a href=\"https:\/\/www.starticket.ch\/de\/tickets\/scottish-folk-night-20161020-2030-alte-kaserne-kulturzentrum-winterthur\" target=\"_blank\">Vorverkauf auf Starticket<\/a><\/p>\n<p>Cassie &amp; Maggie MacDonald (CAN\/Nova Scotia) <a href=\"http:\/\/www.cassieandmaggie.com\" target=\"_blank\">www.cassieandmaggie.com<\/a><br \/>\nIain Morrison &amp; Band (SCO) <a href=\"http:\/\/www.iainmorrisonmusic.com\" target=\"_blank\">www.iainmorrisonmusic.com<\/a><\/p>\n","protected":false},"excerpt":{"rendered":"<p>Donnerstag, 20.10.2016 Cassie &amp; Maggie MacDonald (Nova Scotia\/CAN) Iain Morrison Trio (SCO) Konzert: 20:00 T\u00fcr\u00f6ffnung und Session ab 19:00 Bunt, kr\u00e4ftig und beeindruckend wie die Farben des Indian Summers im kanadischen Nova Scotia pr\u00e4sentiert sich die musikalische Palette der diesj\u00e4hrigen \u00abScottish Colours-Tour\u00bb. Aus Nova Scotia kommt dann auch das sensationelle Schwestern-Duo Cassie &amp; Maggie MacDonald. &hellip; <a href=\"https:\/\/www.celtic-concerts-sessions.ch\/news\/konzertarchiv\/scottish-folk-night\/\" class=\"more-link\"><span class=\"screen-reader-text\">\u201eScottish Folk Night\u201c<\/span> weiterlesen<\/a><\/p>\n","protected":false},"author":1,"featured_media":2715,"parent":2689,"menu_order":4,"comment_status":"closed","ping_status":"closed","template":"","meta":{"jetpack_post_was_ever_published":false,"footnotes":""},"class_list":["post-2666","page","type-page","status-publish","has-post-thumbnail","hentry"],"jetpack_sharing_enabled":true,"jetpack_shortlink":"https:\/\/wp.me\/P9oLVZ-H0","jetpack_likes_enabled":true,"jetpack-related-posts":[],"_links":{"self":[{"href":"https:\/\/www.celtic-concerts-sessions.ch\/news\/wp-json\/wp\/v2\/pages\/2666","targetHints":{"allow":["GET"]}}],"collection":[{"href":"https:\/\/www.celtic-concerts-sessions.ch\/news\/wp-json\/wp\/v2\/pages"}],"about":[{"href":"https:\/\/www.celtic-concerts-sessions.ch\/news\/wp-json\/wp\/v2\/types\/page"}],"author":[{"embeddable":true,"href":"https:\/\/www.celtic-concerts-sessions.ch\/news\/wp-json\/wp\/v2\/users\/1"}],"replies":[{"embeddable":true,"href":"https:\/\/www.celtic-concerts-sessions.ch\/news\/wp-json\/wp\/v2\/comments?post=2666"}],"version-history":[{"count":22,"href":"https:\/\/www.celtic-concerts-sessions.ch\/news\/wp-json\/wp\/v2\/pages\/2666\/revisions"}],"predecessor-version":[{"id":2888,"href":"https:\/\/www.celtic-concerts-sessions.ch\/news\/wp-json\/wp\/v2\/pages\/2666\/revisions\/2888"}],"up":[{"embeddable":true,"href":"https:\/\/www.celtic-concerts-sessions.ch\/news\/wp-json\/wp\/v2\/pages\/2689"}],"wp:featuredmedia":[{"embeddable":true,"href":"https:\/\/www.celtic-concerts-sessions.ch\/news\/wp-json\/wp\/v2\/media\/2715"}],"wp:attachment":[{"href":"https:\/\/www.celtic-concerts-sessions.ch\/news\/wp-json\/wp\/v2\/media?parent=2666"}],"curies":[{"name":"wp","href":"https:\/\/api.w.org\/{rel}","templated":true}]}}