{"id":2567,"date":"2016-01-31T13:41:42","date_gmt":"2016-01-31T13:41:42","guid":{"rendered":"http:\/\/www.celtic-concerts-sessions.ch\/news\/?page_id=2567"},"modified":"2017-05-07T11:17:01","modified_gmt":"2017-05-07T11:17:01","slug":"shirley-grimes-band","status":"publish","type":"page","link":"https:\/\/www.celtic-concerts-sessions.ch\/news\/konzertarchiv\/shirley-grimes-band\/","title":{"rendered":"Shirley Grimes &#038; Band (CH)"},"content":{"rendered":"<p><strong>Freitag, 26.2.2016<\/strong><\/p>\n<p>\u00abLovesongs\u00bb &#8211; Irish Folk<\/p>\n<p>Konzert: 20:30<br \/>\nT\u00fcr\u00f6ffnung und Session ab 19:30<\/p>\n<p>Nach einer langen Reise kehrt Shirley Grimes zu ihren musikalischen Wurzeln zur\u00fcck \u2013 zum echten, urspr\u00fcnglichen Irish Folk, zu seinen Geschichten von Sehnsucht, Hoffnung und unerf\u00fcllter Liebe. Seit ihrem letzten Album verbindet die in Bern lebende Irin traditionelle Celtic Music mit zeitgen\u00f6ssischem Songwriting. Mit ihrer warmen und eindr\u00fccklichen Stimme und ihrer fantastischen Band verwandelt sie die B\u00fchne in eine wundersch\u00f6n gr\u00fcne und weite Landschaft Irlands. Die ergreifenden und pers\u00f6nlichen Songs von Shirley Grimes ber\u00fchren und \u00f6ffnen die Herzen des Publikums. Ihre unverwechselbaren Lieder lassen die Zuh\u00f6rer an einer gef\u00fchlsvollen Welt teilhaben und garantieren eine faszinierende Reise ins musikalische Irland.<\/p>\n<p>Shirley Grimes: vocal, guitar<br \/>\nSamuel Baur: vocal, percussion, harmonica<br \/>\nWolfgang Zwiauer: mandocello, bass, electric piano<br \/>\nStefanie Aeschlimann: fiddle, viola<\/p>\n<div class=\"jetpack-video-wrapper\"><iframe loading=\"lazy\" width=\"840\" height=\"473\" src=\"https:\/\/www.youtube.com\/embed\/YI4ltp_BGA4?feature=oembed\" frameborder=\"0\" allowfullscreen><\/iframe><\/div>\n<p><span class=\"fsl\"><span class=\"text_exposed_show\"><br \/>\nWas w\u00e4re ein Celtic-Abend ohne Session? Wir verwandeln die Alte Kaserne in ein Pub und lassen unsere Session-Musiker vor und nach dem Konzert musizieren. Jede und jeder darf mitspielen.<br \/>\nAlso: Fiddle &amp; Co. eingepackt und los geht\u2019s!<\/span><\/span><\/p>\n<p>Fragen zu den Sessions? Meldet euch bitte direkt bei Rose: info@irishevents.ch<\/p>\n<p>Tickets kaufen im Vorverkauf bei <a href=\"https:\/\/www.starticket.ch\/de\/tickets\/shirley-grimes-band-20160226-2030-alte-kaserne-winterthur\" target=\"_blank\" rel=\"noopener noreferrer\">Starticket<\/a>.<\/p>\n<p><a href=\"http:\/\/www.shirleygrimes.com\" target=\"_blank\" rel=\"noopener noreferrer\">www.shirleygrimes.com<\/a><\/p>\n<p><a href=\"http:\/\/www.facebook.com\/shirleygrimesmusic\" target=\"_blank\" rel=\"noopener noreferrer\">www.facebook.com\/shirleygrimesmusic<\/a><\/p>\n","protected":false},"excerpt":{"rendered":"<p>Freitag, 26.2.2016 \u00abLovesongs\u00bb &#8211; Irish Folk Konzert: 20:30 T\u00fcr\u00f6ffnung und Session ab 19:30 Nach einer langen Reise kehrt Shirley Grimes zu ihren musikalischen Wurzeln zur\u00fcck \u2013 zum echten, urspr\u00fcnglichen Irish Folk, zu seinen Geschichten von Sehnsucht, Hoffnung und unerf\u00fcllter Liebe. Seit ihrem letzten Album verbindet die in Bern lebende Irin traditionelle Celtic Music mit zeitgen\u00f6ssischem &hellip; <a href=\"https:\/\/www.celtic-concerts-sessions.ch\/news\/konzertarchiv\/shirley-grimes-band\/\" class=\"more-link\"><span class=\"screen-reader-text\">\u201eShirley Grimes &#038; Band (CH)\u201c<\/span> weiterlesen<\/a><\/p>\n","protected":false},"author":1,"featured_media":2575,"parent":2689,"menu_order":0,"comment_status":"closed","ping_status":"closed","template":"","meta":{"jetpack_post_was_ever_published":false,"footnotes":""},"class_list":["post-2567","page","type-page","status-publish","has-post-thumbnail","hentry"],"jetpack_sharing_enabled":true,"jetpack_shortlink":"https:\/\/wp.me\/P9oLVZ-Fp","jetpack_likes_enabled":true,"jetpack-related-posts":[],"_links":{"self":[{"href":"https:\/\/www.celtic-concerts-sessions.ch\/news\/wp-json\/wp\/v2\/pages\/2567","targetHints":{"allow":["GET"]}}],"collection":[{"href":"https:\/\/www.celtic-concerts-sessions.ch\/news\/wp-json\/wp\/v2\/pages"}],"about":[{"href":"https:\/\/www.celtic-concerts-sessions.ch\/news\/wp-json\/wp\/v2\/types\/page"}],"author":[{"embeddable":true,"href":"https:\/\/www.celtic-concerts-sessions.ch\/news\/wp-json\/wp\/v2\/users\/1"}],"replies":[{"embeddable":true,"href":"https:\/\/www.celtic-concerts-sessions.ch\/news\/wp-json\/wp\/v2\/comments?post=2567"}],"version-history":[{"count":12,"href":"https:\/\/www.celtic-concerts-sessions.ch\/news\/wp-json\/wp\/v2\/pages\/2567\/revisions"}],"predecessor-version":[{"id":2889,"href":"https:\/\/www.celtic-concerts-sessions.ch\/news\/wp-json\/wp\/v2\/pages\/2567\/revisions\/2889"}],"up":[{"embeddable":true,"href":"https:\/\/www.celtic-concerts-sessions.ch\/news\/wp-json\/wp\/v2\/pages\/2689"}],"wp:featuredmedia":[{"embeddable":true,"href":"https:\/\/www.celtic-concerts-sessions.ch\/news\/wp-json\/wp\/v2\/media\/2575"}],"wp:attachment":[{"href":"https:\/\/www.celtic-concerts-sessions.ch\/news\/wp-json\/wp\/v2\/media?parent=2567"}],"curies":[{"name":"wp","href":"https:\/\/api.w.org\/{rel}","templated":true}]}}