{"id":2532,"date":"2016-01-16T04:38:17","date_gmt":"2016-01-16T04:38:17","guid":{"rendered":"http:\/\/www.celtic-concerts-sessions.ch\/news\/?page_id=2532"},"modified":"2026-04-12T16:48:19","modified_gmt":"2026-04-12T16:48:19","slug":"my-front-page","status":"publish","type":"page","link":"https:\/\/www.celtic-concerts-sessions.ch\/news\/","title":{"rendered":"Herzlich willkommen!"},"content":{"rendered":"\n<p>Vielen Dank an alle Besucherinnen und Besucher der Konzerte in der Saison 2025\/2026. Es hat uns sehr gefreut, dass so viele G\u00e4ste den Weg in die Alte Kaserne gefunden haben. Die vielen positiven R\u00fcckmeldungen und die tolle Stimmung w\u00e4hrend den Konzerten motivieren uns, weiterhin Konzerte f\u00fcr Sie zu organisieren. <\/p>\n\n\n\n<p>Herzlichen Dank! <\/p>\n\n\n\n<h3 class=\"wp-block-heading\">Ausblick 2026 \/ 2027<\/h3>\n\n\n\n<p>Bereits jetzt k\u00f6nnen wir Ihnen Konzerte f\u00fcr die Saison 26\/27 best\u00e4tigen:<\/p>\n\n\n\n<p>Sa, 26.09.2026: Scottish Colours &#8211; April Verch &amp; Cody Walter (CAN\/USA) \/ Paul McKenna &nbsp;&amp; Robbie Grieg (SCO)<br>Sa, 28.11.2026: Irish Christmas &#8211; Cassie &amp; Maggie MacDonald (CAN) &amp; Laoise Kelly (IRL) &amp; The McGoldrick Family (IRL)<br>So, 17.01.2027 im Theater am Gleis Winterthur: John McCusker Trio (SCO)<br>Sa, 13.03.2027: Young Scots Trad Awards Winner<br>Sa, 29.05.2027: Luka Bloom (IRL)<\/p>\n\n\n\n<p>Beste Gr\u00fcsse aus Winterthur<br>Team CELTIC und Team Alte Kaserne<\/p>\n\n\n\n<p>***<br>Wenn Sie automatisch \u00fcber weitere Konzerte informiert sein wollen, d\u00fcrfen Sie sich gerne f\u00fcr den <a href=\"http:\/\/eepurl.com\/djERDL\" target=\"_blank\" rel=\"noopener noreferrer\">Newsletter anmelden<\/a>.<\/p>\n\n\n\n<p><\/p>\n","protected":false},"excerpt":{"rendered":"<p>Vielen Dank an alle Besucherinnen und Besucher der Konzerte in der Saison 2025\/2026. Es hat uns sehr gefreut, dass so viele G\u00e4ste den Weg in die Alte Kaserne gefunden haben. Die vielen positiven R\u00fcckmeldungen und die tolle Stimmung w\u00e4hrend den Konzerten motivieren uns, weiterhin Konzerte f\u00fcr Sie zu organisieren. Herzlichen Dank! Ausblick 2026 \/ 2027 &hellip; <a href=\"https:\/\/www.celtic-concerts-sessions.ch\/news\/\" class=\"more-link\"><span class=\"screen-reader-text\">\u201eHerzlich willkommen!\u201c<\/span> weiterlesen<\/a><\/p>\n","protected":false},"author":1,"featured_media":2597,"parent":0,"menu_order":0,"comment_status":"closed","ping_status":"closed","template":"","meta":{"jetpack_post_was_ever_published":true,"footnotes":""},"class_list":["post-2532","page","type-page","status-publish","has-post-thumbnail","hentry"],"jetpack_sharing_enabled":true,"jetpack_shortlink":"https:\/\/wp.me\/P9oLVZ-EQ","jetpack_likes_enabled":true,"jetpack-related-posts":[],"_links":{"self":[{"href":"https:\/\/www.celtic-concerts-sessions.ch\/news\/wp-json\/wp\/v2\/pages\/2532","targetHints":{"allow":["GET"]}}],"collection":[{"href":"https:\/\/www.celtic-concerts-sessions.ch\/news\/wp-json\/wp\/v2\/pages"}],"about":[{"href":"https:\/\/www.celtic-concerts-sessions.ch\/news\/wp-json\/wp\/v2\/types\/page"}],"author":[{"embeddable":true,"href":"https:\/\/www.celtic-concerts-sessions.ch\/news\/wp-json\/wp\/v2\/users\/1"}],"replies":[{"embeddable":true,"href":"https:\/\/www.celtic-concerts-sessions.ch\/news\/wp-json\/wp\/v2\/comments?post=2532"}],"version-history":[{"count":160,"href":"https:\/\/www.celtic-concerts-sessions.ch\/news\/wp-json\/wp\/v2\/pages\/2532\/revisions"}],"predecessor-version":[{"id":3895,"href":"https:\/\/www.celtic-concerts-sessions.ch\/news\/wp-json\/wp\/v2\/pages\/2532\/revisions\/3895"}],"wp:featuredmedia":[{"embeddable":true,"href":"https:\/\/www.celtic-concerts-sessions.ch\/news\/wp-json\/wp\/v2\/media\/2597"}],"wp:attachment":[{"href":"https:\/\/www.celtic-concerts-sessions.ch\/news\/wp-json\/wp\/v2\/media?parent=2532"}],"curies":[{"name":"wp","href":"https:\/\/api.w.org\/{rel}","templated":true}]}}