{"id":2,"date":"2015-12-14T22:01:45","date_gmt":"2015-12-14T22:01:45","guid":{"rendered":"http:\/\/www.celtic-concerts-sessions.ch\/news\/?page_id=2"},"modified":"2017-01-30T17:55:00","modified_gmt":"2017-01-30T17:55:00","slug":"about","status":"publish","type":"page","link":"https:\/\/www.celtic-concerts-sessions.ch\/news\/about\/","title":{"rendered":"About"},"content":{"rendered":"<p>Der Verein &#8222;Celtic Sessions Winterthur&#8220; wurde Ende 2015 eigenes f\u00fcr diese Konzertreihe gegr\u00fcndet.<\/p>\n<p>CELTIC in der Presse:<br \/>\nZ\u00fcriost\/Stadtanzeiger (29.1.2017): <a href=\"http:\/\/zueriost.ch\/bezirk-winterthur\/winterthur\/irische-musiker-verzauberten-winterthur\/593011\">Irische Musiker verzaubern Winterthur<\/a><br \/>\nLandbote (30.1.2017): <a href=\"https:\/\/www.dropbox.com\/s\/pyjkt7tf6k1w8oe\/Songs-from_Ireland_2017_01_27.jpg?dl=0\">Der K\u00f6nig der irischen Musik<\/a><br \/>\nWinterthurer Stadtanzeiger (13.10.2016): <a href=\"https:\/\/www.dropbox.com\/s\/a2rxvvcmvnhbx16\/Scottish%20Folk%20Night%20-%20Stadtanzeiger%20-%202016-10-13.jpg?dl=0\" target=\"_blank\">Keltische Musik l\u00e4dt zum Tanz<\/a><br \/>\nWinterthurer Zeitung (12.10.2016): <a href=\"https:\/\/www.dropbox.com\/s\/c58cbbx3xfrhtqp\/Scottish%20Folk%20Night%20-%20Winterthurer%20Zeitung%20-%202016-10-12.jpg?dl=0\" target=\"_blank\">Scottish-Feeling in Winti<\/a><br \/>\nWinterthurer Stadtanzeiger (16.02.2016): <a href=\"https:\/\/www.dropbox.com\/s\/9lsdj1fihtyr3cb\/Artikel_Stadtanzeiger_2016_02_16.jpg?dl=0\" target=\"_blank\">Interview zur Premiere<\/a><br \/>\nZ\u00fcrcher Unterl\u00e4nder (13.02.2016): <a href=\"https:\/\/www.dropbox.com\/s\/o6mq5cqagvu5lz8\/Artikel_z%C3%BCrichunterl%C3%A4nder_2016_02.jpg?dl=0\" target=\"_blank\">Interview mit Shirley Grimes<\/a><\/p>\n","protected":false},"excerpt":{"rendered":"<p>Der Verein &#8222;Celtic Sessions Winterthur&#8220; wurde Ende 2015 eigenes f\u00fcr diese Konzertreihe gegr\u00fcndet. CELTIC in der Presse: Z\u00fcriost\/Stadtanzeiger (29.1.2017): Irische Musiker verzaubern Winterthur Landbote (30.1.2017): Der K\u00f6nig der irischen Musik Winterthurer Stadtanzeiger (13.10.2016): Keltische Musik l\u00e4dt zum Tanz Winterthurer Zeitung (12.10.2016): Scottish-Feeling in Winti Winterthurer Stadtanzeiger (16.02.2016): Interview zur Premiere Z\u00fcrcher Unterl\u00e4nder (13.02.2016): Interview mit &hellip; <a href=\"https:\/\/www.celtic-concerts-sessions.ch\/news\/about\/\" class=\"more-link\"><span class=\"screen-reader-text\">\u201eAbout\u201c<\/span> weiterlesen<\/a><\/p>\n","protected":false},"author":1,"featured_media":0,"parent":0,"menu_order":0,"comment_status":"open","ping_status":"open","template":"","meta":{"jetpack_post_was_ever_published":false,"footnotes":""},"class_list":["post-2","page","type-page","status-publish","hentry"],"jetpack_sharing_enabled":true,"jetpack_shortlink":"https:\/\/wp.me\/P9oLVZ-2","jetpack_likes_enabled":true,"jetpack-related-posts":[],"_links":{"self":[{"href":"https:\/\/www.celtic-concerts-sessions.ch\/news\/wp-json\/wp\/v2\/pages\/2","targetHints":{"allow":["GET"]}}],"collection":[{"href":"https:\/\/www.celtic-concerts-sessions.ch\/news\/wp-json\/wp\/v2\/pages"}],"about":[{"href":"https:\/\/www.celtic-concerts-sessions.ch\/news\/wp-json\/wp\/v2\/types\/page"}],"author":[{"embeddable":true,"href":"https:\/\/www.celtic-concerts-sessions.ch\/news\/wp-json\/wp\/v2\/users\/1"}],"replies":[{"embeddable":true,"href":"https:\/\/www.celtic-concerts-sessions.ch\/news\/wp-json\/wp\/v2\/comments?post=2"}],"version-history":[{"count":12,"href":"https:\/\/www.celtic-concerts-sessions.ch\/news\/wp-json\/wp\/v2\/pages\/2\/revisions"}],"predecessor-version":[{"id":2651,"href":"https:\/\/www.celtic-concerts-sessions.ch\/news\/wp-json\/wp\/v2\/pages\/2\/revisions\/2651"}],"wp:attachment":[{"href":"https:\/\/www.celtic-concerts-sessions.ch\/news\/wp-json\/wp\/v2\/media?parent=2"}],"curies":[{"name":"wp","href":"https:\/\/api.w.org\/{rel}","templated":true}]}}